{"id":127,"date":"2018-12-04T12:07:42","date_gmt":"2018-12-04T12:07:42","guid":{"rendered":"https:\/\/www.koenig-sylt.de\/immobilien\/?page_id=127"},"modified":"2026-01-08T11:47:21","modified_gmt":"2026-01-08T10:47:21","slug":"widerrufsbelehrung","status":"publish","type":"page","link":"https:\/\/www.koenig-sylt.de\/immobilien\/widerrufsbelehrung\/","title":{"rendered":"Widerrufsbelehrung"},"content":{"rendered":"\t\t<div data-elementor-type=\"wp-post\" data-elementor-id=\"127\" data-post-id=\"127\" data-obj-id=\"127\" class=\"elementor elementor-127 dce-elementor-post-127\">\n\t\t\t\t\t\t<div class=\"elementor-inner\">\n\t\t\t\t<div class=\"elementor-section-wrap\">\n\t\t\t\t\t\t\t\t\t<section class=\"elementor-section elementor-top-section elementor-element elementor-element-d6835bf elementor-section-boxed elementor-section-height-default elementor-section-height-default\" data-id=\"d6835bf\" data-element_type=\"section\">\n\t\t\t\t\t\t<div class=\"elementor-container elementor-column-gap-default\">\n\t\t\t\t\t\t\t<div class=\"elementor-row\">\n\t\t\t\t\t<div class=\"elementor-column elementor-col-100 elementor-top-column elementor-element elementor-element-de5d9fe\" data-id=\"de5d9fe\" data-element_type=\"column\">\n\t\t\t<div class=\"elementor-column-wrap elementor-element-populated\">\n\t\t\t\t\t\t\t<div class=\"elementor-widget-wrap\">\n\t\t\t\t\t\t<div class=\"elementor-element elementor-element-c7cbe7a elementor-widget elementor-widget-text-editor\" data-id=\"c7cbe7a\" data-element_type=\"widget\" data-widget_type=\"text-editor.default\">\n\t\t\t\t<div class=\"elementor-widget-container\">\n\t\t\t\t\t\t\t\t<div class=\"elementor-text-editor elementor-clearfix\">\n\t\t\t\t<section>\n<h1>Widerrufsbelehrung<\/h1>\n<p style=\"text-align: start;\" data-start=\"699\" data-end=\"797\">\n<\/p><h6><span style=\"font-size: medium;\">Widerrufsrecht<\/span><\/h6>\n<p><span style=\"font-size: medium;\">Sie haben das Recht, binnen vierzehn Tagen ohne Angabe von Gr\u00fcnden diesen Vertrag zu widerrufen.&nbsp;<\/span><span style=\"text-align: start;\">Die Widerrufsfrist betr\u00e4gt vierzehn Tage ab dem Tag des Vertragsabschlusses.&nbsp;<\/span><span style=\"text-align: start;\">Um Ihr Widerrufsrecht auszu\u00fcben, m\u00fcssen Sie uns<\/span><\/p>\n<p><\/p>\n<p style=\"font-size: medium; text-align: start;\" data-start=\"945\" data-end=\"1103\"><strong data-start=\"945\" data-end=\"984\">K\u00f6nig Immobilien Sylt GmbH &amp; Co. KG<\/strong><br data-start=\"984\" data-end=\"987\">Dr.-Ross-Str. 34<br data-start=\"1005\" data-end=\"1008\">25980 Sylt \/ OT Westerland<br data-start=\"1036\" data-end=\"1039\">Telefon: 04651 9959240<br data-start=\"1063\" data-end=\"1066\">E-Mail: <a rel=\"noopener\" data-start=\"1076\" data-end=\"1101\">immobilien@koenig-sylt.de<\/a><\/p>\n<p style=\"font-size: medium; text-align: start;\" data-start=\"1110\" data-end=\"1267\">mittels einer eindeutigen Erkl\u00e4rung (z. B. ein mit der Post versandter Brief oder E-Mail) \u00fcber Ihren Entschluss, diesen Vertrag zu widerrufen, informieren.&nbsp;<span style=\"text-align: start;\">Sie k\u00f6nnen daf\u00fcr das beigef\u00fcgte <\/span><span style=\"text-align: start; background-color: rgb(255, 255, 255);\"><a href=\"https:\/\/www.koenig-sylt.de\/immobilien\/wp-content\/uploads\/2026\/01\/KIS_Wiederrufsbelehrung.pdf\" class=\"broken_link\">Muster-Widerrufsformular<\/a><\/span><span style=\"text-align: start;\"> verwenden, das jedoch nicht vorgeschrieben ist.&nbsp;<\/span><span style=\"text-align: start; font-size: 15px;\">Zur Wahrung der Widerrufsfrist reicht es aus, dass Sie die Mitteilung \u00fcber die Aus\u00fcbung des Widerrufsrechts vor Ablauf der Widerrufsfrist absenden.<\/span><\/p>\n<p><\/p>\n<h6>Folgen des Widerrufs<\/h6>\n<p data-start=\"1670\" data-end=\"1933\">Wenn Sie diesen Vertrag widerrufen, haben wir Ihnen alle Zahlungen, die wir von Ihnen erhalten haben, unverz\u00fcglich und sp\u00e4testens binnen vierzehn Tagen ab dem Tag zur\u00fcckzuzahlen, an dem die Mitteilung \u00fcber Ihren Widerruf dieses Vertrags bei uns eingegangen ist. F\u00fcr diese R\u00fcckzahlung verwenden wir dasselbe Zahlungsmittel, das Sie bei der urspr\u00fcnglichen Transaktion eingesetzt haben, es sei denn, mit Ihnen wurde ausdr\u00fccklich etwas anderes vereinbart. In keinem Fall werden Ihnen wegen dieser R\u00fcckzahlung Entgelte berechnet. Haben Sie verlangt, dass wir mit der Ausf\u00fchrung der Dienstleistung w\u00e4hrend der Widerrufsfrist beginnen, so haben Sie uns einen angemessenen Betrag zu zahlen. Dieser entspricht dem Anteil der bis zu dem Zeitpunkt, zu dem Sie uns von der Aus\u00fcbung des Widerrufsrechts unterrichten, bereits erbrachten Dienstleistungen im Vergleich zum Gesamtumfang der im Vertrag vorgesehenen Dienstleistungen.<\/p>\n<p data-start=\"2794\" data-end=\"2829\"><span data-start=\"2794\" data-end=\"2827\"><b>Erl\u00f6schen des Widerrufsrechts<br><\/b><\/span>Das Widerrufsrecht erlischt, wenn wir die geschuldete Dienstleistung vollst\u00e4ndig erbracht haben und Sie zuvor ausdr\u00fccklich zugestimmt haben, dass wir mit der Ausf\u00fchrung der Dienstleistung vor Ablauf der Widerrufsfrist beginnen, und Sie gleichzeitig Ihre Kenntnis davon best\u00e4tigt haben, dass Sie Ihr Widerrufsrecht bei vollst\u00e4ndiger Vertragserf\u00fcllung durch uns verlieren.<\/p>\n<h6>Vorzeitige T\u00e4tigkeit<\/h6>\n<p>Wenn Sie m\u00f6chten, dass wir Ihr Anliegen umgehend bearbeiten und vor Ablauf der Widerrufsfrist mit der Ausf\u00fchrung der beauftragten Maklerleistung beginnen,&nbsp;f\u00fcllen Sie bitte <a href=\"https:\/\/www.koenig-sylt.de\/immobilien\/wp-content\/uploads\/2026\/01\/KIS_Wiederrufsbelehrung.pdf\" class=\"broken_link\">dieses Formular<\/a>&nbsp;aus und senden es an uns.&nbsp;Bei vollst\u00e4ndiger Vertragserf\u00fcllung durch K\u00f6nig Immobilien Sylt GmbH &amp; Co. KG verlieren Sie Ihr Widerrufsrecht.<\/p>\n<\/section>\t\t\t\t\t<\/div>\n\t\t\t\t\t\t<\/div>\n\t\t\t\t<\/div>\n\t\t\t\t\t\t<\/div>\n\t\t\t\t\t<\/div>\n\t\t<\/div>\n\t\t\t\t\t\t\t\t<\/div>\n\t\t\t\t\t<\/div>\n\t\t<\/section>\n\t\t\t\t\t\t\t\t\t<\/div>\n\t\t\t<\/div>\n\t\t\t\t\t<\/div>\n\t\t","protected":false},"excerpt":{"rendered":"Widerrufsbelehrung Widerrufsrecht Sie haben das Recht, binnen vierzehn Tagen ohne Angabe von [&hellip;]","protected":false},"author":1,"featured_media":0,"parent":0,"menu_order":0,"comment_status":"closed","ping_status":"closed","template":"","meta":{"footnotes":""},"class_list":["post-127","page","type-page","status-publish","hentry"],"acf":[],"yoast_head":"<!-- This site is optimized with the Yoast SEO plugin v27.3 - https:\/\/yoast.com\/product\/yoast-seo-wordpress\/ -->\n<title>Widerrufsbelehrung - K\u00f6nig Immobilien<\/title>\n<meta name=\"description\" content=\"Widerrufsbelehrung von K\u00f6nig Immobilien - Die Widerrufsfrist betr\u00e4gt vierzehn Tage ab dem Tag des Vertragsabschlusses.\" \/>\n<meta name=\"robots\" content=\"index, follow, max-snippet:-1, max-image-preview:large, max-video-preview:-1\" \/>\n<link rel=\"canonical\" href=\"https:\/\/www.koenig-sylt.de\/immobilien\/widerrufsbelehrung\/\" \/>\n<meta property=\"og:locale\" content=\"de_DE\" \/>\n<meta property=\"og:type\" content=\"article\" \/>\n<meta property=\"og:title\" content=\"Widerrufsbelehrung - K\u00f6nig Immobilien\" \/>\n<meta property=\"og:description\" content=\"Widerrufsbelehrung von K\u00f6nig Immobilien - Die Widerrufsfrist betr\u00e4gt vierzehn Tage ab dem Tag des Vertragsabschlusses.\" \/>\n<meta property=\"og:url\" content=\"https:\/\/www.koenig-sylt.de\/immobilien\/widerrufsbelehrung\/\" \/>\n<meta property=\"og:site_name\" content=\"K\u00f6nig Immobilien\" \/>\n<meta property=\"article:modified_time\" content=\"2026-01-08T10:47:21+00:00\" \/>\n<meta name=\"twitter:card\" content=\"summary_large_image\" \/>\n<meta name=\"twitter:label1\" content=\"Gesch\u00e4tzte Lesezeit\" \/>\n\t<meta name=\"twitter:data1\" content=\"2\u00a0Minuten\" \/>\n<script type=\"application\/ld+json\" class=\"yoast-schema-graph\">{\"@context\":\"https:\\\/\\\/schema.org\",\"@graph\":[{\"@type\":\"WebPage\",\"@id\":\"https:\\\/\\\/www.koenig-sylt.de\\\/immobilien\\\/widerrufsbelehrung\\\/\",\"url\":\"https:\\\/\\\/www.koenig-sylt.de\\\/immobilien\\\/widerrufsbelehrung\\\/\",\"name\":\"Widerrufsbelehrung - K\u00f6nig Immobilien\",\"isPartOf\":{\"@id\":\"https:\\\/\\\/www.koenig-sylt.de\\\/immobilien\\\/#website\"},\"datePublished\":\"2018-12-04T12:07:42+00:00\",\"dateModified\":\"2026-01-08T10:47:21+00:00\",\"description\":\"Widerrufsbelehrung von K\u00f6nig Immobilien - Die Widerrufsfrist betr\u00e4gt vierzehn Tage ab dem Tag des Vertragsabschlusses.\",\"breadcrumb\":{\"@id\":\"https:\\\/\\\/www.koenig-sylt.de\\\/immobilien\\\/widerrufsbelehrung\\\/#breadcrumb\"},\"inLanguage\":\"de\",\"potentialAction\":[{\"@type\":\"ReadAction\",\"target\":[\"https:\\\/\\\/www.koenig-sylt.de\\\/immobilien\\\/widerrufsbelehrung\\\/\"]}]},{\"@type\":\"BreadcrumbList\",\"@id\":\"https:\\\/\\\/www.koenig-sylt.de\\\/immobilien\\\/widerrufsbelehrung\\\/#breadcrumb\",\"itemListElement\":[{\"@type\":\"ListItem\",\"position\":1,\"name\":\"Startseite\",\"item\":\"https:\\\/\\\/www.koenig-sylt.de\\\/immobilien\\\/\"},{\"@type\":\"ListItem\",\"position\":2,\"name\":\"Widerrufsbelehrung\"}]},{\"@type\":\"WebSite\",\"@id\":\"https:\\\/\\\/www.koenig-sylt.de\\\/immobilien\\\/#website\",\"url\":\"https:\\\/\\\/www.koenig-sylt.de\\\/immobilien\\\/\",\"name\":\"K\u00f6nig Immobilien\",\"description\":\"Immobilienmakler Sylt\",\"publisher\":{\"@id\":\"https:\\\/\\\/www.koenig-sylt.de\\\/immobilien\\\/#organization\"},\"potentialAction\":[{\"@type\":\"SearchAction\",\"target\":{\"@type\":\"EntryPoint\",\"urlTemplate\":\"https:\\\/\\\/www.koenig-sylt.de\\\/immobilien\\\/?s={search_term_string}\"},\"query-input\":{\"@type\":\"PropertyValueSpecification\",\"valueRequired\":true,\"valueName\":\"search_term_string\"}}],\"inLanguage\":\"de\"},{\"@type\":\"Organization\",\"@id\":\"https:\\\/\\\/www.koenig-sylt.de\\\/immobilien\\\/#organization\",\"name\":\"K\u00f6nig Immobilien\",\"url\":\"https:\\\/\\\/www.koenig-sylt.de\\\/immobilien\\\/\",\"logo\":{\"@type\":\"ImageObject\",\"inLanguage\":\"de\",\"@id\":\"https:\\\/\\\/www.koenig-sylt.de\\\/immobilien\\\/#\\\/schema\\\/logo\\\/image\\\/\",\"url\":\"https:\\\/\\\/www.koenig-sylt.de\\\/immobilien\\\/wp-content\\\/uploads\\\/2025\\\/11\\\/KOE_Immobilien_Logo_quer_RGB.png\",\"contentUrl\":\"https:\\\/\\\/www.koenig-sylt.de\\\/immobilien\\\/wp-content\\\/uploads\\\/2025\\\/11\\\/KOE_Immobilien_Logo_quer_RGB.png\",\"width\":57,\"height\":57,\"caption\":\"K\u00f6nig Immobilien\"},\"image\":{\"@id\":\"https:\\\/\\\/www.koenig-sylt.de\\\/immobilien\\\/#\\\/schema\\\/logo\\\/image\\\/\"}}]}<\/script>\n<!-- \/ Yoast SEO plugin. -->","yoast_head_json":{"title":"Widerrufsbelehrung - K\u00f6nig Immobilien","description":"Widerrufsbelehrung von K\u00f6nig Immobilien - Die Widerrufsfrist betr\u00e4gt vierzehn Tage ab dem Tag des Vertragsabschlusses.","robots":{"index":"index","follow":"follow","max-snippet":"max-snippet:-1","max-image-preview":"max-image-preview:large","max-video-preview":"max-video-preview:-1"},"canonical":"https:\/\/www.koenig-sylt.de\/immobilien\/widerrufsbelehrung\/","og_locale":"de_DE","og_type":"article","og_title":"Widerrufsbelehrung - K\u00f6nig Immobilien","og_description":"Widerrufsbelehrung von K\u00f6nig Immobilien - Die Widerrufsfrist betr\u00e4gt vierzehn Tage ab dem Tag des Vertragsabschlusses.","og_url":"https:\/\/www.koenig-sylt.de\/immobilien\/widerrufsbelehrung\/","og_site_name":"K\u00f6nig Immobilien","article_modified_time":"2026-01-08T10:47:21+00:00","twitter_card":"summary_large_image","twitter_misc":{"Gesch\u00e4tzte Lesezeit":"2\u00a0Minuten"},"schema":{"@context":"https:\/\/schema.org","@graph":[{"@type":"WebPage","@id":"https:\/\/www.koenig-sylt.de\/immobilien\/widerrufsbelehrung\/","url":"https:\/\/www.koenig-sylt.de\/immobilien\/widerrufsbelehrung\/","name":"Widerrufsbelehrung - K\u00f6nig Immobilien","isPartOf":{"@id":"https:\/\/www.koenig-sylt.de\/immobilien\/#website"},"datePublished":"2018-12-04T12:07:42+00:00","dateModified":"2026-01-08T10:47:21+00:00","description":"Widerrufsbelehrung von K\u00f6nig Immobilien - Die Widerrufsfrist betr\u00e4gt vierzehn Tage ab dem Tag des Vertragsabschlusses.","breadcrumb":{"@id":"https:\/\/www.koenig-sylt.de\/immobilien\/widerrufsbelehrung\/#breadcrumb"},"inLanguage":"de","potentialAction":[{"@type":"ReadAction","target":["https:\/\/www.koenig-sylt.de\/immobilien\/widerrufsbelehrung\/"]}]},{"@type":"BreadcrumbList","@id":"https:\/\/www.koenig-sylt.de\/immobilien\/widerrufsbelehrung\/#breadcrumb","itemListElement":[{"@type":"ListItem","position":1,"name":"Startseite","item":"https:\/\/www.koenig-sylt.de\/immobilien\/"},{"@type":"ListItem","position":2,"name":"Widerrufsbelehrung"}]},{"@type":"WebSite","@id":"https:\/\/www.koenig-sylt.de\/immobilien\/#website","url":"https:\/\/www.koenig-sylt.de\/immobilien\/","name":"K\u00f6nig Immobilien","description":"Immobilienmakler Sylt","publisher":{"@id":"https:\/\/www.koenig-sylt.de\/immobilien\/#organization"},"potentialAction":[{"@type":"SearchAction","target":{"@type":"EntryPoint","urlTemplate":"https:\/\/www.koenig-sylt.de\/immobilien\/?s={search_term_string}"},"query-input":{"@type":"PropertyValueSpecification","valueRequired":true,"valueName":"search_term_string"}}],"inLanguage":"de"},{"@type":"Organization","@id":"https:\/\/www.koenig-sylt.de\/immobilien\/#organization","name":"K\u00f6nig Immobilien","url":"https:\/\/www.koenig-sylt.de\/immobilien\/","logo":{"@type":"ImageObject","inLanguage":"de","@id":"https:\/\/www.koenig-sylt.de\/immobilien\/#\/schema\/logo\/image\/","url":"https:\/\/www.koenig-sylt.de\/immobilien\/wp-content\/uploads\/2025\/11\/KOE_Immobilien_Logo_quer_RGB.png","contentUrl":"https:\/\/www.koenig-sylt.de\/immobilien\/wp-content\/uploads\/2025\/11\/KOE_Immobilien_Logo_quer_RGB.png","width":57,"height":57,"caption":"K\u00f6nig Immobilien"},"image":{"@id":"https:\/\/www.koenig-sylt.de\/immobilien\/#\/schema\/logo\/image\/"}}]}},"_links":{"self":[{"href":"https:\/\/www.koenig-sylt.de\/immobilien\/wp-json\/wp\/v2\/pages\/127","targetHints":{"allow":["GET"]}}],"collection":[{"href":"https:\/\/www.koenig-sylt.de\/immobilien\/wp-json\/wp\/v2\/pages"}],"about":[{"href":"https:\/\/www.koenig-sylt.de\/immobilien\/wp-json\/wp\/v2\/types\/page"}],"author":[{"embeddable":true,"href":"https:\/\/www.koenig-sylt.de\/immobilien\/wp-json\/wp\/v2\/users\/1"}],"replies":[{"embeddable":true,"href":"https:\/\/www.koenig-sylt.de\/immobilien\/wp-json\/wp\/v2\/comments?post=127"}],"version-history":[{"count":19,"href":"https:\/\/www.koenig-sylt.de\/immobilien\/wp-json\/wp\/v2\/pages\/127\/revisions"}],"predecessor-version":[{"id":15965,"href":"https:\/\/www.koenig-sylt.de\/immobilien\/wp-json\/wp\/v2\/pages\/127\/revisions\/15965"}],"wp:attachment":[{"href":"https:\/\/www.koenig-sylt.de\/immobilien\/wp-json\/wp\/v2\/media?parent=127"}],"curies":[{"name":"wp","href":"https:\/\/api.w.org\/{rel}","templated":true}]}}