{"id":2531,"date":"2020-06-30T11:04:41","date_gmt":"2020-06-30T09:04:41","guid":{"rendered":"https:\/\/www.koenig-sylt.de\/immobilien\/?page_id=2531"},"modified":"2025-12-11T13:00:47","modified_gmt":"2025-12-11T12:00:47","slug":"finanzierung","status":"publish","type":"page","link":"https:\/\/www.koenig-sylt.de\/immobilien\/interessenten\/finanzierung\/","title":{"rendered":"Finanzierung"},"content":{"rendered":"\t\t<div data-elementor-type=\"wp-post\" data-elementor-id=\"2531\" data-post-id=\"2531\" data-obj-id=\"2531\" class=\"elementor elementor-2531 dce-elementor-post-2531\">\n\t\t\t\t\t\t<div class=\"elementor-inner\">\n\t\t\t\t<div class=\"elementor-section-wrap\">\n\t\t\t\t\t\t\t\t\t<section data-dce-background-overlay-color=\"#000000\" data-dce-background-image-url=\"https:\/\/www.koenig-sylt.de\/immobilien\/wp-content\/uploads\/2021\/04\/NIKL-2020-06-22-Meisenweg16-197.jpg\" class=\"elementor-section elementor-top-section elementor-element elementor-element-de08265 elementor-section-boxed elementor-section-height-default elementor-section-height-default\" data-id=\"de08265\" data-element_type=\"section\" data-settings=\"{&quot;background_background&quot;:&quot;classic&quot;}\">\n\t\t\t\t\t\t\t<div class=\"elementor-background-overlay\"><\/div>\n\t\t\t\t\t\t\t<div class=\"elementor-container elementor-column-gap-default\">\n\t\t\t\t\t\t\t<div class=\"elementor-row\">\n\t\t\t\t\t<div class=\"elementor-column elementor-col-100 elementor-top-column elementor-element elementor-element-754cc61c\" data-id=\"754cc61c\" data-element_type=\"column\">\n\t\t\t<div class=\"elementor-column-wrap elementor-element-populated\">\n\t\t\t\t\t\t\t<div class=\"elementor-widget-wrap\">\n\t\t\t\t\t\t<div class=\"elementor-element elementor-element-8cd050f elementor-widget elementor-widget-heading\" data-id=\"8cd050f\" data-element_type=\"widget\" data-widget_type=\"heading.default\">\n\t\t\t\t<div class=\"elementor-widget-container\">\n\t\t\t<h1 class=\"elementor-heading-title elementor-size-default\">Mit der richtigen Finanzierung <div> zu Ihrer Traumimmobilie. <\/div><\/h1>\t\t<\/div>\n\t\t\t\t<\/div>\n\t\t\t\t\t\t<\/div>\n\t\t\t\t\t<\/div>\n\t\t<\/div>\n\t\t\t\t\t\t\t\t<\/div>\n\t\t\t\t\t<\/div>\n\t\t<\/section>\n\t\t\t\t<section class=\"elementor-section elementor-top-section elementor-element elementor-element-6009a540 elementor-section-boxed elementor-section-height-default elementor-section-height-default\" data-id=\"6009a540\" data-element_type=\"section\">\n\t\t\t\t\t\t<div class=\"elementor-container elementor-column-gap-default\">\n\t\t\t\t\t\t\t<div class=\"elementor-row\">\n\t\t\t\t\t<div class=\"elementor-column elementor-col-100 elementor-top-column elementor-element elementor-element-428de420\" data-id=\"428de420\" data-element_type=\"column\">\n\t\t\t<div class=\"elementor-column-wrap elementor-element-populated\">\n\t\t\t\t\t\t\t<div class=\"elementor-widget-wrap\">\n\t\t\t\t\t\t<div class=\"elementor-element elementor-element-41639876 elementor-widget elementor-widget-heading\" data-id=\"41639876\" data-element_type=\"widget\" data-widget_type=\"heading.default\">\n\t\t\t\t<div class=\"elementor-widget-container\">\n\t\t\t<h2 class=\"elementor-heading-title elementor-size-default\">DIE SCH\u00d6NSTE<\/h2>\t\t<\/div>\n\t\t\t\t<\/div>\n\t\t\t\t<div class=\"elementor-element elementor-element-39915563 beon-h4 elementor-widget elementor-widget-heading\" data-id=\"39915563\" data-element_type=\"widget\" data-widget_type=\"heading.default\">\n\t\t\t\t<div class=\"elementor-widget-container\">\n\t\t\t<h2 class=\"elementor-heading-title elementor-size-default\">Investition Ihres Lebens.<\/h2>\t\t<\/div>\n\t\t\t\t<\/div>\n\t\t\t\t<div class=\"elementor-element elementor-element-65b30f3 elementor-widget elementor-widget-text-editor\" data-id=\"65b30f3\" data-element_type=\"widget\" data-widget_type=\"text-editor.default\">\n\t\t\t\t<div class=\"elementor-widget-container\">\n\t\t\t\t\t\t\t\t<div class=\"elementor-text-editor elementor-clearfix\">\n\t\t\t\t<p>Der <a href=\"https:\/\/www.koenig-sylt.de\/immobilien\/interessenten\/\" target=\"_blank\" rel=\"noopener\">Kauf<\/a> einer Immobilie stellt eine der gr\u00f6\u00dften finanziellen Investitionen im Leben dar. Haben Sie endlich Ihre <a href=\"https:\/\/www.koenig-sylt.de\/immobilien\/immobilien-sylt\/unsere-referenzen-auf-sylt\/\" target=\"_blank\" rel=\"noopener\">Traumimmobilie auf Sylt<\/a> gefunden, sollten Sie sich nicht direkt vom Kaufpreis abschrecken lassen. Sie k\u00f6nnen sich vertrauensvoll an uns als langj\u00e4hrigen Immobilienmakler auf Sylt wenden und gemeinsam mit unseren Experten nach einer L\u00f6sung suchen. Wir von K\u00f6nig Immobilien beraten Sie umfassend und stellen auf Wunsch den Kontakt zu einem passenden Finanzierungspartner her.<\/p>\t\t\t\t\t<\/div>\n\t\t\t\t\t\t<\/div>\n\t\t\t\t<\/div>\n\t\t\t\t\t\t<\/div>\n\t\t\t\t\t<\/div>\n\t\t<\/div>\n\t\t\t\t\t\t\t\t<\/div>\n\t\t\t\t\t<\/div>\n\t\t<\/section>\n\t\t\t\t<section class=\"elementor-section elementor-top-section elementor-element elementor-element-b7f0f2 mobil-padding-beon elementor-section-boxed elementor-section-height-default elementor-section-height-default\" data-id=\"b7f0f2\" data-element_type=\"section\">\n\t\t\t\t\t\t<div class=\"elementor-container elementor-column-gap-default\">\n\t\t\t\t\t\t\t<div class=\"elementor-row\">\n\t\t\t\t\t<div class=\"elementor-column elementor-col-100 elementor-top-column elementor-element elementor-element-25e8c775\" data-id=\"25e8c775\" data-element_type=\"column\">\n\t\t\t<div class=\"elementor-column-wrap elementor-element-populated\">\n\t\t\t\t\t\t\t<div class=\"elementor-widget-wrap\">\n\t\t\t\t\t\t<div class=\"elementor-element elementor-element-642750be elementor-widget elementor-widget-heading\" data-id=\"642750be\" data-element_type=\"widget\" data-widget_type=\"heading.default\">\n\t\t\t\t<div class=\"elementor-widget-container\">\n\t\t\t<h3 class=\"elementor-heading-title elementor-size-default\">GUTE PLANUNG IST ALLES<\/h3>\t\t<\/div>\n\t\t\t\t<\/div>\n\t\t\t\t<div class=\"elementor-element elementor-element-800d289 elementor-widget elementor-widget-text-editor\" data-id=\"800d289\" data-element_type=\"widget\" data-widget_type=\"text-editor.default\">\n\t\t\t\t<div class=\"elementor-widget-container\">\n\t\t\t\t\t\t\t\t<div class=\"elementor-text-editor elementor-clearfix\">\n\t\t\t\t<p>Die Finanzierung von Immobilien basiert in der Regel auf zwei S\u00e4ulen. Von Vorteil ist, wenn Sie bereits einen angemessenen Prozentsatz des Kaufpreises in Form von Eigenkapital erbringen k\u00f6nnen. Je mehr Eigenkapital Sie besitzen, umso weniger m\u00fcssen Sie \u00fcber einen Kredit finanzieren. In der Vergangenheit war eine gewisse Eigenkapitalquote sogar die Voraussetzung daf\u00fcr, dass Sie \u00fcberhaupt einen Immobilienkredit von einer Bank erhalten haben. Das hat sich grundlegend ge\u00e4ndert, denn viele Banken sind dazu \u00fcbergegangen, Immobilienkredite mit einer sehr geringen Eigenkapitalquote oder sogar g\u00e4nzlich ohne Eigenkapital zu bewilligen. Die Voraussetzung ist, dass Sie \u00fcber einen unbefristeten Arbeitsvertrag sowie \u00fcber ein hohes Einkommen verf\u00fcgen. Interessieren Sie sich f\u00fcr solch eine Finanzierungsl\u00f6sung, sollten Sie in jedem Falle gut planen und \u00fcber ein ausreichendes Polster f\u00fcr unvorhergesehene Ausgaben verf\u00fcgen.<\/p>\t\t\t\t\t<\/div>\n\t\t\t\t\t\t<\/div>\n\t\t\t\t<\/div>\n\t\t\t\t<div class=\"elementor-element elementor-element-b76cfdd elementor-widget elementor-widget-heading\" data-id=\"b76cfdd\" data-element_type=\"widget\" data-widget_type=\"heading.default\">\n\t\t\t\t<div class=\"elementor-widget-container\">\n\t\t\t<h3 class=\"elementor-heading-title elementor-size-default\">FINANZIERUNG IHRER WUNSCHIMMOBILIE AUF SYLT<\/h3>\t\t<\/div>\n\t\t\t\t<\/div>\n\t\t\t\t<div class=\"elementor-element elementor-element-5b4a683 elementor-widget elementor-widget-text-editor\" data-id=\"5b4a683\" data-element_type=\"widget\" data-widget_type=\"text-editor.default\">\n\t\t\t\t<div class=\"elementor-widget-container\">\n\t\t\t\t\t\t\t\t<div class=\"elementor-text-editor elementor-clearfix\">\n\t\t\t\t<p><span style=\"font-size: 15px;\">Wir wissen, dass eine gute Finanzierung das A und O ist, wenn Sie sich Ihren Traum von einer eigenen <a href=\"https:\/\/www.koenig-sylt.de\/immobilien\/immobiliensuche-auf-sylt\/\" target=\"_blank\" rel=\"noopener\">Immobilie auf Sylt<\/a> erf\u00fcllen m\u00f6chten. Aus diesem Grunde nehmen sich unsere Partner viel Zeit f\u00fcr Sie und zeigen Ihnen alle M\u00f6glichkeiten auf, denn Finanzierung ist nicht gleich Finanzierung. Selbst wenn es sich um die gleiche Kreditsumme handelt, kann es sehr gro\u00dfe Unterschiede bei den einzelnen Anbietern geben. Zinsen, Nebenkosten, Laufzeiten und Finanzierungsform haben einen wesentlichen Einfluss darauf, welchen Geldbetrag Sie insgesamt zur\u00fcckzahlen m\u00fcssen. Ein Vergleich ist daher unabdingbar. Wir wissen, worauf es ankommt und unterst\u00fctzen Sie umfassend. So k\u00f6nnen wir nicht nur diverse Angebote vergleichen, sondern auch den Kontakt zu verschiedenen Finanzierungspartnern &#8211; z.B. <a href=\"https:\/\/syltfinanz.com\/\" target=\"_blank\" rel=\"noopener\">Sylt Finanz<\/a> &#8211; herstellen, die Ihre Kredite zu unterschiedlichen Konditionen zur Verf\u00fcgung stellen. Es kommt allerdings darauf an, dass Sie die entsprechenden Voraussetzungen erf\u00fcllen. Dazu geh\u00f6ren insbesondere ein festes Einkommen und eine gute Bonit\u00e4t.<\/span><\/p>\t\t\t\t\t<\/div>\n\t\t\t\t\t\t<\/div>\n\t\t\t\t<\/div>\n\t\t\t\t\t\t<\/div>\n\t\t\t\t\t<\/div>\n\t\t<\/div>\n\t\t\t\t\t\t\t\t<\/div>\n\t\t\t\t\t<\/div>\n\t\t<\/section>\n\t\t\t\t<section data-dce-background-image-url=\"https:\/\/www.koenig-sylt.de\/immobilien\/wp-content\/uploads\/2021\/05\/Luegenbruecke.jpg\" class=\"elementor-section elementor-top-section elementor-element elementor-element-60e570e0 elementor-section-boxed elementor-section-height-default elementor-section-height-default\" data-id=\"60e570e0\" data-element_type=\"section\" data-settings=\"{&quot;background_background&quot;:&quot;classic&quot;}\">\n\t\t\t\t\t\t\t<div class=\"elementor-background-overlay\"><\/div>\n\t\t\t\t\t\t\t<div class=\"elementor-container elementor-column-gap-default\">\n\t\t\t\t\t\t\t<div class=\"elementor-row\">\n\t\t\t\t\t<div class=\"elementor-column elementor-col-100 elementor-top-column elementor-element elementor-element-44fab34e\" data-id=\"44fab34e\" data-element_type=\"column\">\n\t\t\t<div class=\"elementor-column-wrap elementor-element-populated\">\n\t\t\t\t\t\t\t<div class=\"elementor-widget-wrap\">\n\t\t\t\t\t\t<div class=\"elementor-element elementor-element-68177620 elementor-widget elementor-widget-heading\" data-id=\"68177620\" data-element_type=\"widget\" data-widget_type=\"heading.default\">\n\t\t\t\t<div class=\"elementor-widget-container\">\n\t\t\t<h4 class=\"elementor-heading-title elementor-size-default\"><div>Munkmarsch<\/div><\/h4>\t\t<\/div>\n\t\t\t\t<\/div>\n\t\t\t\t<div class=\"elementor-element elementor-element-56d1b6fb elementor-widget elementor-widget-heading\" data-id=\"56d1b6fb\" data-element_type=\"widget\" data-widget_type=\"heading.default\">\n\t\t\t\t<div class=\"elementor-widget-container\">\n\t\t\t<h2 class=\"elementor-heading-title elementor-size-default\">DEM WATT GANZ NAH.<\/h2>\t\t<\/div>\n\t\t\t\t<\/div>\n\t\t\t\t\t\t<\/div>\n\t\t\t\t\t<\/div>\n\t\t<\/div>\n\t\t\t\t\t\t\t\t<\/div>\n\t\t\t\t\t<\/div>\n\t\t<\/section>\n\t\t\t\t<section class=\"elementor-section elementor-top-section elementor-element elementor-element-0a5dd89 elementor-section-boxed elementor-section-height-default elementor-section-height-default\" data-id=\"0a5dd89\" data-element_type=\"section\">\n\t\t\t\t\t\t<div class=\"elementor-container elementor-column-gap-default\">\n\t\t\t\t\t\t\t<div class=\"elementor-row\">\n\t\t\t\t\t<div class=\"elementor-column elementor-col-100 elementor-top-column elementor-element elementor-element-948e22c\" data-id=\"948e22c\" data-element_type=\"column\">\n\t\t\t<div class=\"elementor-column-wrap elementor-element-populated\">\n\t\t\t\t\t\t\t<div class=\"elementor-widget-wrap\">\n\t\t\t\t\t\t<div class=\"elementor-element elementor-element-66b73bf elementor-widget elementor-widget-heading\" data-id=\"66b73bf\" data-element_type=\"widget\" data-widget_type=\"heading.default\">\n\t\t\t\t<div class=\"elementor-widget-container\">\n\t\t\t<h2 class=\"elementor-heading-title elementor-size-default\">SIE STELLEN DEN ANTRAG,<\/h2>\t\t<\/div>\n\t\t\t\t<\/div>\n\t\t\t\t<div class=\"elementor-element elementor-element-c51c8a6 beon-h4 elementor-widget elementor-widget-heading\" data-id=\"c51c8a6\" data-element_type=\"widget\" data-widget_type=\"heading.default\">\n\t\t\t\t<div class=\"elementor-widget-container\">\n\t\t\t<h2 class=\"elementor-heading-title elementor-size-default\">Unsere Partner entscheiden.<\/h2>\t\t<\/div>\n\t\t\t\t<\/div>\n\t\t\t\t<div class=\"elementor-element elementor-element-273c4b0 elementor-widget elementor-widget-text-editor\" data-id=\"273c4b0\" data-element_type=\"widget\" data-widget_type=\"text-editor.default\">\n\t\t\t\t<div class=\"elementor-widget-container\">\n\t\t\t\t\t\t\t\t<div class=\"elementor-text-editor elementor-clearfix\">\n\t\t\t\t<p>Wir m\u00f6chten in diesem Zusammenhang betonen, dass wir als Immobilienmakler auf Sylt zwar die Verbindung herstellen, aber keinen Einfluss darauf haben, ob sich Ihr Finanzierungswunsch tats\u00e4chlich in dem gew\u00fcnschten Umfang realisieren l\u00e4sst. Die Entscheidung treffen die Finanzierer alleine und unabh\u00e4ngig. Ein entscheidender Vorteil einer Vermittlung \u00fcber unser <a style=\"background-color: #ffffff;\" href=\"https:\/\/www.koenig-sylt.de\/immobilien\/kontakt\/standorte\/\" target=\"_blank\" rel=\"noopener\">Maklerb\u00fcro<\/a>\u00a0ist, dass unsere Finanzierungspartner oftmals Sonderkonditionen f\u00fcr unsere Kunden anbieten. Dadurch k\u00f6nnen Sie erhebliche Kosten sparen und g\u00fcnstige Finanzierungsl\u00f6sungen finden, die Sie Ihrer Traumimmobilie ein St\u00fcck n\u00e4herbringen.<\/p>\t\t\t\t\t<\/div>\n\t\t\t\t\t\t<\/div>\n\t\t\t\t<\/div>\n\t\t\t\t\t\t<\/div>\n\t\t\t\t\t<\/div>\n\t\t<\/div>\n\t\t\t\t\t\t\t\t<\/div>\n\t\t\t\t\t<\/div>\n\t\t<\/section>\n\t\t\t\t<section class=\"elementor-section elementor-top-section elementor-element elementor-element-1c27d178 zweispaltenblock elementor-section-boxed elementor-section-height-default elementor-section-height-default\" data-id=\"1c27d178\" data-element_type=\"section\">\n\t\t\t\t\t\t<div class=\"elementor-container elementor-column-gap-default\">\n\t\t\t\t\t\t\t<div class=\"elementor-row\">\n\t\t\t\t\t<div data-dce-background-image-url=\"https:\/\/www.koenig-sylt.de\/immobilien\/wp-content\/uploads\/2021\/04\/115-Ferienhaus-Sylt-Koenig-Dansk-Hus.jpg\" class=\"elementor-column elementor-col-50 elementor-top-column elementor-element elementor-element-2bdbc644\" data-id=\"2bdbc644\" data-element_type=\"column\" data-settings=\"{&quot;background_background&quot;:&quot;classic&quot;}\">\n\t\t\t<div class=\"elementor-column-wrap elementor-element-populated\">\n\t\t\t\t\t\t\t<div class=\"elementor-widget-wrap\">\n\t\t\t\t\t\t<div class=\"elementor-element elementor-element-13c88959 elementor-widget elementor-widget-spacer\" data-id=\"13c88959\" data-element_type=\"widget\" data-widget_type=\"spacer.default\">\n\t\t\t\t<div class=\"elementor-widget-container\">\n\t\t\t\t\t<div class=\"elementor-spacer\">\n\t\t\t<div class=\"elementor-spacer-inner\"><\/div>\n\t\t<\/div>\n\t\t\t\t<\/div>\n\t\t\t\t<\/div>\n\t\t\t\t\t\t<\/div>\n\t\t\t\t\t<\/div>\n\t\t<\/div>\n\t\t\t\t<div data-dce-background-color=\"#F4F1EC\" class=\"elementor-column elementor-col-50 elementor-top-column elementor-element elementor-element-737428f2\" data-id=\"737428f2\" data-element_type=\"column\" data-settings=\"{&quot;background_background&quot;:&quot;classic&quot;}\">\n\t\t\t<div class=\"elementor-column-wrap elementor-element-populated\">\n\t\t\t\t\t\t\t<div class=\"elementor-widget-wrap\">\n\t\t\t\t\t\t<div class=\"elementor-element elementor-element-2f0e77a5 elementor-widget elementor-widget-heading\" data-id=\"2f0e77a5\" data-element_type=\"widget\" data-widget_type=\"heading.default\">\n\t\t\t\t<div class=\"elementor-widget-container\">\n\t\t\t<h2 class=\"elementor-heading-title elementor-size-default\">SUCHAUFTRAG.<\/h2>\t\t<\/div>\n\t\t\t\t<\/div>\n\t\t\t\t<div class=\"elementor-element elementor-element-2d1e61ab beon-h4 elementor-widget elementor-widget-heading\" data-id=\"2d1e61ab\" data-element_type=\"widget\" data-widget_type=\"heading.default\">\n\t\t\t\t<div class=\"elementor-widget-container\">\n\t\t\t<h2 class=\"elementor-heading-title elementor-size-default\">Finden Sie Ihre Immobilie.<\/h2>\t\t<\/div>\n\t\t\t\t<\/div>\n\t\t\t\t<div class=\"elementor-element elementor-element-3103ab35 elementor-widget elementor-widget-text-editor\" data-id=\"3103ab35\" data-element_type=\"widget\" data-widget_type=\"text-editor.default\">\n\t\t\t\t<div class=\"elementor-widget-container\">\n\t\t\t\t\t\t\t\t<div class=\"elementor-text-editor elementor-clearfix\">\n\t\t\t\t<p>Profitieren Sie als Auftraggeber von unserem Suchauftrag-Service. Wir begeben uns auf die Suche nach Ihrer Traumimmobilie, risikofrei und zeitsparend. Als priorisierter Auftraggeber erfahren Sie zuerst von attraktiven Verkaufsobjekten auf Sylt, die Ihren W\u00fcnschen und Vorstellungen entsprechen.\u00a0<\/p>\t\t\t\t\t<\/div>\n\t\t\t\t\t\t<\/div>\n\t\t\t\t<\/div>\n\t\t\t\t<div class=\"elementor-element elementor-element-7c76e8d8 gold-before elementor-widget elementor-widget-text-editor\" data-id=\"7c76e8d8\" data-element_type=\"widget\" data-widget_type=\"text-editor.default\">\n\t\t\t\t<div class=\"elementor-widget-container\">\n\t\t\t\t\t\t\t\t<div class=\"elementor-text-editor elementor-clearfix\">\n\t\t\t\t<p><a href=\"https:\/\/www.koenig-sylt.de\/immobilien\/interessenten\/suchauftrag\/\">MEHR<\/a><\/p>\t\t\t\t\t<\/div>\n\t\t\t\t\t\t<\/div>\n\t\t\t\t<\/div>\n\t\t\t\t\t\t<\/div>\n\t\t\t\t\t<\/div>\n\t\t<\/div>\n\t\t\t\t\t\t\t\t<\/div>\n\t\t\t\t\t<\/div>\n\t\t<\/section>\n\t\t\t\t\t\t\t\t\t<\/div>\n\t\t\t<\/div>\n\t\t\t\t\t<\/div>\n\t\t","protected":false},"excerpt":{"rendered":"Mit der richtigen Finanzierung zu Ihrer Traumimmobilie. DIE SCH\u00d6NSTE Investition Ihres Lebens. Der [&hellip;]","protected":false},"author":2,"featured_media":0,"parent":2533,"menu_order":0,"comment_status":"closed","ping_status":"closed","template":"elementor_header_footer","meta":{"footnotes":""},"class_list":["post-2531","page","type-page","status-publish","hentry"],"acf":[],"yoast_head":"<!-- This site is optimized with the Yoast SEO plugin v27.3 - https:\/\/yoast.com\/product\/yoast-seo-wordpress\/ -->\n<title>Finanzierung - K\u00f6nig Immobilien<\/title>\n<meta name=\"description\" content=\"Wir von K\u00f6nig Immobilien beraten Sie umfassend und stellen auf Wunsch den Kontakt zu einem passenden Partner f\u00fcr die Finanzierung her.\" \/>\n<meta name=\"robots\" content=\"index, follow, max-snippet:-1, max-image-preview:large, max-video-preview:-1\" \/>\n<link rel=\"canonical\" href=\"https:\/\/www.koenig-sylt.de\/immobilien\/interessenten\/finanzierung\/\" \/>\n<meta property=\"og:locale\" content=\"de_DE\" \/>\n<meta property=\"og:type\" content=\"article\" \/>\n<meta property=\"og:title\" content=\"Finanzierung - K\u00f6nig Immobilien\" \/>\n<meta property=\"og:description\" content=\"Wir von K\u00f6nig Immobilien beraten Sie umfassend und stellen auf Wunsch den Kontakt zu einem passenden Partner f\u00fcr die Finanzierung her.\" \/>\n<meta property=\"og:url\" content=\"https:\/\/www.koenig-sylt.de\/immobilien\/interessenten\/finanzierung\/\" \/>\n<meta property=\"og:site_name\" content=\"K\u00f6nig Immobilien\" \/>\n<meta property=\"article:modified_time\" content=\"2025-12-11T12:00:47+00:00\" \/>\n<meta name=\"twitter:card\" content=\"summary_large_image\" \/>\n<meta name=\"twitter:label1\" content=\"Gesch\u00e4tzte Lesezeit\" \/>\n\t<meta name=\"twitter:data1\" content=\"3\u00a0Minuten\" \/>\n<script type=\"application\/ld+json\" class=\"yoast-schema-graph\">{\"@context\":\"https:\\\/\\\/schema.org\",\"@graph\":[{\"@type\":\"WebPage\",\"@id\":\"https:\\\/\\\/www.koenig-sylt.de\\\/immobilien\\\/interessenten\\\/finanzierung\\\/\",\"url\":\"https:\\\/\\\/www.koenig-sylt.de\\\/immobilien\\\/interessenten\\\/finanzierung\\\/\",\"name\":\"Finanzierung - K\u00f6nig Immobilien\",\"isPartOf\":{\"@id\":\"https:\\\/\\\/www.koenig-sylt.de\\\/immobilien\\\/#website\"},\"datePublished\":\"2020-06-30T09:04:41+00:00\",\"dateModified\":\"2025-12-11T12:00:47+00:00\",\"description\":\"Wir von K\u00f6nig Immobilien beraten Sie umfassend und stellen auf Wunsch den Kontakt zu einem passenden Partner f\u00fcr die Finanzierung her.\",\"breadcrumb\":{\"@id\":\"https:\\\/\\\/www.koenig-sylt.de\\\/immobilien\\\/interessenten\\\/finanzierung\\\/#breadcrumb\"},\"inLanguage\":\"de\",\"potentialAction\":[{\"@type\":\"ReadAction\",\"target\":[\"https:\\\/\\\/www.koenig-sylt.de\\\/immobilien\\\/interessenten\\\/finanzierung\\\/\"]}]},{\"@type\":\"BreadcrumbList\",\"@id\":\"https:\\\/\\\/www.koenig-sylt.de\\\/immobilien\\\/interessenten\\\/finanzierung\\\/#breadcrumb\",\"itemListElement\":[{\"@type\":\"ListItem\",\"position\":1,\"name\":\"Startseite\",\"item\":\"https:\\\/\\\/www.koenig-sylt.de\\\/immobilien\\\/\"},{\"@type\":\"ListItem\",\"position\":2,\"name\":\"Interessenten\",\"item\":\"https:\\\/\\\/www.koenig-sylt.de\\\/immobilien\\\/interessenten\\\/\"},{\"@type\":\"ListItem\",\"position\":3,\"name\":\"Finanzierung\"}]},{\"@type\":\"WebSite\",\"@id\":\"https:\\\/\\\/www.koenig-sylt.de\\\/immobilien\\\/#website\",\"url\":\"https:\\\/\\\/www.koenig-sylt.de\\\/immobilien\\\/\",\"name\":\"K\u00f6nig Immobilien\",\"description\":\"Immobilienmakler Sylt\",\"publisher\":{\"@id\":\"https:\\\/\\\/www.koenig-sylt.de\\\/immobilien\\\/#organization\"},\"potentialAction\":[{\"@type\":\"SearchAction\",\"target\":{\"@type\":\"EntryPoint\",\"urlTemplate\":\"https:\\\/\\\/www.koenig-sylt.de\\\/immobilien\\\/?s={search_term_string}\"},\"query-input\":{\"@type\":\"PropertyValueSpecification\",\"valueRequired\":true,\"valueName\":\"search_term_string\"}}],\"inLanguage\":\"de\"},{\"@type\":\"Organization\",\"@id\":\"https:\\\/\\\/www.koenig-sylt.de\\\/immobilien\\\/#organization\",\"name\":\"K\u00f6nig Immobilien\",\"url\":\"https:\\\/\\\/www.koenig-sylt.de\\\/immobilien\\\/\",\"logo\":{\"@type\":\"ImageObject\",\"inLanguage\":\"de\",\"@id\":\"https:\\\/\\\/www.koenig-sylt.de\\\/immobilien\\\/#\\\/schema\\\/logo\\\/image\\\/\",\"url\":\"https:\\\/\\\/www.koenig-sylt.de\\\/immobilien\\\/wp-content\\\/uploads\\\/2025\\\/11\\\/KOE_Immobilien_Logo_quer_RGB.png\",\"contentUrl\":\"https:\\\/\\\/www.koenig-sylt.de\\\/immobilien\\\/wp-content\\\/uploads\\\/2025\\\/11\\\/KOE_Immobilien_Logo_quer_RGB.png\",\"width\":57,\"height\":57,\"caption\":\"K\u00f6nig Immobilien\"},\"image\":{\"@id\":\"https:\\\/\\\/www.koenig-sylt.de\\\/immobilien\\\/#\\\/schema\\\/logo\\\/image\\\/\"}}]}<\/script>\n<!-- \/ Yoast SEO plugin. -->","yoast_head_json":{"title":"Finanzierung - K\u00f6nig Immobilien","description":"Wir von K\u00f6nig Immobilien beraten Sie umfassend und stellen auf Wunsch den Kontakt zu einem passenden Partner f\u00fcr die Finanzierung her.","robots":{"index":"index","follow":"follow","max-snippet":"max-snippet:-1","max-image-preview":"max-image-preview:large","max-video-preview":"max-video-preview:-1"},"canonical":"https:\/\/www.koenig-sylt.de\/immobilien\/interessenten\/finanzierung\/","og_locale":"de_DE","og_type":"article","og_title":"Finanzierung - K\u00f6nig Immobilien","og_description":"Wir von K\u00f6nig Immobilien beraten Sie umfassend und stellen auf Wunsch den Kontakt zu einem passenden Partner f\u00fcr die Finanzierung her.","og_url":"https:\/\/www.koenig-sylt.de\/immobilien\/interessenten\/finanzierung\/","og_site_name":"K\u00f6nig Immobilien","article_modified_time":"2025-12-11T12:00:47+00:00","twitter_card":"summary_large_image","twitter_misc":{"Gesch\u00e4tzte Lesezeit":"3\u00a0Minuten"},"schema":{"@context":"https:\/\/schema.org","@graph":[{"@type":"WebPage","@id":"https:\/\/www.koenig-sylt.de\/immobilien\/interessenten\/finanzierung\/","url":"https:\/\/www.koenig-sylt.de\/immobilien\/interessenten\/finanzierung\/","name":"Finanzierung - K\u00f6nig Immobilien","isPartOf":{"@id":"https:\/\/www.koenig-sylt.de\/immobilien\/#website"},"datePublished":"2020-06-30T09:04:41+00:00","dateModified":"2025-12-11T12:00:47+00:00","description":"Wir von K\u00f6nig Immobilien beraten Sie umfassend und stellen auf Wunsch den Kontakt zu einem passenden Partner f\u00fcr die Finanzierung her.","breadcrumb":{"@id":"https:\/\/www.koenig-sylt.de\/immobilien\/interessenten\/finanzierung\/#breadcrumb"},"inLanguage":"de","potentialAction":[{"@type":"ReadAction","target":["https:\/\/www.koenig-sylt.de\/immobilien\/interessenten\/finanzierung\/"]}]},{"@type":"BreadcrumbList","@id":"https:\/\/www.koenig-sylt.de\/immobilien\/interessenten\/finanzierung\/#breadcrumb","itemListElement":[{"@type":"ListItem","position":1,"name":"Startseite","item":"https:\/\/www.koenig-sylt.de\/immobilien\/"},{"@type":"ListItem","position":2,"name":"Interessenten","item":"https:\/\/www.koenig-sylt.de\/immobilien\/interessenten\/"},{"@type":"ListItem","position":3,"name":"Finanzierung"}]},{"@type":"WebSite","@id":"https:\/\/www.koenig-sylt.de\/immobilien\/#website","url":"https:\/\/www.koenig-sylt.de\/immobilien\/","name":"K\u00f6nig Immobilien","description":"Immobilienmakler Sylt","publisher":{"@id":"https:\/\/www.koenig-sylt.de\/immobilien\/#organization"},"potentialAction":[{"@type":"SearchAction","target":{"@type":"EntryPoint","urlTemplate":"https:\/\/www.koenig-sylt.de\/immobilien\/?s={search_term_string}"},"query-input":{"@type":"PropertyValueSpecification","valueRequired":true,"valueName":"search_term_string"}}],"inLanguage":"de"},{"@type":"Organization","@id":"https:\/\/www.koenig-sylt.de\/immobilien\/#organization","name":"K\u00f6nig Immobilien","url":"https:\/\/www.koenig-sylt.de\/immobilien\/","logo":{"@type":"ImageObject","inLanguage":"de","@id":"https:\/\/www.koenig-sylt.de\/immobilien\/#\/schema\/logo\/image\/","url":"https:\/\/www.koenig-sylt.de\/immobilien\/wp-content\/uploads\/2025\/11\/KOE_Immobilien_Logo_quer_RGB.png","contentUrl":"https:\/\/www.koenig-sylt.de\/immobilien\/wp-content\/uploads\/2025\/11\/KOE_Immobilien_Logo_quer_RGB.png","width":57,"height":57,"caption":"K\u00f6nig Immobilien"},"image":{"@id":"https:\/\/www.koenig-sylt.de\/immobilien\/#\/schema\/logo\/image\/"}}]}},"_links":{"self":[{"href":"https:\/\/www.koenig-sylt.de\/immobilien\/wp-json\/wp\/v2\/pages\/2531","targetHints":{"allow":["GET"]}}],"collection":[{"href":"https:\/\/www.koenig-sylt.de\/immobilien\/wp-json\/wp\/v2\/pages"}],"about":[{"href":"https:\/\/www.koenig-sylt.de\/immobilien\/wp-json\/wp\/v2\/types\/page"}],"author":[{"embeddable":true,"href":"https:\/\/www.koenig-sylt.de\/immobilien\/wp-json\/wp\/v2\/users\/2"}],"replies":[{"embeddable":true,"href":"https:\/\/www.koenig-sylt.de\/immobilien\/wp-json\/wp\/v2\/comments?post=2531"}],"version-history":[{"count":117,"href":"https:\/\/www.koenig-sylt.de\/immobilien\/wp-json\/wp\/v2\/pages\/2531\/revisions"}],"predecessor-version":[{"id":15823,"href":"https:\/\/www.koenig-sylt.de\/immobilien\/wp-json\/wp\/v2\/pages\/2531\/revisions\/15823"}],"up":[{"embeddable":true,"href":"https:\/\/www.koenig-sylt.de\/immobilien\/wp-json\/wp\/v2\/pages\/2533"}],"wp:attachment":[{"href":"https:\/\/www.koenig-sylt.de\/immobilien\/wp-json\/wp\/v2\/media?parent=2531"}],"curies":[{"name":"wp","href":"https:\/\/api.w.org\/{rel}","templated":true}]}}