{"id":44,"date":"2018-12-04T10:28:17","date_gmt":"2018-12-04T10:28:17","guid":{"rendered":"https:\/\/www.koenig-sylt.de\/immobilien\/?page_id=44"},"modified":"2025-03-06T11:12:30","modified_gmt":"2025-03-06T10:12:30","slug":"newsletter-immobilien-post","status":"publish","type":"page","link":"https:\/\/www.koenig-sylt.de\/immobilien\/news\/newsletter-immobilien-post\/","title":{"rendered":"Newsletter &#8222;Immobilien-Post&#8220;"},"content":{"rendered":"\t\t<div data-elementor-type=\"wp-post\" data-elementor-id=\"44\" data-post-id=\"44\" data-obj-id=\"44\" class=\"elementor elementor-44 dce-elementor-post-44\">\n\t\t\t\t\t\t<div class=\"elementor-inner\">\n\t\t\t\t<div class=\"elementor-section-wrap\">\n\t\t\t\t\t\t\t\t\t<section class=\"elementor-section elementor-top-section elementor-element elementor-element-cb4db9d elementor-section-boxed elementor-section-height-default elementor-section-height-default\" data-id=\"cb4db9d\" data-element_type=\"section\">\n\t\t\t\t\t\t<div class=\"elementor-container elementor-column-gap-default\">\n\t\t\t\t\t\t\t<div class=\"elementor-row\">\n\t\t\t\t\t<div class=\"elementor-column elementor-col-100 elementor-top-column elementor-element elementor-element-a41dcb5\" data-id=\"a41dcb5\" data-element_type=\"column\">\n\t\t\t<div class=\"elementor-column-wrap elementor-element-populated\">\n\t\t\t\t\t\t\t<div class=\"elementor-widget-wrap\">\n\t\t\t\t\t\t<div class=\"elementor-element elementor-element-fa9ea75 elementor-widget elementor-widget-heading\" data-id=\"fa9ea75\" data-element_type=\"widget\" data-widget_type=\"heading.default\">\n\t\t\t\t<div class=\"elementor-widget-container\">\n\t\t\t<h1 class=\"elementor-heading-title elementor-size-default\">SYLT-INSIDER WERDEN - <div>Immobilien-News als Erster erhalten.<\/div><\/h1>\t\t<\/div>\n\t\t\t\t<\/div>\n\t\t\t\t\t\t<\/div>\n\t\t\t\t\t<\/div>\n\t\t<\/div>\n\t\t\t\t\t\t\t\t<\/div>\n\t\t\t\t\t<\/div>\n\t\t<\/section>\n\t\t\t\t<section class=\"elementor-section elementor-top-section elementor-element elementor-element-59a0bd6 elementor-section-boxed elementor-section-height-default elementor-section-height-default\" data-id=\"59a0bd6\" data-element_type=\"section\">\n\t\t\t\t\t\t<div class=\"elementor-container elementor-column-gap-default\">\n\t\t\t\t\t\t\t<div class=\"elementor-row\">\n\t\t\t\t\t<div class=\"elementor-column elementor-col-100 elementor-top-column elementor-element elementor-element-1a3d6ea\" data-id=\"1a3d6ea\" data-element_type=\"column\">\n\t\t\t<div class=\"elementor-column-wrap elementor-element-populated\">\n\t\t\t\t\t\t\t<div class=\"elementor-widget-wrap\">\n\t\t\t\t\t\t<div class=\"elementor-element elementor-element-091846f elementor-widget elementor-widget-gallery\" data-id=\"091846f\" data-element_type=\"widget\" data-settings=\"{&quot;lazyload&quot;:&quot;yes&quot;,&quot;gallery_layout&quot;:&quot;grid&quot;,&quot;columns&quot;:4,&quot;columns_tablet&quot;:2,&quot;columns_mobile&quot;:1,&quot;gap&quot;:{&quot;unit&quot;:&quot;px&quot;,&quot;size&quot;:10,&quot;sizes&quot;:[]},&quot;gap_tablet&quot;:{&quot;unit&quot;:&quot;px&quot;,&quot;size&quot;:10,&quot;sizes&quot;:[]},&quot;gap_mobile&quot;:{&quot;unit&quot;:&quot;px&quot;,&quot;size&quot;:10,&quot;sizes&quot;:[]},&quot;link_to&quot;:&quot;file&quot;,&quot;aspect_ratio&quot;:&quot;3:2&quot;,&quot;overlay_background&quot;:&quot;yes&quot;,&quot;content_hover_animation&quot;:&quot;fade-in&quot;}\" data-widget_type=\"gallery.default\">\n\t\t\t\t<div class=\"elementor-widget-container\">\n\t\t\t\t\t<div class=\"elementor-gallery__container\">\n\t\t\t\t\t\t\t<a class=\"e-gallery-item elementor-gallery-item elementor-animated-content\" href=\"https:\/\/www.koenig-sylt.de\/immobilien\/wp-content\/uploads\/2025\/02\/shutterstock_1033413280-scaled.jpg\" data-elementor-open-lightbox=\"yes\" data-elementor-lightbox-slideshow=\"all-091846f\" data-elementor-lightbox-title=\"Message,In,A,Bottle,At,The,Beach\" e-action-hash=\"#elementor-action%3Aaction%3Dlightbox%26settings%3DeyJpZCI6MTUyMDcsInVybCI6Imh0dHBzOlwvXC93d3cua29lbmlnLXN5bHQuZGVcL2ltbW9iaWxpZW5cL3dwLWNvbnRlbnRcL3VwbG9hZHNcLzIwMjVcLzAyXC9zaHV0dGVyc3RvY2tfMTAzMzQxMzI4MC1zY2FsZWQuanBnIiwic2xpZGVzaG93IjoiYWxsLTA5MTg0NmYifQ%3D%3D\">\n\t\t\t\t\t<div class=\"e-gallery-image elementor-gallery-item__image\" data-thumbnail=\"https:\/\/www.koenig-sylt.de\/immobilien\/wp-content\/uploads\/2025\/02\/shutterstock_1033413280-250x167.jpg\" data-width=\"250\" data-height=\"167\" alt=\"Immobilien Post - Newsletter von K\u00f6nig Immobilien Sylt. Flaschenpost mit Brief liegt am Strand bei Sonnenuntergang\" ><\/div>\n\t\t\t\t\t\t\t\t\t\t\t<div class=\"elementor-gallery-item__overlay\"><\/div>\n\t\t\t\t\t\t\t\t\t\t\t\t\t\t<\/a>\n\t\t\t\t\t\t\t<a class=\"e-gallery-item elementor-gallery-item elementor-animated-content\" href=\"https:\/\/www.koenig-sylt.de\/immobilien\/wp-content\/uploads\/2024\/02\/Luftaufnahmen-Duenem-Wai-3b-Miarman-3-von-11-scaled.jpg\" data-elementor-open-lightbox=\"yes\" data-elementor-lightbox-slideshow=\"all-091846f\" data-elementor-lightbox-title=\"Luftaufnahmen Duenem Wai 3b, Miarman (3 von 11)\" e-action-hash=\"#elementor-action%3Aaction%3Dlightbox%26settings%3DeyJpZCI6MTM0ODAsInVybCI6Imh0dHBzOlwvXC93d3cua29lbmlnLXN5bHQuZGVcL2ltbW9iaWxpZW5cL3dwLWNvbnRlbnRcL3VwbG9hZHNcLzIwMjRcLzAyXC9MdWZ0YXVmbmFobWVuLUR1ZW5lbS1XYWktM2ItTWlhcm1hbi0zLXZvbi0xMS1zY2FsZWQuanBnIiwic2xpZGVzaG93IjoiYWxsLTA5MTg0NmYifQ%3D%3D\">\n\t\t\t\t\t<div class=\"e-gallery-image elementor-gallery-item__image\" data-thumbnail=\"https:\/\/www.koenig-sylt.de\/immobilien\/wp-content\/uploads\/2024\/02\/Luftaufnahmen-Duenem-Wai-3b-Miarman-3-von-11-250x188.jpg\" data-width=\"250\" data-height=\"188\" alt=\"Luftaufnahmen Duenem Wai 3b, Miarman\" ><\/div>\n\t\t\t\t\t\t\t\t\t\t\t<div class=\"elementor-gallery-item__overlay\"><\/div>\n\t\t\t\t\t\t\t\t\t\t\t\t\t\t<\/a>\n\t\t\t\t\t\t\t<a class=\"e-gallery-item elementor-gallery-item elementor-animated-content\" href=\"https:\/\/www.koenig-sylt.de\/immobilien\/wp-content\/uploads\/2024\/10\/shutterstock_483308128-scaled-1.jpg\" data-elementor-open-lightbox=\"yes\" data-elementor-lightbox-slideshow=\"all-091846f\" data-elementor-lightbox-title=\"shutterstock_483308128-scaled\" e-action-hash=\"#elementor-action%3Aaction%3Dlightbox%26settings%3DeyJpZCI6MTQ4MzgsInVybCI6Imh0dHBzOlwvXC93d3cua29lbmlnLXN5bHQuZGVcL2ltbW9iaWxpZW5cL3dwLWNvbnRlbnRcL3VwbG9hZHNcLzIwMjRcLzEwXC9zaHV0dGVyc3RvY2tfNDgzMzA4MTI4LXNjYWxlZC0xLmpwZyIsInNsaWRlc2hvdyI6ImFsbC0wOTE4NDZmIn0%3D\">\n\t\t\t\t\t<div class=\"e-gallery-image elementor-gallery-item__image\" data-thumbnail=\"https:\/\/www.koenig-sylt.de\/immobilien\/wp-content\/uploads\/2024\/10\/shutterstock_483308128-scaled-1-250x167.jpg\" data-width=\"250\" data-height=\"167\" alt=\"Makler Sylt\" ><\/div>\n\t\t\t\t\t\t\t\t\t\t\t<div class=\"elementor-gallery-item__overlay\"><\/div>\n\t\t\t\t\t\t\t\t\t\t\t\t\t\t<\/a>\n\t\t\t\t\t\t\t<a class=\"e-gallery-item elementor-gallery-item elementor-animated-content\" href=\"https:\/\/www.koenig-sylt.de\/immobilien\/wp-content\/uploads\/2025\/01\/shutterstock_1451613869-scaled.jpg\" data-elementor-open-lightbox=\"yes\" data-elementor-lightbox-slideshow=\"all-091846f\" data-elementor-lightbox-title=\"Sylt,Island,-,Magical,Light,At,Sunset,On,The,Beach\" e-action-hash=\"#elementor-action%3Aaction%3Dlightbox%26settings%3DeyJpZCI6MTUwMzAsInVybCI6Imh0dHBzOlwvXC93d3cua29lbmlnLXN5bHQuZGVcL2ltbW9iaWxpZW5cL3dwLWNvbnRlbnRcL3VwbG9hZHNcLzIwMjVcLzAxXC9zaHV0dGVyc3RvY2tfMTQ1MTYxMzg2OS1zY2FsZWQuanBnIiwic2xpZGVzaG93IjoiYWxsLTA5MTg0NmYifQ%3D%3D\">\n\t\t\t\t\t<div class=\"e-gallery-image elementor-gallery-item__image\" data-thumbnail=\"https:\/\/www.koenig-sylt.de\/immobilien\/wp-content\/uploads\/2025\/01\/shutterstock_1451613869-250x143.jpg\" data-width=\"250\" data-height=\"143\" alt=\"Immobilien 2025: \u00c4nderungen f\u00fcr Eigent\u00fcmer &amp; Mieter\" ><\/div>\n\t\t\t\t\t\t\t\t\t\t\t<div class=\"elementor-gallery-item__overlay\"><\/div>\n\t\t\t\t\t\t\t\t\t\t\t\t\t\t<\/a>\n\t\t\t\t\t<\/div>\n\t\t\t<\/div>\n\t\t\t\t<\/div>\n\t\t\t\t<div class=\"elementor-element elementor-element-114c7d9 elementor-widget elementor-widget-text-editor\" data-id=\"114c7d9\" data-element_type=\"widget\" data-widget_type=\"text-editor.default\">\n\t\t\t\t<div class=\"elementor-widget-container\">\n\t\t\t\t\t\t\t\t<div class=\"elementor-text-editor elementor-clearfix\">\n\t\t\t\t<h3><strong>&#8222;Immobilien-Post&#8220;: Ihr exklusiver Sylt Immobilien-Newsletter<br><\/strong><\/h3>\n<p>M\u00f6chten Sie als Erster \u00fcber neue Immobilienangebote auf Sylt informiert werden? Mit unserer &#8222;Immobilien-Post&#8220; erhalten Sie regelm\u00e4\u00dfig exklusive Marktinsights, begehrte Top-Immobilien und Sylt-Highlights \u2013 oft noch vor offiziellem Vermarktungsstart.<br><br><\/p>\n<h4><strong>Ihre Vorteile als Abonnent:<\/strong><\/h4>\n<p>\u2714 <strong>Fr\u00fcher informiert:<\/strong> Erhalten Sie neue Angebote vor der \u00f6ffentlichen Vermarktung<br>\u2714 <strong>Exklusive Immobilien:<\/strong> Direkter Zugriff auf begehrte Objekte auf Sylt<br>\u2714 <strong>Markttrends &amp; Insights:<\/strong> Relevante Informationen rund um den Sylter Immobilienmarkt<br>\u2714 <strong>Insel-News &amp; Events:<\/strong> Aktuelle Themen, die Sylt-Liebhaber interessieren<br>\u2714 <strong>Kostenlos &amp; unverbindlich:<\/strong> Jederzeit abbestellbar, nur 1-2 mails pro Monat &#8211; kein Spam<br><br><\/p>\n<p><strong>K\u00f6nig Immobilien Sylt \u2013 Vertrauen seit 1962:&nbsp;<\/strong> <b>Jetzt kostenlos anmelden und keine Chance verpassen.<br><\/b>Wir legen gro\u00dfen Wert auf den <strong>verantwortungsvollen Umgang mit personenbezogenen Daten<\/strong> und handeln <strong>DSGVO-konform<\/strong>. Ihr Einverst\u00e4ndnis sichert Ihnen weiterhin den Zugang zu unseren exklusiven Immobilien- und Marktinformationen.<\/p>\t\t\t\t\t<\/div>\n\t\t\t\t\t\t<\/div>\n\t\t\t\t<\/div>\n\t\t\t\t<div class=\"elementor-element elementor-element-56ad4e9 elementor-widget elementor-widget-menu-anchor\" data-id=\"56ad4e9\" data-element_type=\"widget\" data-widget_type=\"menu-anchor.default\">\n\t\t\t\t<div class=\"elementor-widget-container\">\n\t\t\t\t\t<div id=\"anmeldung\" class=\"elementor-menu-anchor\"><\/div>\n\t\t\t\t<\/div>\n\t\t\t\t<\/div>\n\t\t\t\t\t\t<\/div>\n\t\t\t\t\t<\/div>\n\t\t<\/div>\n\t\t\t\t\t\t\t\t<\/div>\n\t\t\t\t\t<\/div>\n\t\t<\/section>\n\t\t\t\t<section class=\"elementor-section elementor-top-section elementor-element elementor-element-e946061 elementor-section-boxed elementor-section-height-default elementor-section-height-default\" data-id=\"e946061\" data-element_type=\"section\">\n\t\t\t\t\t\t<div class=\"elementor-container elementor-column-gap-default\">\n\t\t\t\t\t\t\t<div class=\"elementor-row\">\n\t\t\t\t\t<div class=\"elementor-column elementor-col-100 elementor-top-column elementor-element elementor-element-d5ce2b0\" data-id=\"d5ce2b0\" data-element_type=\"column\">\n\t\t\t<div class=\"elementor-column-wrap elementor-element-populated\">\n\t\t\t\t\t\t\t<div class=\"elementor-widget-wrap\">\n\t\t\t\t\t\t<div class=\"elementor-element elementor-element-1931402 elementor-widget elementor-widget-heading\" data-id=\"1931402\" data-element_type=\"widget\" data-widget_type=\"heading.default\">\n\t\t\t\t<div class=\"elementor-widget-container\">\n\t\t\t<h3 class=\"elementor-heading-title elementor-size-default\">Abonnieren Sie unseren NEWSLETTER<\/h3>\t\t<\/div>\n\t\t\t\t<\/div>\n\t\t\t\t\t\t<\/div>\n\t\t\t\t\t<\/div>\n\t\t<\/div>\n\t\t\t\t\t\t\t\t<\/div>\n\t\t\t\t\t<\/div>\n\t\t<\/section>\n\t\t\t\t<section class=\"elementor-section elementor-top-section elementor-element elementor-element-3e4541d elementor-section-boxed elementor-section-height-default elementor-section-height-default\" data-id=\"3e4541d\" data-element_type=\"section\">\n\t\t\t\t\t\t<div class=\"elementor-container elementor-column-gap-default\">\n\t\t\t\t\t\t\t<div class=\"elementor-row\">\n\t\t\t\t\t<div class=\"elementor-column elementor-col-100 elementor-top-column elementor-element elementor-element-d1efd4e\" data-id=\"d1efd4e\" data-element_type=\"column\">\n\t\t\t<div class=\"elementor-column-wrap elementor-element-populated\">\n\t\t\t\t\t\t\t<div class=\"elementor-widget-wrap\">\n\t\t\t\t\t\t<div class=\"elementor-element elementor-element-c8c7a50 mailjet elementor-widget elementor-widget-html\" data-id=\"c8c7a50\" data-element_type=\"widget\" data-widget_type=\"html.default\">\n\t\t\t\t<div class=\"elementor-widget-container\">\n\t\t\t<iframe data-w-type=\"embedded\" frameborder=\"0\" scrolling=\"no\" marginheight=\"0\" marginwidth=\"0\" name=\"dem Newsletterformular\" src=\"https:\/\/xm9h6.mjt.lu\/wgt\/xm9h6\/pt1\/form?c=10185705\" width=\"100%\"><\/iframe>\n<script type=\"text\/javascript\" src=\"https:\/\/app.mailjet.com\/pas-nc-embedded-v1.js\"><\/script>\n\n\n\t\t<\/div>\n\t\t\t\t<\/div>\n\t\t\t\t\t\t<\/div>\n\t\t\t\t\t<\/div>\n\t\t<\/div>\n\t\t\t\t\t\t\t\t<\/div>\n\t\t\t\t\t<\/div>\n\t\t<\/section>\n\t\t\t\t\t\t\t\t\t<\/div>\n\t\t\t<\/div>\n\t\t\t\t\t<\/div>\n\t\t","protected":false},"excerpt":{"rendered":"SYLT-INSIDER WERDEN &#8211; Immobilien-News als Erster erhalten. &#8222;Immobilien-Post&#8220;: Ihr [&hellip;]","protected":false},"author":1,"featured_media":15207,"parent":12,"menu_order":0,"comment_status":"closed","ping_status":"closed","template":"","meta":{"footnotes":""},"class_list":["post-44","page","type-page","status-publish","has-post-thumbnail","hentry"],"acf":[],"yoast_head":"<!-- This site is optimized with the Yoast SEO plugin v27.3 - https:\/\/yoast.com\/product\/yoast-seo-wordpress\/ -->\n<title>Newsletter &quot;Immobilien-Post&quot; - K\u00f6nig Immobilien<\/title>\n<meta name=\"description\" content=\"\ud83d\udc49 Bleiben Sie informiert: Erhalten Sie exklusive Sylt-Immobilienangebote &amp; Marktinsights direkt in Ihr Postfach. Jetzt kostenlos anmelden!\" \/>\n<meta name=\"robots\" content=\"index, follow, max-snippet:-1, max-image-preview:large, max-video-preview:-1\" \/>\n<link rel=\"canonical\" href=\"https:\/\/www.koenig-sylt.de\/immobilien\/news\/newsletter-immobilien-post\/\" \/>\n<meta property=\"og:locale\" content=\"de_DE\" \/>\n<meta property=\"og:type\" content=\"article\" \/>\n<meta property=\"og:title\" content=\"Newsletter &quot;Immobilien-Post&quot; - K\u00f6nig Immobilien\" \/>\n<meta property=\"og:description\" content=\"\ud83d\udc49 Bleiben Sie informiert: Erhalten Sie exklusive Sylt-Immobilienangebote &amp; Marktinsights direkt in Ihr Postfach. Jetzt kostenlos anmelden!\" \/>\n<meta property=\"og:url\" content=\"https:\/\/www.koenig-sylt.de\/immobilien\/news\/newsletter-immobilien-post\/\" \/>\n<meta property=\"og:site_name\" content=\"K\u00f6nig Immobilien\" \/>\n<meta property=\"article:modified_time\" content=\"2025-03-06T10:12:30+00:00\" \/>\n<meta property=\"og:image\" content=\"https:\/\/www.koenig-sylt.de\/immobilien\/wp-content\/uploads\/2019\/05\/Newslertterkampagne_1-3-1.jpg\" \/>\n\t<meta property=\"og:image:width\" content=\"700\" \/>\n\t<meta property=\"og:image:height\" content=\"489\" \/>\n\t<meta property=\"og:image:type\" content=\"image\/jpeg\" \/>\n<meta name=\"twitter:card\" content=\"summary_large_image\" \/>\n<meta name=\"twitter:label1\" content=\"Gesch\u00e4tzte Lesezeit\" \/>\n\t<meta name=\"twitter:data1\" content=\"1\u00a0Minute\" \/>\n<script type=\"application\/ld+json\" class=\"yoast-schema-graph\">{\"@context\":\"https:\\\/\\\/schema.org\",\"@graph\":[{\"@type\":\"WebPage\",\"@id\":\"https:\\\/\\\/www.koenig-sylt.de\\\/immobilien\\\/news\\\/newsletter-immobilien-post\\\/\",\"url\":\"https:\\\/\\\/www.koenig-sylt.de\\\/immobilien\\\/news\\\/newsletter-immobilien-post\\\/\",\"name\":\"Newsletter \\\"Immobilien-Post\\\" - K\u00f6nig Immobilien\",\"isPartOf\":{\"@id\":\"https:\\\/\\\/www.koenig-sylt.de\\\/immobilien\\\/#website\"},\"primaryImageOfPage\":{\"@id\":\"https:\\\/\\\/www.koenig-sylt.de\\\/immobilien\\\/news\\\/newsletter-immobilien-post\\\/#primaryimage\"},\"image\":{\"@id\":\"https:\\\/\\\/www.koenig-sylt.de\\\/immobilien\\\/news\\\/newsletter-immobilien-post\\\/#primaryimage\"},\"thumbnailUrl\":\"https:\\\/\\\/www.koenig-sylt.de\\\/immobilien\\\/wp-content\\\/uploads\\\/2025\\\/02\\\/shutterstock_1033413280-scaled.jpg\",\"datePublished\":\"2018-12-04T10:28:17+00:00\",\"dateModified\":\"2025-03-06T10:12:30+00:00\",\"description\":\"\ud83d\udc49 Bleiben Sie informiert: Erhalten Sie exklusive Sylt-Immobilienangebote & Marktinsights direkt in Ihr Postfach. Jetzt kostenlos anmelden!\",\"breadcrumb\":{\"@id\":\"https:\\\/\\\/www.koenig-sylt.de\\\/immobilien\\\/news\\\/newsletter-immobilien-post\\\/#breadcrumb\"},\"inLanguage\":\"de\",\"potentialAction\":[{\"@type\":\"ReadAction\",\"target\":[\"https:\\\/\\\/www.koenig-sylt.de\\\/immobilien\\\/news\\\/newsletter-immobilien-post\\\/\"]}]},{\"@type\":\"ImageObject\",\"inLanguage\":\"de\",\"@id\":\"https:\\\/\\\/www.koenig-sylt.de\\\/immobilien\\\/news\\\/newsletter-immobilien-post\\\/#primaryimage\",\"url\":\"https:\\\/\\\/www.koenig-sylt.de\\\/immobilien\\\/wp-content\\\/uploads\\\/2025\\\/02\\\/shutterstock_1033413280-scaled.jpg\",\"contentUrl\":\"https:\\\/\\\/www.koenig-sylt.de\\\/immobilien\\\/wp-content\\\/uploads\\\/2025\\\/02\\\/shutterstock_1033413280-scaled.jpg\",\"width\":2560,\"height\":1707,\"caption\":\"Immobilien Post - Newsletter von K\u00f6nig Immobilien Sylt. Flaschenpost mit Brief liegt am Strand bei Sonnenuntergang\"},{\"@type\":\"BreadcrumbList\",\"@id\":\"https:\\\/\\\/www.koenig-sylt.de\\\/immobilien\\\/news\\\/newsletter-immobilien-post\\\/#breadcrumb\",\"itemListElement\":[{\"@type\":\"ListItem\",\"position\":1,\"name\":\"Startseite\",\"item\":\"https:\\\/\\\/www.koenig-sylt.de\\\/immobilien\\\/\"},{\"@type\":\"ListItem\",\"position\":2,\"name\":\"News\",\"item\":\"https:\\\/\\\/www.koenig-sylt.de\\\/immobilien\\\/news\\\/\"},{\"@type\":\"ListItem\",\"position\":3,\"name\":\"Newsletter &#8222;Immobilien-Post&#8220;\"}]},{\"@type\":\"WebSite\",\"@id\":\"https:\\\/\\\/www.koenig-sylt.de\\\/immobilien\\\/#website\",\"url\":\"https:\\\/\\\/www.koenig-sylt.de\\\/immobilien\\\/\",\"name\":\"K\u00f6nig Immobilien\",\"description\":\"Immobilienmakler Sylt\",\"publisher\":{\"@id\":\"https:\\\/\\\/www.koenig-sylt.de\\\/immobilien\\\/#organization\"},\"potentialAction\":[{\"@type\":\"SearchAction\",\"target\":{\"@type\":\"EntryPoint\",\"urlTemplate\":\"https:\\\/\\\/www.koenig-sylt.de\\\/immobilien\\\/?s={search_term_string}\"},\"query-input\":{\"@type\":\"PropertyValueSpecification\",\"valueRequired\":true,\"valueName\":\"search_term_string\"}}],\"inLanguage\":\"de\"},{\"@type\":\"Organization\",\"@id\":\"https:\\\/\\\/www.koenig-sylt.de\\\/immobilien\\\/#organization\",\"name\":\"K\u00f6nig Immobilien\",\"url\":\"https:\\\/\\\/www.koenig-sylt.de\\\/immobilien\\\/\",\"logo\":{\"@type\":\"ImageObject\",\"inLanguage\":\"de\",\"@id\":\"https:\\\/\\\/www.koenig-sylt.de\\\/immobilien\\\/#\\\/schema\\\/logo\\\/image\\\/\",\"url\":\"https:\\\/\\\/www.koenig-sylt.de\\\/immobilien\\\/wp-content\\\/uploads\\\/2025\\\/11\\\/KOE_Immobilien_Logo_quer_RGB.png\",\"contentUrl\":\"https:\\\/\\\/www.koenig-sylt.de\\\/immobilien\\\/wp-content\\\/uploads\\\/2025\\\/11\\\/KOE_Immobilien_Logo_quer_RGB.png\",\"width\":57,\"height\":57,\"caption\":\"K\u00f6nig Immobilien\"},\"image\":{\"@id\":\"https:\\\/\\\/www.koenig-sylt.de\\\/immobilien\\\/#\\\/schema\\\/logo\\\/image\\\/\"}}]}<\/script>\n<!-- \/ Yoast SEO plugin. -->","yoast_head_json":{"title":"Newsletter \"Immobilien-Post\" - K\u00f6nig Immobilien","description":"\ud83d\udc49 Bleiben Sie informiert: Erhalten Sie exklusive Sylt-Immobilienangebote & Marktinsights direkt in Ihr Postfach. Jetzt kostenlos anmelden!","robots":{"index":"index","follow":"follow","max-snippet":"max-snippet:-1","max-image-preview":"max-image-preview:large","max-video-preview":"max-video-preview:-1"},"canonical":"https:\/\/www.koenig-sylt.de\/immobilien\/news\/newsletter-immobilien-post\/","og_locale":"de_DE","og_type":"article","og_title":"Newsletter \"Immobilien-Post\" - K\u00f6nig Immobilien","og_description":"\ud83d\udc49 Bleiben Sie informiert: Erhalten Sie exklusive Sylt-Immobilienangebote & Marktinsights direkt in Ihr Postfach. Jetzt kostenlos anmelden!","og_url":"https:\/\/www.koenig-sylt.de\/immobilien\/news\/newsletter-immobilien-post\/","og_site_name":"K\u00f6nig Immobilien","article_modified_time":"2025-03-06T10:12:30+00:00","og_image":[{"width":700,"height":489,"url":"https:\/\/www.koenig-sylt.de\/immobilien\/wp-content\/uploads\/2019\/05\/Newslertterkampagne_1-3-1.jpg","type":"image\/jpeg"}],"twitter_card":"summary_large_image","twitter_misc":{"Gesch\u00e4tzte Lesezeit":"1\u00a0Minute"},"schema":{"@context":"https:\/\/schema.org","@graph":[{"@type":"WebPage","@id":"https:\/\/www.koenig-sylt.de\/immobilien\/news\/newsletter-immobilien-post\/","url":"https:\/\/www.koenig-sylt.de\/immobilien\/news\/newsletter-immobilien-post\/","name":"Newsletter \"Immobilien-Post\" - K\u00f6nig Immobilien","isPartOf":{"@id":"https:\/\/www.koenig-sylt.de\/immobilien\/#website"},"primaryImageOfPage":{"@id":"https:\/\/www.koenig-sylt.de\/immobilien\/news\/newsletter-immobilien-post\/#primaryimage"},"image":{"@id":"https:\/\/www.koenig-sylt.de\/immobilien\/news\/newsletter-immobilien-post\/#primaryimage"},"thumbnailUrl":"https:\/\/www.koenig-sylt.de\/immobilien\/wp-content\/uploads\/2025\/02\/shutterstock_1033413280-scaled.jpg","datePublished":"2018-12-04T10:28:17+00:00","dateModified":"2025-03-06T10:12:30+00:00","description":"\ud83d\udc49 Bleiben Sie informiert: Erhalten Sie exklusive Sylt-Immobilienangebote & Marktinsights direkt in Ihr Postfach. Jetzt kostenlos anmelden!","breadcrumb":{"@id":"https:\/\/www.koenig-sylt.de\/immobilien\/news\/newsletter-immobilien-post\/#breadcrumb"},"inLanguage":"de","potentialAction":[{"@type":"ReadAction","target":["https:\/\/www.koenig-sylt.de\/immobilien\/news\/newsletter-immobilien-post\/"]}]},{"@type":"ImageObject","inLanguage":"de","@id":"https:\/\/www.koenig-sylt.de\/immobilien\/news\/newsletter-immobilien-post\/#primaryimage","url":"https:\/\/www.koenig-sylt.de\/immobilien\/wp-content\/uploads\/2025\/02\/shutterstock_1033413280-scaled.jpg","contentUrl":"https:\/\/www.koenig-sylt.de\/immobilien\/wp-content\/uploads\/2025\/02\/shutterstock_1033413280-scaled.jpg","width":2560,"height":1707,"caption":"Immobilien Post - Newsletter von K\u00f6nig Immobilien Sylt. Flaschenpost mit Brief liegt am Strand bei Sonnenuntergang"},{"@type":"BreadcrumbList","@id":"https:\/\/www.koenig-sylt.de\/immobilien\/news\/newsletter-immobilien-post\/#breadcrumb","itemListElement":[{"@type":"ListItem","position":1,"name":"Startseite","item":"https:\/\/www.koenig-sylt.de\/immobilien\/"},{"@type":"ListItem","position":2,"name":"News","item":"https:\/\/www.koenig-sylt.de\/immobilien\/news\/"},{"@type":"ListItem","position":3,"name":"Newsletter &#8222;Immobilien-Post&#8220;"}]},{"@type":"WebSite","@id":"https:\/\/www.koenig-sylt.de\/immobilien\/#website","url":"https:\/\/www.koenig-sylt.de\/immobilien\/","name":"K\u00f6nig Immobilien","description":"Immobilienmakler Sylt","publisher":{"@id":"https:\/\/www.koenig-sylt.de\/immobilien\/#organization"},"potentialAction":[{"@type":"SearchAction","target":{"@type":"EntryPoint","urlTemplate":"https:\/\/www.koenig-sylt.de\/immobilien\/?s={search_term_string}"},"query-input":{"@type":"PropertyValueSpecification","valueRequired":true,"valueName":"search_term_string"}}],"inLanguage":"de"},{"@type":"Organization","@id":"https:\/\/www.koenig-sylt.de\/immobilien\/#organization","name":"K\u00f6nig Immobilien","url":"https:\/\/www.koenig-sylt.de\/immobilien\/","logo":{"@type":"ImageObject","inLanguage":"de","@id":"https:\/\/www.koenig-sylt.de\/immobilien\/#\/schema\/logo\/image\/","url":"https:\/\/www.koenig-sylt.de\/immobilien\/wp-content\/uploads\/2025\/11\/KOE_Immobilien_Logo_quer_RGB.png","contentUrl":"https:\/\/www.koenig-sylt.de\/immobilien\/wp-content\/uploads\/2025\/11\/KOE_Immobilien_Logo_quer_RGB.png","width":57,"height":57,"caption":"K\u00f6nig Immobilien"},"image":{"@id":"https:\/\/www.koenig-sylt.de\/immobilien\/#\/schema\/logo\/image\/"}}]}},"_links":{"self":[{"href":"https:\/\/www.koenig-sylt.de\/immobilien\/wp-json\/wp\/v2\/pages\/44","targetHints":{"allow":["GET"]}}],"collection":[{"href":"https:\/\/www.koenig-sylt.de\/immobilien\/wp-json\/wp\/v2\/pages"}],"about":[{"href":"https:\/\/www.koenig-sylt.de\/immobilien\/wp-json\/wp\/v2\/types\/page"}],"author":[{"embeddable":true,"href":"https:\/\/www.koenig-sylt.de\/immobilien\/wp-json\/wp\/v2\/users\/1"}],"replies":[{"embeddable":true,"href":"https:\/\/www.koenig-sylt.de\/immobilien\/wp-json\/wp\/v2\/comments?post=44"}],"version-history":[{"count":205,"href":"https:\/\/www.koenig-sylt.de\/immobilien\/wp-json\/wp\/v2\/pages\/44\/revisions"}],"predecessor-version":[{"id":15410,"href":"https:\/\/www.koenig-sylt.de\/immobilien\/wp-json\/wp\/v2\/pages\/44\/revisions\/15410"}],"up":[{"embeddable":true,"href":"https:\/\/www.koenig-sylt.de\/immobilien\/wp-json\/wp\/v2\/pages\/12"}],"wp:featuredmedia":[{"embeddable":true,"href":"https:\/\/www.koenig-sylt.de\/immobilien\/wp-json\/wp\/v2\/media\/15207"}],"wp:attachment":[{"href":"https:\/\/www.koenig-sylt.de\/immobilien\/wp-json\/wp\/v2\/media?parent=44"}],"curies":[{"name":"wp","href":"https:\/\/api.w.org\/{rel}","templated":true}]}}