{"id":78,"date":"2018-12-04T10:32:26","date_gmt":"2018-12-04T10:32:26","guid":{"rendered":"https:\/\/www.koenig-sylt.de\/immobilien\/?page_id=78"},"modified":"2025-12-11T13:14:05","modified_gmt":"2025-12-11T12:14:05","slug":"standorte","status":"publish","type":"page","link":"https:\/\/www.koenig-sylt.de\/immobilien\/kontakt\/standorte\/","title":{"rendered":"Unsere Standorte"},"content":{"rendered":"\t\t<div data-elementor-type=\"wp-post\" data-elementor-id=\"78\" data-post-id=\"78\" data-obj-id=\"78\" class=\"elementor elementor-78 dce-elementor-post-78\">\n\t\t\t\t\t\t<div class=\"elementor-inner\">\n\t\t\t\t<div class=\"elementor-section-wrap\">\n\t\t\t\t\t\t\t\t\t<section class=\"elementor-section elementor-top-section elementor-element elementor-element-646bba5 elementor-section-boxed elementor-section-height-default elementor-section-height-default\" data-id=\"646bba5\" data-element_type=\"section\">\n\t\t\t\t\t\t<div class=\"elementor-container elementor-column-gap-default\">\n\t\t\t\t\t\t\t<div class=\"elementor-row\">\n\t\t\t\t\t<div class=\"elementor-column elementor-col-100 elementor-top-column elementor-element elementor-element-a503437\" data-id=\"a503437\" data-element_type=\"column\">\n\t\t\t<div class=\"elementor-column-wrap elementor-element-populated\">\n\t\t\t\t\t\t\t<div class=\"elementor-widget-wrap\">\n\t\t\t\t\t\t<div class=\"elementor-element elementor-element-ff0d7a4 elementor-widget elementor-widget-heading\" data-id=\"ff0d7a4\" data-element_type=\"widget\" data-widget_type=\"heading.default\">\n\t\t\t\t<div class=\"elementor-widget-container\">\n\t\t\t<h1 class=\"elementor-heading-title elementor-size-default\">Unsere Inselstandorte.<div>Kommen Sie uns besuchen.<span style=\"font-family: &quot;Nunito Sans&quot;, sans-serif; text-transform: uppercase;\"><\/span><\/div><\/h1>\t\t<\/div>\n\t\t\t\t<\/div>\n\t\t\t\t\t\t<\/div>\n\t\t\t\t\t<\/div>\n\t\t<\/div>\n\t\t\t\t\t\t\t\t<\/div>\n\t\t\t\t\t<\/div>\n\t\t<\/section>\n\t\t\t\t<section class=\"elementor-section elementor-top-section elementor-element elementor-element-64ce655 elementor-section-boxed elementor-section-height-default elementor-section-height-default\" data-id=\"64ce655\" data-element_type=\"section\">\n\t\t\t\t\t\t<div class=\"elementor-container elementor-column-gap-default\">\n\t\t\t\t\t\t\t<div class=\"elementor-row\">\n\t\t\t\t\t<div class=\"elementor-column elementor-col-50 elementor-top-column elementor-element elementor-element-6474b4b\" data-id=\"6474b4b\" data-element_type=\"column\">\n\t\t\t<div class=\"elementor-column-wrap elementor-element-populated\">\n\t\t\t\t\t\t\t<div class=\"elementor-widget-wrap\">\n\t\t\t\t\t\t<div class=\"elementor-element elementor-element-84bfc44 beon-mittig elementor-widget elementor-widget-text-editor\" data-id=\"84bfc44\" data-element_type=\"widget\" data-widget_type=\"text-editor.default\">\n\t\t\t\t<div class=\"elementor-widget-container\">\n\t\t\t\t\t\t\t\t<div class=\"elementor-text-editor elementor-clearfix\">\n\t\t\t\t<p><strong>B\u00dcRO WESTERLAND<br \/><\/strong>&#8211; Termine nach Vereinbarung &#8211;<\/p><p>Dr.-Ross-Str. 34<br \/>25980 Sylt\/ OT Westerland<br \/><strong>T<\/strong> <a href=\"tel:+4946519959240\">+49 (0) 4651 99 59 240<\/a><br \/><strong>E<\/strong> <a href=\"mailto:sylt@koenig-sylt.de\">sylt@koenig-sylt.de<\/a><\/p>\t\t\t\t\t<\/div>\n\t\t\t\t\t\t<\/div>\n\t\t\t\t<\/div>\n\t\t\t\t\t\t<\/div>\n\t\t\t\t\t<\/div>\n\t\t<\/div>\n\t\t\t\t<div class=\"elementor-column elementor-col-50 elementor-top-column elementor-element elementor-element-d57d66e\" data-id=\"d57d66e\" data-element_type=\"column\">\n\t\t\t<div class=\"elementor-column-wrap elementor-element-populated\">\n\t\t\t\t\t\t\t<div class=\"elementor-widget-wrap\">\n\t\t\t\t\t\t<div class=\"elementor-element elementor-element-88574e8 beon-mittig elementor-widget elementor-widget-text-editor\" data-id=\"88574e8\" data-element_type=\"widget\" data-widget_type=\"text-editor.default\">\n\t\t\t\t<div class=\"elementor-widget-container\">\n\t\t\t\t\t\t\t\t<div class=\"elementor-text-editor elementor-clearfix\">\n\t\t\t\t<p><strong>DEPENDANCE RANTUM<\/strong><br \/>&#8211; Headoffice &#8211;<\/p><p>Strandweg 5\u00a0<br \/>25980 Sylt\/ OT Rantum<br \/><strong>T<\/strong> <a href=\"tel:+4946519959240\">+49 (0) 4651 99 59 24<\/a>0<br \/><strong>E<\/strong>\u00a0<a href=\"mailto:sylt@koenig-sylt.de\">sylt@koenig-sylt.de<\/a><\/p>\t\t\t\t\t<\/div>\n\t\t\t\t\t\t<\/div>\n\t\t\t\t<\/div>\n\t\t\t\t\t\t<\/div>\n\t\t\t\t\t<\/div>\n\t\t<\/div>\n\t\t\t\t\t\t\t\t<\/div>\n\t\t\t\t\t<\/div>\n\t\t<\/section>\n\t\t\t\t<section class=\"elementor-section elementor-top-section elementor-element elementor-element-9d633bc elementor-section-boxed elementor-section-height-default elementor-section-height-default\" data-id=\"9d633bc\" data-element_type=\"section\">\n\t\t\t\t\t\t<div class=\"elementor-container elementor-column-gap-default\">\n\t\t\t\t\t\t\t<div class=\"elementor-row\">\n\t\t\t\t\t<div class=\"elementor-column elementor-col-100 elementor-top-column elementor-element elementor-element-df226cc\" data-id=\"df226cc\" data-element_type=\"column\">\n\t\t\t<div class=\"elementor-column-wrap elementor-element-populated\">\n\t\t\t\t\t\t\t<div class=\"elementor-widget-wrap\">\n\t\t\t\t\t\t<div class=\"elementor-element elementor-element-e9f9355 elementor-widget elementor-widget-heading\" data-id=\"e9f9355\" data-element_type=\"widget\" data-widget_type=\"heading.default\">\n\t\t\t\t<div class=\"elementor-widget-container\">\n\t\t\t<h2 class=\"elementor-heading-title elementor-size-default\">NUTZEN SIE UNSER KONTAKTFORMULAR<\/h2>\t\t<\/div>\n\t\t\t\t<\/div>\n\t\t\t\t<div class=\"elementor-element elementor-element-46bfd2e beon-h4 elementor-widget elementor-widget-heading\" data-id=\"46bfd2e\" data-element_type=\"widget\" data-widget_type=\"heading.default\">\n\t\t\t\t<div class=\"elementor-widget-container\">\n\t\t\t<h2 class=\"elementor-heading-title elementor-size-default\">und schreiben Sie uns an.<\/h2>\t\t<\/div>\n\t\t\t\t<\/div>\n\t\t\t\t<div class=\"elementor-element elementor-element-9abb986 beon-mittig-text elementor-widget elementor-widget-text-editor\" data-id=\"9abb986\" data-element_type=\"widget\" data-widget_type=\"text-editor.default\">\n\t\t\t\t<div class=\"elementor-widget-container\">\n\t\t\t\t\t\t\t\t<div class=\"elementor-text-editor elementor-clearfix\">\n\t\t\t\t<p>Wir freuen uns auf Ihre Anfrage, W\u00fcnsche und Anregungen und helfen gerne bei allen Belangen rund um das Thema Immobilien. <br \/>Ihr Anliegen ist bei uns in guten H\u00e4nden.<\/p>\t\t\t\t\t<\/div>\n\t\t\t\t\t\t<\/div>\n\t\t\t\t<\/div>\n\t\t\t\t\t\t<\/div>\n\t\t\t\t\t<\/div>\n\t\t<\/div>\n\t\t\t\t\t\t\t\t<\/div>\n\t\t\t\t\t<\/div>\n\t\t<\/section>\n\t\t\t\t<section class=\"elementor-section elementor-top-section elementor-element elementor-element-42fce31 elementor-section-boxed elementor-section-height-default elementor-section-height-default\" data-id=\"42fce31\" data-element_type=\"section\">\n\t\t\t\t\t\t<div class=\"elementor-container elementor-column-gap-default\">\n\t\t\t\t\t\t\t<div class=\"elementor-row\">\n\t\t\t\t\t<div class=\"elementor-column elementor-col-100 elementor-top-column elementor-element elementor-element-25b050d\" data-id=\"25b050d\" data-element_type=\"column\">\n\t\t\t<div class=\"elementor-column-wrap elementor-element-populated\">\n\t\t\t\t\t\t\t<div class=\"elementor-widget-wrap\">\n\t\t\t\t\t\t<div class=\"elementor-element elementor-element-38a355e elementor-widget elementor-widget-shortcode\" data-id=\"38a355e\" data-element_type=\"widget\" data-widget_type=\"shortcode.default\">\n\t\t\t\t<div class=\"elementor-widget-container\">\n\t\t\t\t\t<div class=\"elementor-shortcode\">\n<span style=\"display: block; text-align: center;\"><\/span>\n\n<form method=\"post\" id=\"onoffice-form\">\n\t<input type=\"hidden\" name=\"oo_formid\" value=\"Kontaktformular\">\n\t<input type=\"hidden\" name=\"oo_formno\" value=\"1\">\n\t\n\t<div class=\"container no-padding\">\n\n\t\t<div class=\"row\">\n\n\t\t\t<div class=\"col-md-12 formfeedback\">\n\n\t\t\t\t\n\t\t\t<\/div>\n\n\t\t<\/div>\n\n\t\t<div class=\"row\">\n\n\t\t<div class=\"col-md-6 formfield Vorname\"><label>Vorname*<\/label><input type=\"text\" required name=\"Vorname\" value=\"\"><\/div><div class=\"col-md-6 formfield Name\"><label>Name*<\/label><input type=\"text\" required name=\"Name\" value=\"\"><\/div><div class=\"col-md-6 formfield Strasse\"><label>Stra\u00dfe*<\/label><input type=\"text\" required name=\"Strasse\" value=\"\"><\/div><div class=\"col-md-6 formfield Plz\"><label>Plz*<\/label><input type=\"text\" required name=\"Plz\" value=\"\"><\/div><div class=\"col-md-6 formfield Ort\"><label>Ort*<\/label><input type=\"text\" required name=\"Ort\" value=\"\"><\/div><div class=\"col-md-6 formfield Telefon1\"><label>Telefonnummern*<\/label><input type=\"text\" required name=\"Telefon1\" value=\"\"><\/div><div class=\"col-md-6 formfield Email\"><label>E-Mail*<\/label><input type=\"text\" required name=\"Email\" value=\"\"><\/div>\t\t\t<div class=\"col-md-6 formfield oO-schutzCss\">\n\t\t\t\t<label for=\"titleh\" class=\"oO-schutzCss\">Titel<\/label>\n\t\t\t\t<input id=\"titleh\" class=\"oO-schutz oO-schutzCss\" type=\"text\" name=\"titleh\" autocomplete=\"off\" placeholder=\"Titel\">\n\t\t\t<\/div>\n\n\t\t\t<div class=\"col-md-6 formfield oO-schutzCss\">\n\t\t\t\t<input id=\"addressh\" class=\"oO-schutz oO-schutzCss\" autocomplete=\"off\" type=\"text\" name=\"addressh\" placeholder=\"Adresse\">\n\t\t\t\t<label for=\"addressh\" class=\"oO-schutzCss\">Adresse<\/label>\n\t\t\t<\/div>\n\n\t\t\t<div class=\"col-md-12 formfield\">\n\t\t\t\t<label>Hinweise\/Bemerkungen<\/label>\n\t\t\t\t<textarea rows=\"4\" name=\"message\"><\/textarea>\n\t\t\t<\/div>\n\n\t\t\t<div class=\"col-md-12 data-checkbox\">\n\t\t\t\t<label for=\"datenschutz\"><input type=\"checkbox\" required=\"required\" id=\"datenschutz\">Ich habe die <a href=\"https:\/\/www.koenig-sylt.de\/immobilien\/datenschutz\">Datenschutzbestimmungen<\/a> gelesen und bin mit ihnen einverstanden.*<\/label>\n\t\t\t<\/div>\n\n\t\t\t<div class=\"col-md-12 formfield schutz-btn\">\n\t\t\t\t\t<script>\n\t\tfunction submitForm1() {\n\t\t\tconst selectorFormById = `form[id=\"onoffice-form\"] input[name=\"oo_formno\"][value=\"1\"]`;\n\t\t\tconst form = document.querySelector(selectorFormById).closest('#onoffice-form, .oo-form, #leadgeneratorform');\n\t\t\tconst submitButtonElement = form.querySelector('.submit_button');\n\t\t\tform.submit();\n\t\t\tsubmitButtonElement.disabled = true;\n\t\t\tsubmitButtonElement.classList.add('onoffice-unclickable-form');\n\t\t}\n\t<\/script>\n\t<div class=\"g-recaptcha\"\n\t\tdata-sitekey=\"6LckRBIkAAAAALNISrS7ohEcs8azaTZf0zF4xKXy\" \n\t\tdata-callback=\"submitForm1\" data-size=\"invisible\">\n\t<\/div>\n\t<button class=\"submit_button\">\n\t\tAbsenden\t<\/button>\n\t<script>\n\t\t(function() {\n\t\t\tconst selectorFormById = `form[id=\"onoffice-form\"] input[name=\"oo_formno\"][value=\"1\"]`;\n\t\t\tconst form = document.querySelector(selectorFormById).closest('#onoffice-form, .oo-form, #leadgeneratorform');\n\t\t\tconst submitButtonElement = form.querySelector('.submit_button');\n\t\t\tonOffice.captchaControl(form, submitButtonElement);\n\t\t})();\n\t<\/script>\n\t\t\t<\/div>\n\n\t\t\t<div class=\"col-md-12 formfield\">\n\t\t\t\t<p>Felder mit * sind Pflichtfelder und m\u00fcssen ausgef\u00fcllt werden.<\/p>\n\t\t\t<\/div>\n\n\t\t<br>\t\t\t\n\n\t\t<\/div>\n\n\t<\/div>\n\n<\/form>\n\n<style>\n.oO-schutzCss {\n\topacity: 0;\n\tposition: absolute;\n\ttop: 0;\n\tleft: 0;\n\theight: 0;\n\twidth: 0;\n\tz-index: -1;\n}\n<\/style><\/div>\n\t\t\t\t<\/div>\n\t\t\t\t<\/div>\n\t\t\t\t<div class=\"elementor-element elementor-element-9328de5 elementor-widget elementor-widget-shortcode\" data-id=\"9328de5\" data-element_type=\"widget\" data-widget_type=\"shortcode.default\">\n\t\t\t\t<div class=\"elementor-widget-container\">\n\t\t\t\t\t<div class=\"elementor-shortcode\">[borlabs-cookie id=\"recaptcha\" type=\"content-blocker\"]Google reCAPTCHA wurde geladen.[\/borlabs-cookie]<\/div>\n\t\t\t\t<\/div>\n\t\t\t\t<\/div>\n\t\t\t\t\t\t<\/div>\n\t\t\t\t\t<\/div>\n\t\t<\/div>\n\t\t\t\t\t\t\t\t<\/div>\n\t\t\t\t\t<\/div>\n\t\t<\/section>\n\t\t\t\t<section data-dce-background-image-url=\"https:\/\/www.koenig-sylt.de\/immobilien\/wp-content\/uploads\/2021\/05\/Morsum-Kliff-scaled.jpg\" class=\"elementor-section elementor-top-section elementor-element elementor-element-8d201c4 elementor-section-boxed elementor-section-height-default elementor-section-height-default\" data-id=\"8d201c4\" data-element_type=\"section\" data-settings=\"{&quot;background_background&quot;:&quot;classic&quot;}\">\n\t\t\t\t\t\t<div class=\"elementor-container elementor-column-gap-default\">\n\t\t\t\t\t\t\t<div class=\"elementor-row\">\n\t\t\t\t\t<div class=\"elementor-column elementor-col-100 elementor-top-column elementor-element elementor-element-46931796\" data-id=\"46931796\" data-element_type=\"column\">\n\t\t\t<div class=\"elementor-column-wrap elementor-element-populated\">\n\t\t\t\t\t\t\t<div class=\"elementor-widget-wrap\">\n\t\t\t\t\t\t<div class=\"elementor-element elementor-element-5022afca beon-h4 elementor-widget elementor-widget-heading\" data-id=\"5022afca\" data-element_type=\"widget\" data-widget_type=\"heading.default\">\n\t\t\t\t<div class=\"elementor-widget-container\">\n\t\t\t<h2 class=\"elementor-heading-title elementor-size-default\">Morsum<\/h2>\t\t<\/div>\n\t\t\t\t<\/div>\n\t\t\t\t<div class=\"elementor-element elementor-element-54fe67ff elementor-widget elementor-widget-heading\" data-id=\"54fe67ff\" data-element_type=\"widget\" data-widget_type=\"heading.default\">\n\t\t\t\t<div class=\"elementor-widget-container\">\n\t\t\t<h2 class=\"elementor-heading-title elementor-size-default\">das l\u00e4ndliche Idyll.<\/h2>\t\t<\/div>\n\t\t\t\t<\/div>\n\t\t\t\t\t\t<\/div>\n\t\t\t\t\t<\/div>\n\t\t<\/div>\n\t\t\t\t\t\t\t\t<\/div>\n\t\t\t\t\t<\/div>\n\t\t<\/section>\n\t\t\t\t\t\t\t\t\t<\/div>\n\t\t\t<\/div>\n\t\t\t\t\t<\/div>\n\t\t","protected":false},"excerpt":{"rendered":"Unsere Inselstandorte.Kommen Sie uns besuchen. B\u00dcRO WESTERLAND&#8211; Termine nach Vereinbarung [&hellip;]","protected":false},"author":1,"featured_media":0,"parent":18,"menu_order":0,"comment_status":"closed","ping_status":"closed","template":"elementor_header_footer","meta":{"footnotes":""},"class_list":["post-78","page","type-page","status-publish","hentry"],"acf":[],"yoast_head":"<!-- This site is optimized with the Yoast SEO plugin v27.3 - https:\/\/yoast.com\/product\/yoast-seo-wordpress\/ -->\n<title>Unsere Standorte - K\u00f6nig Immobilien<\/title>\n<meta name=\"description\" content=\"Besuchen Sie die Standorte von K\u00f6nig Immobilien. Unserer Immobilienberater beraten Sie mit ganzheitlich mit gro\u00dfer Expertise und Erfahrung.\" \/>\n<meta name=\"robots\" content=\"index, follow, max-snippet:-1, max-image-preview:large, max-video-preview:-1\" \/>\n<link rel=\"canonical\" href=\"https:\/\/www.koenig-sylt.de\/immobilien\/kontakt\/standorte\/\" \/>\n<meta property=\"og:locale\" content=\"de_DE\" \/>\n<meta property=\"og:type\" content=\"article\" \/>\n<meta property=\"og:title\" content=\"Unsere Standorte - K\u00f6nig Immobilien\" \/>\n<meta property=\"og:description\" content=\"Besuchen Sie die Standorte von K\u00f6nig Immobilien. Unserer Immobilienberater beraten Sie mit ganzheitlich mit gro\u00dfer Expertise und Erfahrung.\" \/>\n<meta property=\"og:url\" content=\"https:\/\/www.koenig-sylt.de\/immobilien\/kontakt\/standorte\/\" \/>\n<meta property=\"og:site_name\" content=\"K\u00f6nig Immobilien\" \/>\n<meta property=\"article:modified_time\" content=\"2025-12-11T12:14:05+00:00\" \/>\n<meta name=\"twitter:card\" content=\"summary_large_image\" \/>\n<meta name=\"twitter:label1\" content=\"Gesch\u00e4tzte Lesezeit\" \/>\n\t<meta name=\"twitter:data1\" content=\"2\u00a0Minuten\" \/>\n<script type=\"application\/ld+json\" class=\"yoast-schema-graph\">{\"@context\":\"https:\\\/\\\/schema.org\",\"@graph\":[{\"@type\":\"WebPage\",\"@id\":\"https:\\\/\\\/www.koenig-sylt.de\\\/immobilien\\\/kontakt\\\/standorte\\\/\",\"url\":\"https:\\\/\\\/www.koenig-sylt.de\\\/immobilien\\\/kontakt\\\/standorte\\\/\",\"name\":\"Unsere Standorte - K\u00f6nig Immobilien\",\"isPartOf\":{\"@id\":\"https:\\\/\\\/www.koenig-sylt.de\\\/immobilien\\\/#website\"},\"datePublished\":\"2018-12-04T10:32:26+00:00\",\"dateModified\":\"2025-12-11T12:14:05+00:00\",\"description\":\"Besuchen Sie die Standorte von K\u00f6nig Immobilien. Unserer Immobilienberater beraten Sie mit ganzheitlich mit gro\u00dfer Expertise und Erfahrung.\",\"breadcrumb\":{\"@id\":\"https:\\\/\\\/www.koenig-sylt.de\\\/immobilien\\\/kontakt\\\/standorte\\\/#breadcrumb\"},\"inLanguage\":\"de\",\"potentialAction\":[{\"@type\":\"ReadAction\",\"target\":[\"https:\\\/\\\/www.koenig-sylt.de\\\/immobilien\\\/kontakt\\\/standorte\\\/\"]}]},{\"@type\":\"BreadcrumbList\",\"@id\":\"https:\\\/\\\/www.koenig-sylt.de\\\/immobilien\\\/kontakt\\\/standorte\\\/#breadcrumb\",\"itemListElement\":[{\"@type\":\"ListItem\",\"position\":1,\"name\":\"Startseite\",\"item\":\"https:\\\/\\\/www.koenig-sylt.de\\\/immobilien\\\/\"},{\"@type\":\"ListItem\",\"position\":2,\"name\":\"Kontakt\",\"item\":\"https:\\\/\\\/www.koenig-sylt.de\\\/immobilien\\\/kontakt\\\/\"},{\"@type\":\"ListItem\",\"position\":3,\"name\":\"Unsere Standorte\"}]},{\"@type\":\"WebSite\",\"@id\":\"https:\\\/\\\/www.koenig-sylt.de\\\/immobilien\\\/#website\",\"url\":\"https:\\\/\\\/www.koenig-sylt.de\\\/immobilien\\\/\",\"name\":\"K\u00f6nig Immobilien\",\"description\":\"Immobilienmakler Sylt\",\"publisher\":{\"@id\":\"https:\\\/\\\/www.koenig-sylt.de\\\/immobilien\\\/#organization\"},\"potentialAction\":[{\"@type\":\"SearchAction\",\"target\":{\"@type\":\"EntryPoint\",\"urlTemplate\":\"https:\\\/\\\/www.koenig-sylt.de\\\/immobilien\\\/?s={search_term_string}\"},\"query-input\":{\"@type\":\"PropertyValueSpecification\",\"valueRequired\":true,\"valueName\":\"search_term_string\"}}],\"inLanguage\":\"de\"},{\"@type\":\"Organization\",\"@id\":\"https:\\\/\\\/www.koenig-sylt.de\\\/immobilien\\\/#organization\",\"name\":\"K\u00f6nig Immobilien\",\"url\":\"https:\\\/\\\/www.koenig-sylt.de\\\/immobilien\\\/\",\"logo\":{\"@type\":\"ImageObject\",\"inLanguage\":\"de\",\"@id\":\"https:\\\/\\\/www.koenig-sylt.de\\\/immobilien\\\/#\\\/schema\\\/logo\\\/image\\\/\",\"url\":\"https:\\\/\\\/www.koenig-sylt.de\\\/immobilien\\\/wp-content\\\/uploads\\\/2025\\\/11\\\/KOE_Immobilien_Logo_quer_RGB.png\",\"contentUrl\":\"https:\\\/\\\/www.koenig-sylt.de\\\/immobilien\\\/wp-content\\\/uploads\\\/2025\\\/11\\\/KOE_Immobilien_Logo_quer_RGB.png\",\"width\":57,\"height\":57,\"caption\":\"K\u00f6nig Immobilien\"},\"image\":{\"@id\":\"https:\\\/\\\/www.koenig-sylt.de\\\/immobilien\\\/#\\\/schema\\\/logo\\\/image\\\/\"}}]}<\/script>\n<!-- \/ Yoast SEO plugin. -->","yoast_head_json":{"title":"Unsere Standorte - K\u00f6nig Immobilien","description":"Besuchen Sie die Standorte von K\u00f6nig Immobilien. Unserer Immobilienberater beraten Sie mit ganzheitlich mit gro\u00dfer Expertise und Erfahrung.","robots":{"index":"index","follow":"follow","max-snippet":"max-snippet:-1","max-image-preview":"max-image-preview:large","max-video-preview":"max-video-preview:-1"},"canonical":"https:\/\/www.koenig-sylt.de\/immobilien\/kontakt\/standorte\/","og_locale":"de_DE","og_type":"article","og_title":"Unsere Standorte - K\u00f6nig Immobilien","og_description":"Besuchen Sie die Standorte von K\u00f6nig Immobilien. Unserer Immobilienberater beraten Sie mit ganzheitlich mit gro\u00dfer Expertise und Erfahrung.","og_url":"https:\/\/www.koenig-sylt.de\/immobilien\/kontakt\/standorte\/","og_site_name":"K\u00f6nig Immobilien","article_modified_time":"2025-12-11T12:14:05+00:00","twitter_card":"summary_large_image","twitter_misc":{"Gesch\u00e4tzte Lesezeit":"2\u00a0Minuten"},"schema":{"@context":"https:\/\/schema.org","@graph":[{"@type":"WebPage","@id":"https:\/\/www.koenig-sylt.de\/immobilien\/kontakt\/standorte\/","url":"https:\/\/www.koenig-sylt.de\/immobilien\/kontakt\/standorte\/","name":"Unsere Standorte - K\u00f6nig Immobilien","isPartOf":{"@id":"https:\/\/www.koenig-sylt.de\/immobilien\/#website"},"datePublished":"2018-12-04T10:32:26+00:00","dateModified":"2025-12-11T12:14:05+00:00","description":"Besuchen Sie die Standorte von K\u00f6nig Immobilien. Unserer Immobilienberater beraten Sie mit ganzheitlich mit gro\u00dfer Expertise und Erfahrung.","breadcrumb":{"@id":"https:\/\/www.koenig-sylt.de\/immobilien\/kontakt\/standorte\/#breadcrumb"},"inLanguage":"de","potentialAction":[{"@type":"ReadAction","target":["https:\/\/www.koenig-sylt.de\/immobilien\/kontakt\/standorte\/"]}]},{"@type":"BreadcrumbList","@id":"https:\/\/www.koenig-sylt.de\/immobilien\/kontakt\/standorte\/#breadcrumb","itemListElement":[{"@type":"ListItem","position":1,"name":"Startseite","item":"https:\/\/www.koenig-sylt.de\/immobilien\/"},{"@type":"ListItem","position":2,"name":"Kontakt","item":"https:\/\/www.koenig-sylt.de\/immobilien\/kontakt\/"},{"@type":"ListItem","position":3,"name":"Unsere Standorte"}]},{"@type":"WebSite","@id":"https:\/\/www.koenig-sylt.de\/immobilien\/#website","url":"https:\/\/www.koenig-sylt.de\/immobilien\/","name":"K\u00f6nig Immobilien","description":"Immobilienmakler Sylt","publisher":{"@id":"https:\/\/www.koenig-sylt.de\/immobilien\/#organization"},"potentialAction":[{"@type":"SearchAction","target":{"@type":"EntryPoint","urlTemplate":"https:\/\/www.koenig-sylt.de\/immobilien\/?s={search_term_string}"},"query-input":{"@type":"PropertyValueSpecification","valueRequired":true,"valueName":"search_term_string"}}],"inLanguage":"de"},{"@type":"Organization","@id":"https:\/\/www.koenig-sylt.de\/immobilien\/#organization","name":"K\u00f6nig Immobilien","url":"https:\/\/www.koenig-sylt.de\/immobilien\/","logo":{"@type":"ImageObject","inLanguage":"de","@id":"https:\/\/www.koenig-sylt.de\/immobilien\/#\/schema\/logo\/image\/","url":"https:\/\/www.koenig-sylt.de\/immobilien\/wp-content\/uploads\/2025\/11\/KOE_Immobilien_Logo_quer_RGB.png","contentUrl":"https:\/\/www.koenig-sylt.de\/immobilien\/wp-content\/uploads\/2025\/11\/KOE_Immobilien_Logo_quer_RGB.png","width":57,"height":57,"caption":"K\u00f6nig Immobilien"},"image":{"@id":"https:\/\/www.koenig-sylt.de\/immobilien\/#\/schema\/logo\/image\/"}}]}},"_links":{"self":[{"href":"https:\/\/www.koenig-sylt.de\/immobilien\/wp-json\/wp\/v2\/pages\/78","targetHints":{"allow":["GET"]}}],"collection":[{"href":"https:\/\/www.koenig-sylt.de\/immobilien\/wp-json\/wp\/v2\/pages"}],"about":[{"href":"https:\/\/www.koenig-sylt.de\/immobilien\/wp-json\/wp\/v2\/types\/page"}],"author":[{"embeddable":true,"href":"https:\/\/www.koenig-sylt.de\/immobilien\/wp-json\/wp\/v2\/users\/1"}],"replies":[{"embeddable":true,"href":"https:\/\/www.koenig-sylt.de\/immobilien\/wp-json\/wp\/v2\/comments?post=78"}],"version-history":[{"count":154,"href":"https:\/\/www.koenig-sylt.de\/immobilien\/wp-json\/wp\/v2\/pages\/78\/revisions"}],"predecessor-version":[{"id":15845,"href":"https:\/\/www.koenig-sylt.de\/immobilien\/wp-json\/wp\/v2\/pages\/78\/revisions\/15845"}],"up":[{"embeddable":true,"href":"https:\/\/www.koenig-sylt.de\/immobilien\/wp-json\/wp\/v2\/pages\/18"}],"wp:attachment":[{"href":"https:\/\/www.koenig-sylt.de\/immobilien\/wp-json\/wp\/v2\/media?parent=78"}],"curies":[{"name":"wp","href":"https:\/\/api.w.org\/{rel}","templated":true}]}}