{"id":2462,"date":"2021-09-08T16:16:00","date_gmt":"2021-09-08T14:16:00","guid":{"rendered":"https:\/\/www.koenig-sylt.de\/project\/?page_id=2462"},"modified":"2024-04-10T09:15:08","modified_gmt":"2024-04-10T07:15:08","slug":"projektablauf","status":"publish","type":"page","link":"https:\/\/www.koenig-sylt.de\/project\/projektablauf\/","title":{"rendered":"Projektablauf"},"content":{"rendered":"\t\t<div data-elementor-type=\"wp-page\" data-elementor-id=\"2462\" class=\"elementor elementor-2462\" data-elementor-post-type=\"page\">\n\t\t\t\t\t\t<section data-dce-background-overlay-color=\"#000000\" data-dce-background-image-url=\"https:\/\/www.koenig-sylt.de\/project\/wp-content\/uploads\/2024\/01\/0H5A7824.jpg\" class=\"elementor-section elementor-top-section elementor-element elementor-element-499f2e44 elementor-section-boxed elementor-section-height-default elementor-section-height-default\" data-id=\"499f2e44\" data-element_type=\"section\" data-settings=\"{&quot;background_background&quot;:&quot;classic&quot;}\">\n\t\t\t\t\t\t\t<div class=\"elementor-background-overlay\"><\/div>\n\t\t\t\t\t\t\t<div class=\"elementor-container elementor-column-gap-default\">\n\t\t\t\t\t<div class=\"elementor-column elementor-col-100 elementor-top-column elementor-element elementor-element-16bc3896\" data-id=\"16bc3896\" data-element_type=\"column\">\n\t\t\t<div class=\"elementor-widget-wrap elementor-element-populated\">\n\t\t\t\t\t\t<div class=\"elementor-element elementor-element-10f2d2ad elementor-widget elementor-widget-heading\" data-id=\"10f2d2ad\" data-element_type=\"widget\" data-widget_type=\"heading.default\">\n\t\t\t\t<div class=\"elementor-widget-container\">\n\t\t\t<h1 class=\"elementor-heading-title elementor-size-default\">PROJEKTABLAUF<div class=\"beon-color-fff\">bei K\u00f6nig Project.<\/div><\/h1>\t\t<\/div>\n\t\t\t\t<\/div>\n\t\t\t\t\t<\/div>\n\t\t<\/div>\n\t\t\t\t\t<\/div>\n\t\t<\/section>\n\t\t\t\t<section class=\"elementor-section elementor-top-section elementor-element elementor-element-1c0856ff elementor-section-boxed elementor-section-height-default elementor-section-height-default\" data-id=\"1c0856ff\" data-element_type=\"section\">\n\t\t\t\t\t\t<div class=\"elementor-container elementor-column-gap-default\">\n\t\t\t\t\t<div class=\"elementor-column elementor-col-100 elementor-top-column elementor-element elementor-element-7816b0dc\" data-id=\"7816b0dc\" data-element_type=\"column\">\n\t\t\t<div class=\"elementor-widget-wrap elementor-element-populated\">\n\t\t\t\t\t\t<div class=\"elementor-element elementor-element-bc872f5 elementor-widget elementor-widget-heading\" data-id=\"bc872f5\" data-element_type=\"widget\" data-widget_type=\"heading.default\">\n\t\t\t\t<div class=\"elementor-widget-container\">\n\t\t\t<h3 class=\"elementor-heading-title elementor-size-default\">ENTDECKEN SIE, WIE WIR EIN NEUBAU-PROJEKT ENTWICKELN<\/h3>\t\t<\/div>\n\t\t\t\t<\/div>\n\t\t\t\t\t<\/div>\n\t\t<\/div>\n\t\t\t\t\t<\/div>\n\t\t<\/section>\n\t\t\t\t<section class=\"elementor-section elementor-top-section elementor-element elementor-element-da5d004 elementor-section-boxed elementor-section-height-default elementor-section-height-default\" data-id=\"da5d004\" data-element_type=\"section\">\n\t\t\t\t\t\t<div class=\"elementor-container elementor-column-gap-default\">\n\t\t\t\t\t<div class=\"elementor-column elementor-col-100 elementor-top-column elementor-element elementor-element-c822aaa\" data-id=\"c822aaa\" data-element_type=\"column\">\n\t\t\t<div class=\"elementor-widget-wrap elementor-element-populated\">\n\t\t\t\t\t\t<div class=\"elementor-element elementor-element-5dc52d3 elementor-widget elementor-widget-text-editor\" data-id=\"5dc52d3\" data-element_type=\"widget\" data-widget_type=\"text-editor.default\">\n\t\t\t\t<div class=\"elementor-widget-container\">\n\t\t\t\t\t\t\t<p>Ein Bauprojekt will gut geplant und \u00fcberlegt sein. Von einer Bewertung der Lage, einer wirtschaftlichen Kostenplanung, bis zur Kl\u00e4rung der baulichen M\u00f6glichkeiten. Gefolgt von der Festlegung der Baumaterialien und sp\u00e4ter den Details zur Innenausstattung gibt es viele Einzelschritte zu ber\u00fccksichtigen. Unser Ziel bei der Planung unser Neubauprojekte ist stets eine erstklassige Ausf\u00fchrung. Damit wir &#8211; und vor allem Sie als zuk\u00fcnftiger K\u00e4ufer &#8211; zufrieden sind mit der Immobilie und sich in Ihrem Inseldomizil durch und durch wohlf\u00fchlen k\u00f6nnen.<\/p>\t\t\t\t\t\t<\/div>\n\t\t\t\t<\/div>\n\t\t\t\t\t<\/div>\n\t\t<\/div>\n\t\t\t\t\t<\/div>\n\t\t<\/section>\n\t\t\t\t<section class=\"elementor-section elementor-top-section elementor-element elementor-element-d133e1c elementor-section-boxed elementor-section-height-default elementor-section-height-default\" data-id=\"d133e1c\" data-element_type=\"section\">\n\t\t\t\t\t\t<div class=\"elementor-container elementor-column-gap-default\">\n\t\t\t\t\t<div class=\"elementor-column elementor-col-50 elementor-top-column elementor-element elementor-element-fd09206\" data-id=\"fd09206\" data-element_type=\"column\">\n\t\t\t<div class=\"elementor-widget-wrap elementor-element-populated\">\n\t\t\t\t\t\t<div class=\"elementor-element elementor-element-b63eef3 elementor-flip-box--effect-flip elementor-flip-box--direction-up elementor-widget elementor-widget-flip-box\" data-id=\"b63eef3\" data-element_type=\"widget\" data-widget_type=\"flip-box.default\">\n\t\t\t\t<div class=\"elementor-widget-container\">\n\t\t\t\t\t<div class=\"elementor-flip-box\" tabindex=\"0\">\n\t\t\t<div class=\"elementor-flip-box__layer elementor-flip-box__front\">\n\t\t\t\t<div class=\"elementor-flip-box__layer__overlay\">\n\t\t\t\t\t<div class=\"elementor-flip-box__layer__inner\">\n\t\t\t\t\t\t\n\t\t\t\t\t\t\t\t\t\t\t\t\t<h3 class=\"elementor-flip-box__layer__title\">\n\t\t\t\t\t\t\t\tPLANUNG\t\t\t\t\t\t\t<\/h3>\n\t\t\t\t\t\t\n\t\t\t\t\t\t\t\t\t\t\t\t\t<div class=\"elementor-flip-box__layer__description\">\n\t\t\t\t\t\t\t\tSchritt 1\t\t\t\t\t\t\t<\/div>\n\t\t\t\t\t\t\t\t\t\t\t<\/div>\n\t\t\t\t<\/div>\n\t\t\t<\/div>\n\t\t\t<div class=\"elementor-flip-box__layer elementor-flip-box__back\">\n\t\t\t<div class=\"elementor-flip-box__layer__overlay\">\n\t\t\t\t<div class=\"elementor-flip-box__layer__inner\">\n\t\t\t\t\t\n\t\t\t\t\t\t\t\t\t\t\t<div class=\"elementor-flip-box__layer__description\">\n\t\t\t\t\t\t\tWir holen Genehmigungen ein, beauftragen den Architekten, die Baufirma sowie die Handwerker. Je nach Baufortschritt ber\u00fccksichtigen wir Ihre pers\u00f6nlichen Planungsw\u00fcnsche in unserem Bauvorhaben.  \t\t\t\t\t\t<\/div>\n\t\t\t\t\t\n\t\t\t\t\t\t\t\t<\/div>\n\t\t<\/div>\n\t\t<\/div>\n\t\t<\/div>\n\t\t\t\t<\/div>\n\t\t\t\t<\/div>\n\t\t\t\t<div class=\"elementor-element elementor-element-d99708e elementor-widget elementor-widget-text-editor\" data-id=\"d99708e\" data-element_type=\"widget\" data-widget_type=\"text-editor.default\">\n\t\t\t\t<div class=\"elementor-widget-container\">\n\t\t\t\t\t\t\t<p>Wir kaufen nur die besten Lagen, von denen wir \u00fcberzeugt sind. In dieser Phase helfen uns unsere umfangreiche Erfahrung, eine gute und umfassende Projektplanung und intelligent angelegte Grundrisse.<\/p>\t\t\t\t\t\t<\/div>\n\t\t\t\t<\/div>\n\t\t\t\t\t<\/div>\n\t\t<\/div>\n\t\t\t\t<div class=\"elementor-column elementor-col-50 elementor-top-column elementor-element elementor-element-86c6cb9\" data-id=\"86c6cb9\" data-element_type=\"column\">\n\t\t\t<div class=\"elementor-widget-wrap elementor-element-populated\">\n\t\t\t\t\t\t<div class=\"elementor-element elementor-element-5c6a00d elementor-widget__width-inherit elementor-flip-box--effect-flip elementor-flip-box--direction-up elementor-widget elementor-widget-flip-box\" data-id=\"5c6a00d\" data-element_type=\"widget\" data-widget_type=\"flip-box.default\">\n\t\t\t\t<div class=\"elementor-widget-container\">\n\t\t\t\t\t<div class=\"elementor-flip-box\" tabindex=\"0\">\n\t\t\t<div class=\"elementor-flip-box__layer elementor-flip-box__front\">\n\t\t\t\t<div class=\"elementor-flip-box__layer__overlay\">\n\t\t\t\t\t<div class=\"elementor-flip-box__layer__inner\">\n\t\t\t\t\t\t\n\t\t\t\t\t\t\t\t\t\t\t\t\t<h3 class=\"elementor-flip-box__layer__title\">\n\t\t\t\t\t\t\t\tBAUBEGINN\t\t\t\t\t\t\t<\/h3>\n\t\t\t\t\t\t\n\t\t\t\t\t\t\t\t\t\t\t\t\t<div class=\"elementor-flip-box__layer__description\">\n\t\t\t\t\t\t\t\tSchritt 2\t\t\t\t\t\t\t<\/div>\n\t\t\t\t\t\t\t\t\t\t\t<\/div>\n\t\t\t\t<\/div>\n\t\t\t<\/div>\n\t\t\t<div class=\"elementor-flip-box__layer elementor-flip-box__back\">\n\t\t\t<div class=\"elementor-flip-box__layer__overlay\">\n\t\t\t\t<div class=\"elementor-flip-box__layer__inner\">\n\t\t\t\t\t\n\t\t\t\t\t\t\t\t\t\t\t<div class=\"elementor-flip-box__layer__description\">\n\t\t\t\t\t\t\tSobald der Bau beginnt, greifen wir auf ein etabliertes Netzwerk aus regionalen und professionellen Unternehmen zur\u00fcck. Ihre hohen Anspr\u00fcche sind unser Antrieb, mit dem Ziel eine hochwertige Immobilie zu bauen.\t\t\t\t\t\t<\/div>\n\t\t\t\t\t\n\t\t\t\t\t\t\t\t<\/div>\n\t\t<\/div>\n\t\t<\/div>\n\t\t<\/div>\n\t\t\t\t<\/div>\n\t\t\t\t<\/div>\n\t\t\t\t<div class=\"elementor-element elementor-element-1319467 elementor-widget elementor-widget-text-editor\" data-id=\"1319467\" data-element_type=\"widget\" data-widget_type=\"text-editor.default\">\n\t\t\t\t<div class=\"elementor-widget-container\">\n\t\t\t\t\t\t\t<p>Nach Planung der baulichen M\u00f6glichkeiten beginnt die Grundsteinlegung auf dem Grundst\u00fcck. Ebenso kann es, je nach Planung notwendig sein, den Abriss zu organisieren oder die Sanierungsarbeiten zu koordinieren.\u00a0<\/p>\t\t\t\t\t\t<\/div>\n\t\t\t\t<\/div>\n\t\t\t\t\t<\/div>\n\t\t<\/div>\n\t\t\t\t\t<\/div>\n\t\t<\/section>\n\t\t\t\t<section class=\"elementor-section elementor-top-section elementor-element elementor-element-62226e5 elementor-section-boxed elementor-section-height-default elementor-section-height-default\" data-id=\"62226e5\" data-element_type=\"section\">\n\t\t\t\t\t\t<div class=\"elementor-container elementor-column-gap-default\">\n\t\t\t\t\t<div class=\"elementor-column elementor-col-50 elementor-top-column elementor-element elementor-element-c563d45\" data-id=\"c563d45\" data-element_type=\"column\">\n\t\t\t<div class=\"elementor-widget-wrap elementor-element-populated\">\n\t\t\t\t\t\t<div class=\"elementor-element elementor-element-6faeeb9 elementor-widget__width-inherit elementor-flip-box--effect-flip elementor-flip-box--direction-up elementor-widget elementor-widget-flip-box\" data-id=\"6faeeb9\" data-element_type=\"widget\" data-widget_type=\"flip-box.default\">\n\t\t\t\t<div class=\"elementor-widget-container\">\n\t\t\t\t\t<div class=\"elementor-flip-box\" tabindex=\"0\">\n\t\t\t<div class=\"elementor-flip-box__layer elementor-flip-box__front\">\n\t\t\t\t<div class=\"elementor-flip-box__layer__overlay\">\n\t\t\t\t\t<div class=\"elementor-flip-box__layer__inner\">\n\t\t\t\t\t\t\n\t\t\t\t\t\t\t\t\t\t\t\t\t<h3 class=\"elementor-flip-box__layer__title\">\n\t\t\t\t\t\t\t\tBAUBETREUUNG\t\t\t\t\t\t\t<\/h3>\n\t\t\t\t\t\t\n\t\t\t\t\t\t\t\t\t\t\t\t\t<div class=\"elementor-flip-box__layer__description\">\n\t\t\t\t\t\t\t\tSchritt 3\t\t\t\t\t\t\t<\/div>\n\t\t\t\t\t\t\t\t\t\t\t<\/div>\n\t\t\t\t<\/div>\n\t\t\t<\/div>\n\t\t\t<div class=\"elementor-flip-box__layer elementor-flip-box__back\">\n\t\t\t<div class=\"elementor-flip-box__layer__overlay\">\n\t\t\t\t<div class=\"elementor-flip-box__layer__inner\">\n\t\t\t\t\t\n\t\t\t\t\t\t\t\t\t\t\t<div class=\"elementor-flip-box__layer__description\">\n\t\t\t\t\t\t\tEine kompetente, sorgf\u00e4ltige Projektleitung w\u00e4hrend der einzelnen Bauabschnitte ist durch unsere Mitarbeiter bei K\u00f6nig Project gew\u00e4hrleistet. Regelm\u00e4\u00dfige Pr\u00fcfungen garantieren die Umsetzung und Einhaltung der Baubeschreibung.\t\t\t\t\t\t<\/div>\n\t\t\t\t\t\n\t\t\t\t\t\t\t\t<\/div>\n\t\t<\/div>\n\t\t<\/div>\n\t\t<\/div>\n\t\t\t\t<\/div>\n\t\t\t\t<\/div>\n\t\t\t\t<div class=\"elementor-element elementor-element-3a907e2 elementor-widget elementor-widget-text-editor\" data-id=\"3a907e2\" data-element_type=\"widget\" data-widget_type=\"text-editor.default\">\n\t\t\t\t<div class=\"elementor-widget-container\">\n\t\t\t\t\t\t\t<p>Der Neubau nimmt konkrete Formen an. Meist entsteht in einem Zeitfenster von ca. 1,5 &#8211; 2 Jahren das fertige Projekt. Je nach Bautenstand kann in den Bauphasen durch die Interessenten\/ zuk\u00fcnftigen K\u00e4ufer noch Einfluss auf Details des Neubaus genommen werden.<\/p>\t\t\t\t\t\t<\/div>\n\t\t\t\t<\/div>\n\t\t\t\t\t<\/div>\n\t\t<\/div>\n\t\t\t\t<div class=\"elementor-column elementor-col-50 elementor-top-column elementor-element elementor-element-c839f6c\" data-id=\"c839f6c\" data-element_type=\"column\">\n\t\t\t<div class=\"elementor-widget-wrap elementor-element-populated\">\n\t\t\t\t\t\t<div class=\"elementor-element elementor-element-1523856 elementor-widget__width-inherit elementor-flip-box--effect-flip elementor-flip-box--direction-up elementor-widget elementor-widget-flip-box\" data-id=\"1523856\" data-element_type=\"widget\" data-widget_type=\"flip-box.default\">\n\t\t\t\t<div class=\"elementor-widget-container\">\n\t\t\t\t\t<div class=\"elementor-flip-box\" tabindex=\"0\">\n\t\t\t<div class=\"elementor-flip-box__layer elementor-flip-box__front\">\n\t\t\t\t<div class=\"elementor-flip-box__layer__overlay\">\n\t\t\t\t\t<div class=\"elementor-flip-box__layer__inner\">\n\t\t\t\t\t\t\n\t\t\t\t\t\t\t\t\t\t\t\t\t<h3 class=\"elementor-flip-box__layer__title\">\n\t\t\t\t\t\t\t\tSCHL\u00dcSSEL\u00dcBERGABE\t\t\t\t\t\t\t<\/h3>\n\t\t\t\t\t\t\n\t\t\t\t\t\t\t\t\t\t\t\t\t<div class=\"elementor-flip-box__layer__description\">\n\t\t\t\t\t\t\t\tSchritt 4\t\t\t\t\t\t\t<\/div>\n\t\t\t\t\t\t\t\t\t\t\t<\/div>\n\t\t\t\t<\/div>\n\t\t\t<\/div>\n\t\t\t<div class=\"elementor-flip-box__layer elementor-flip-box__back\">\n\t\t\t<div class=\"elementor-flip-box__layer__overlay\">\n\t\t\t\t<div class=\"elementor-flip-box__layer__inner\">\n\t\t\t\t\t\n\t\t\t\t\t\t\t\t\t\t\t<div class=\"elementor-flip-box__layer__description\">\n\t\t\t\t\t\t\tMit Abschluss der letzten Bauphase folgt die Vermarktung, die mit der Schl\u00fcssel\u00fcbergabe an die neuen Eigent\u00fcmer endet.\t\t\t\t\t\t<\/div>\n\t\t\t\t\t\n\t\t\t\t\t\t\t\t<\/div>\n\t\t<\/div>\n\t\t<\/div>\n\t\t<\/div>\n\t\t\t\t<\/div>\n\t\t\t\t<\/div>\n\t\t\t\t<div class=\"elementor-element elementor-element-03167bd elementor-widget elementor-widget-text-editor\" data-id=\"03167bd\" data-element_type=\"widget\" data-widget_type=\"text-editor.default\">\n\t\t\t\t<div class=\"elementor-widget-container\">\n\t\t\t\t\t\t\t<p>Wir \u00fcbergeben schl\u00fcsselfertig und mit Stolz unsere Neubauimmobilie. Sp\u00e4testens jetzt startet die Immobilienvermarktung, meist jedoch bereits deutlich fr\u00fcher &#8211; noch in der Bauphase, \u00fcber <a href=\"http:\/\/www.koenig-sylt.de\/immobilien\">die Immobilienberater von K\u00f6nig Immobilien<\/a>. Es ist uns eine Freude unsere Herzensprojekte erfolgreich zu vermarkten.<\/p>\t\t\t\t\t\t<\/div>\n\t\t\t\t<\/div>\n\t\t\t\t\t<\/div>\n\t\t<\/div>\n\t\t\t\t\t<\/div>\n\t\t<\/section>\n\t\t\t\t<section class=\"elementor-section elementor-top-section elementor-element elementor-element-200009df zweispaltenblock elementor-section-boxed elementor-section-height-default elementor-section-height-default\" data-id=\"200009df\" data-element_type=\"section\">\n\t\t\t\t\t\t<div class=\"elementor-container elementor-column-gap-default\">\n\t\t\t\t\t<div data-dce-background-image-url=\"https:\/\/www.koenig-sylt.de\/project\/wp-content\/uploads\/2021\/08\/K1600_Haeuser-in-der-Braderuper-Heide.jpg\" class=\"elementor-column elementor-col-50 elementor-top-column elementor-element elementor-element-890d64e\" data-id=\"890d64e\" data-element_type=\"column\" data-settings=\"{&quot;background_background&quot;:&quot;classic&quot;}\">\n\t\t\t<div class=\"elementor-widget-wrap elementor-element-populated\">\n\t\t\t\t\t\t<div class=\"elementor-element elementor-element-628e12dd elementor-widget elementor-widget-spacer\" data-id=\"628e12dd\" data-element_type=\"widget\" data-widget_type=\"spacer.default\">\n\t\t\t\t<div class=\"elementor-widget-container\">\n\t\t\t\t\t<div class=\"elementor-spacer\">\n\t\t\t<div class=\"elementor-spacer-inner\"><\/div>\n\t\t<\/div>\n\t\t\t\t<\/div>\n\t\t\t\t<\/div>\n\t\t\t\t\t<\/div>\n\t\t<\/div>\n\t\t\t\t<div data-dce-background-color=\"#F4F1EC\" class=\"elementor-column elementor-col-50 elementor-top-column elementor-element elementor-element-6c3fae2b\" data-id=\"6c3fae2b\" data-element_type=\"column\" data-settings=\"{&quot;background_background&quot;:&quot;classic&quot;}\">\n\t\t\t<div class=\"elementor-widget-wrap elementor-element-populated\">\n\t\t\t\t\t\t<div class=\"elementor-element elementor-element-5b3b6d9e elementor-widget elementor-widget-heading\" data-id=\"5b3b6d9e\" data-element_type=\"widget\" data-widget_type=\"heading.default\">\n\t\t\t\t<div class=\"elementor-widget-container\">\n\t\t\t<h2 class=\"elementor-heading-title elementor-size-default\">Sie HABEN VERKAUFSABSICHTEN?<\/h2>\t\t<\/div>\n\t\t\t\t<\/div>\n\t\t\t\t<div class=\"elementor-element elementor-element-1271f2e6 elementor-widget elementor-widget-heading\" data-id=\"1271f2e6\" data-element_type=\"widget\" data-widget_type=\"heading.default\">\n\t\t\t\t<div class=\"elementor-widget-container\">\n\t\t\t<h4 class=\"elementor-heading-title elementor-size-default\">Gerne kaufen wir Ihr Grundst\u00fcck.<\/h4>\t\t<\/div>\n\t\t\t\t<\/div>\n\t\t\t\t<div class=\"elementor-element elementor-element-3a2d11bf elementor-widget elementor-widget-text-editor\" data-id=\"3a2d11bf\" data-element_type=\"widget\" data-widget_type=\"text-editor.default\">\n\t\t\t\t<div class=\"elementor-widget-container\">\n\t\t\t\t\t\t\t<div class=\"elementor-element elementor-element-1ba4e32 elementor-widget elementor-widget-heading\" data-id=\"1ba4e32\" data-element_type=\"widget\" data-widget_type=\"heading.default\"><div class=\"elementor-widget-container\">\u00a0<\/div><\/div><div class=\"elementor-element elementor-element-4a538fcf elementor-widget elementor-widget-heading\" data-id=\"4a538fcf\" data-element_type=\"widget\" data-widget_type=\"heading.default\"><div class=\"elementor-widget-container\">Als Projektentwickler sind wir stetig auf der Suche nach Grundst\u00fccken. Ob schl\u00fcsselfertiges Einfamilien-, Reihen-, Doppel- oder Mehrfamilienhaus &#8211; unter Reet oder mit Hartbedachung: wir sind Ihr zuverl\u00e4ssiger Partner auf Sylt.<\/div><\/div>\t\t\t\t\t\t<\/div>\n\t\t\t\t<\/div>\n\t\t\t\t<div class=\"elementor-element elementor-element-59791415 gold-before elementor-widget elementor-widget-text-editor\" data-id=\"59791415\" data-element_type=\"widget\" data-widget_type=\"text-editor.default\">\n\t\t\t\t<div class=\"elementor-widget-container\">\n\t\t\t\t\t\t\t<p><a href=\"https:\/\/www.koenig-sylt.de\/project\/grundstuecke-gesucht\/\">MEHR<\/a><\/p>\t\t\t\t\t\t<\/div>\n\t\t\t\t<\/div>\n\t\t\t\t\t<\/div>\n\t\t<\/div>\n\t\t\t\t\t<\/div>\n\t\t<\/section>\n\t\t\t\t<\/div>\n\t\t","protected":false},"excerpt":{"rendered":"PROJEKTABLAUFbei K\u00f6nig Project. ENTDECKEN SIE, WIE WIR EIN NEUBAU-PROJEKT ENTWICKELN Ein Bauprojekt [&hellip;]","protected":false},"author":14,"featured_media":0,"parent":0,"menu_order":0,"comment_status":"closed","ping_status":"closed","template":"elementor_header_footer","meta":[],"yoast_head":"<!-- This site is optimized with the Yoast SEO plugin v19.6.1 - https:\/\/yoast.com\/wordpress\/plugins\/seo\/ -->\n<title>Projektablauf - Koenig Project<\/title>\n<meta name=\"robots\" content=\"index, follow, max-snippet:-1, max-image-preview:large, max-video-preview:-1\" \/>\n<link rel=\"canonical\" href=\"https:\/\/www.koenig-sylt.de\/project\/projektablauf\/\" \/>\n<meta property=\"og:locale\" content=\"de_DE\" \/>\n<meta property=\"og:type\" content=\"article\" \/>\n<meta property=\"og:title\" content=\"Projektablauf - Koenig Project\" \/>\n<meta property=\"og:description\" content=\"PROJEKTABLAUFbei K\u00f6nig Project. ENTDECKEN SIE, WIE WIR EIN NEUBAU-PROJEKT ENTWICKELN Ein Bauprojekt [&hellip;]\" \/>\n<meta property=\"og:url\" content=\"https:\/\/www.koenig-sylt.de\/project\/projektablauf\/\" \/>\n<meta property=\"og:site_name\" content=\"Koenig Project\" \/>\n<meta property=\"article:modified_time\" content=\"2024-04-10T07:15:08+00:00\" \/>\n<meta name=\"twitter:card\" content=\"summary_large_image\" \/>\n<meta name=\"twitter:label1\" content=\"Gesch\u00e4tzte Lesezeit\" \/>\n\t<meta name=\"twitter:data1\" content=\"3\u00a0Minuten\" \/>\n<script type=\"application\/ld+json\" class=\"yoast-schema-graph\">{\"@context\":\"https:\/\/schema.org\",\"@graph\":[{\"@type\":\"WebPage\",\"@id\":\"https:\/\/www.koenig-sylt.de\/project\/projektablauf\/\",\"url\":\"https:\/\/www.koenig-sylt.de\/project\/projektablauf\/\",\"name\":\"Projektablauf - Koenig Project\",\"isPartOf\":{\"@id\":\"https:\/\/www.koenig-sylt.de\/project\/#website\"},\"datePublished\":\"2021-09-08T14:16:00+00:00\",\"dateModified\":\"2024-04-10T07:15:08+00:00\",\"breadcrumb\":{\"@id\":\"https:\/\/www.koenig-sylt.de\/project\/projektablauf\/#breadcrumb\"},\"inLanguage\":\"de\",\"potentialAction\":[{\"@type\":\"ReadAction\",\"target\":[\"https:\/\/www.koenig-sylt.de\/project\/projektablauf\/\"]}]},{\"@type\":\"BreadcrumbList\",\"@id\":\"https:\/\/www.koenig-sylt.de\/project\/projektablauf\/#breadcrumb\",\"itemListElement\":[{\"@type\":\"ListItem\",\"position\":1,\"name\":\"Startseite\",\"item\":\"https:\/\/www.koenig-sylt.de\/project\/\"},{\"@type\":\"ListItem\",\"position\":2,\"name\":\"Projektablauf\"}]},{\"@type\":\"WebSite\",\"@id\":\"https:\/\/www.koenig-sylt.de\/project\/#website\",\"url\":\"https:\/\/www.koenig-sylt.de\/project\/\",\"name\":\"Koenig Project\",\"description\":\"Projektentwicklung\",\"potentialAction\":[{\"@type\":\"SearchAction\",\"target\":{\"@type\":\"EntryPoint\",\"urlTemplate\":\"https:\/\/www.koenig-sylt.de\/project\/?s={search_term_string}\"},\"query-input\":\"required name=search_term_string\"}],\"inLanguage\":\"de\"}]}<\/script>\n<!-- \/ Yoast SEO plugin. -->","yoast_head_json":{"title":"Projektablauf - Koenig Project","robots":{"index":"index","follow":"follow","max-snippet":"max-snippet:-1","max-image-preview":"max-image-preview:large","max-video-preview":"max-video-preview:-1"},"canonical":"https:\/\/www.koenig-sylt.de\/project\/projektablauf\/","og_locale":"de_DE","og_type":"article","og_title":"Projektablauf - Koenig Project","og_description":"PROJEKTABLAUFbei K\u00f6nig Project. ENTDECKEN SIE, WIE WIR EIN NEUBAU-PROJEKT ENTWICKELN Ein Bauprojekt [&hellip;]","og_url":"https:\/\/www.koenig-sylt.de\/project\/projektablauf\/","og_site_name":"Koenig Project","article_modified_time":"2024-04-10T07:15:08+00:00","twitter_card":"summary_large_image","twitter_misc":{"Gesch\u00e4tzte Lesezeit":"3\u00a0Minuten"},"schema":{"@context":"https:\/\/schema.org","@graph":[{"@type":"WebPage","@id":"https:\/\/www.koenig-sylt.de\/project\/projektablauf\/","url":"https:\/\/www.koenig-sylt.de\/project\/projektablauf\/","name":"Projektablauf - Koenig Project","isPartOf":{"@id":"https:\/\/www.koenig-sylt.de\/project\/#website"},"datePublished":"2021-09-08T14:16:00+00:00","dateModified":"2024-04-10T07:15:08+00:00","breadcrumb":{"@id":"https:\/\/www.koenig-sylt.de\/project\/projektablauf\/#breadcrumb"},"inLanguage":"de","potentialAction":[{"@type":"ReadAction","target":["https:\/\/www.koenig-sylt.de\/project\/projektablauf\/"]}]},{"@type":"BreadcrumbList","@id":"https:\/\/www.koenig-sylt.de\/project\/projektablauf\/#breadcrumb","itemListElement":[{"@type":"ListItem","position":1,"name":"Startseite","item":"https:\/\/www.koenig-sylt.de\/project\/"},{"@type":"ListItem","position":2,"name":"Projektablauf"}]},{"@type":"WebSite","@id":"https:\/\/www.koenig-sylt.de\/project\/#website","url":"https:\/\/www.koenig-sylt.de\/project\/","name":"Koenig Project","description":"Projektentwicklung","potentialAction":[{"@type":"SearchAction","target":{"@type":"EntryPoint","urlTemplate":"https:\/\/www.koenig-sylt.de\/project\/?s={search_term_string}"},"query-input":"required name=search_term_string"}],"inLanguage":"de"}]}},"_links":{"self":[{"href":"https:\/\/www.koenig-sylt.de\/project\/wp-json\/wp\/v2\/pages\/2462"}],"collection":[{"href":"https:\/\/www.koenig-sylt.de\/project\/wp-json\/wp\/v2\/pages"}],"about":[{"href":"https:\/\/www.koenig-sylt.de\/project\/wp-json\/wp\/v2\/types\/page"}],"author":[{"embeddable":true,"href":"https:\/\/www.koenig-sylt.de\/project\/wp-json\/wp\/v2\/users\/14"}],"replies":[{"embeddable":true,"href":"https:\/\/www.koenig-sylt.de\/project\/wp-json\/wp\/v2\/comments?post=2462"}],"version-history":[{"count":77,"href":"https:\/\/www.koenig-sylt.de\/project\/wp-json\/wp\/v2\/pages\/2462\/revisions"}],"predecessor-version":[{"id":3959,"href":"https:\/\/www.koenig-sylt.de\/project\/wp-json\/wp\/v2\/pages\/2462\/revisions\/3959"}],"wp:attachment":[{"href":"https:\/\/www.koenig-sylt.de\/project\/wp-json\/wp\/v2\/media?parent=2462"}],"curies":[{"name":"wp","href":"https:\/\/api.w.org\/{rel}","templated":true}]}}