{"id":2479,"date":"2021-09-08T16:27:44","date_gmt":"2021-09-08T14:27:44","guid":{"rendered":"https:\/\/www.koenig-sylt.de\/project\/?page_id=2479"},"modified":"2024-04-19T13:44:02","modified_gmt":"2024-04-19T11:44:02","slug":"grundstuecke-gesucht","status":"publish","type":"page","link":"https:\/\/www.koenig-sylt.de\/project\/grundstuecke-gesucht\/","title":{"rendered":"Grundst\u00fccke gesucht"},"content":{"rendered":"\t\t<div data-elementor-type=\"wp-page\" data-elementor-id=\"2479\" class=\"elementor elementor-2479\" data-elementor-post-type=\"page\">\n\t\t\t\t\t\t<section data-dce-background-image-url=\"https:\/\/www.koenig-sylt.de\/project\/wp-content\/uploads\/2021\/09\/image-3.png\" class=\"elementor-section elementor-top-section elementor-element elementor-element-541c99a2 elementor-section-boxed elementor-section-height-default elementor-section-height-default\" data-id=\"541c99a2\" data-element_type=\"section\" data-settings=\"{&quot;background_background&quot;:&quot;classic&quot;}\">\n\t\t\t\t\t\t\t<div class=\"elementor-background-overlay\"><\/div>\n\t\t\t\t\t\t\t<div class=\"elementor-container elementor-column-gap-default\">\n\t\t\t\t\t<div class=\"elementor-column elementor-col-100 elementor-top-column elementor-element elementor-element-3000e49\" data-id=\"3000e49\" data-element_type=\"column\">\n\t\t\t<div class=\"elementor-widget-wrap elementor-element-populated\">\n\t\t\t\t\t\t<div class=\"elementor-element elementor-element-5adb3c15 elementor-widget elementor-widget-heading\" data-id=\"5adb3c15\" data-element_type=\"widget\" data-widget_type=\"heading.default\">\n\t\t\t\t<div class=\"elementor-widget-container\">\n\t\t\t<h1 class=\"elementor-heading-title elementor-size-default\">Grundst\u00fccke<div class=\"beon-color-fff\">gesucht.<\/div><\/h1>\t\t<\/div>\n\t\t\t\t<\/div>\n\t\t\t\t\t<\/div>\n\t\t<\/div>\n\t\t\t\t\t<\/div>\n\t\t<\/section>\n\t\t\t\t<section class=\"elementor-section elementor-top-section elementor-element elementor-element-7cd4e96c elementor-section-boxed elementor-section-height-default elementor-section-height-default\" data-id=\"7cd4e96c\" data-element_type=\"section\">\n\t\t\t\t\t\t<div class=\"elementor-container elementor-column-gap-default\">\n\t\t\t\t\t<div class=\"elementor-column elementor-col-100 elementor-top-column elementor-element elementor-element-2de24b0e\" data-id=\"2de24b0e\" data-element_type=\"column\">\n\t\t\t<div class=\"elementor-widget-wrap elementor-element-populated\">\n\t\t\t\t\t\t<div class=\"elementor-element elementor-element-1ba4e32 elementor-widget elementor-widget-heading\" data-id=\"1ba4e32\" data-element_type=\"widget\" data-widget_type=\"heading.default\">\n\t\t\t\t<div class=\"elementor-widget-container\">\n\t\t\t<h2 class=\"elementor-heading-title elementor-size-default\">f\u00fcr zuk\u00fcnftige bauvorhaben.<\/h2>\t\t<\/div>\n\t\t\t\t<\/div>\n\t\t\t\t<div class=\"elementor-element elementor-element-4a538fcf elementor-widget elementor-widget-heading\" data-id=\"4a538fcf\" data-element_type=\"widget\" data-widget_type=\"heading.default\">\n\t\t\t\t<div class=\"elementor-widget-container\">\n\t\t\t<h4 class=\"elementor-heading-title elementor-size-default\">Wir kaufen Ihr Grundst\u00fcck..<\/h4>\t\t<\/div>\n\t\t\t\t<\/div>\n\t\t\t\t<div class=\"elementor-element elementor-element-5e20f03d elementor-widget elementor-widget-text-editor\" data-id=\"5e20f03d\" data-element_type=\"widget\" data-widget_type=\"text-editor.default\">\n\t\t\t\t<div class=\"elementor-widget-container\">\n\t\t\t\t\t\t\t<p>Als Projektentwickler sind wir bei K\u00f6nig Project immer auf der Suche nach Grundst\u00fccken, um dort nachhaltige, hochwertige Ein- und Mehrfamilienh\u00e4user zu bauen. So schaffen wir mehr als nur Wohnraum. Wir schaffen ein Zuhause. Am wichtigsten ist uns, dass es sich bei unseren Projekten um moderne und \u00e4sthetische Geb\u00e4ude handelt, die sich in das vorhandene Ortsbild einf\u00fcgen.\u00a0<\/p>\t\t\t\t\t\t<\/div>\n\t\t\t\t<\/div>\n\t\t\t\t<div class=\"elementor-element elementor-element-b88ba3c elementor-widget elementor-widget-text-editor\" data-id=\"b88ba3c\" data-element_type=\"widget\" data-widget_type=\"text-editor.default\">\n\t\t\t\t<div class=\"elementor-widget-container\">\n\t\t\t\t\t\t\t<h1>&#8222;Substanzielle und exponierte Lagen verdienen exzellente Immobilien. Auf dieser Basis realisieren wir\u00a0 langlebigen, werthaltigen und optisch ansprechenden Wohnraum.&#8220;\u00a0<\/h1>\t\t\t\t\t\t<\/div>\n\t\t\t\t<\/div>\n\t\t\t\t<div class=\"elementor-element elementor-element-ec79b25 elementor-widget elementor-widget-text-editor\" data-id=\"ec79b25\" data-element_type=\"widget\" data-widget_type=\"text-editor.default\">\n\t\t\t\t<div class=\"elementor-widget-container\">\n\t\t\t\t\t\t\t<h5>Ole K\u00f6nig<\/h5>\t\t\t\t\t\t<\/div>\n\t\t\t\t<\/div>\n\t\t\t\t\t<\/div>\n\t\t<\/div>\n\t\t\t\t\t<\/div>\n\t\t<\/section>\n\t\t\t\t<section class=\"elementor-section elementor-top-section elementor-element elementor-element-1818930 elementor-section-boxed elementor-section-height-default elementor-section-height-default\" data-id=\"1818930\" data-element_type=\"section\">\n\t\t\t\t\t\t<div class=\"elementor-container elementor-column-gap-default\">\n\t\t\t\t\t<div class=\"elementor-column elementor-col-50 elementor-top-column elementor-element elementor-element-5dbeb7e\" data-id=\"5dbeb7e\" data-element_type=\"column\">\n\t\t\t<div class=\"elementor-widget-wrap elementor-element-populated\">\n\t\t\t\t\t\t<div class=\"elementor-element elementor-element-41a4f9c elementor-flip-box--effect-flip elementor-flip-box--direction-up elementor-widget elementor-widget-flip-box\" data-id=\"41a4f9c\" data-element_type=\"widget\" data-widget_type=\"flip-box.default\">\n\t\t\t\t<div class=\"elementor-widget-container\">\n\t\t\t\t\t<div class=\"elementor-flip-box\" tabindex=\"0\">\n\t\t\t<div class=\"elementor-flip-box__layer elementor-flip-box__front\">\n\t\t\t\t<div class=\"elementor-flip-box__layer__overlay\">\n\t\t\t\t\t<div class=\"elementor-flip-box__layer__inner\">\n\t\t\t\t\t\t\t\t\t\t\t\t\t<div class=\"elementor-icon-wrapper elementor-view-default\">\n\t\t\t\t\t\t\t\t<div class=\"elementor-icon\">\n\t\t\t\t\t\t\t\t\t<i class=\"fas fa-map-pin\"><\/i>\t\t\t\t\t\t\t\t<\/div>\n\t\t\t\t\t\t\t<\/div>\n\t\t\t\t\t\t\n\t\t\t\t\t\t\t\t\t\t\t\t\t<h3 class=\"elementor-flip-box__layer__title\">\n\t\t\t\t\t\t\t\tWIR SUCHEN AUF SYLT\u200b & F\u00d6HR\t\t\t\t\t\t\t<\/h3>\n\t\t\t\t\t\t\n\t\t\t\t\t\t\t\t\t\t\t\t\t<div class=\"elementor-flip-box__layer__description\">\n\t\t\t\t\t\t\t\tGrundst\u00fccke aller Art, bevorzugt in (sehr) guten Insellagen - Grundst\u00fccke mit Altbestand - Bestandsimmobilien zur Sanierung\t\t\t\t\t\t\t<\/div>\n\t\t\t\t\t\t\t\t\t\t\t<\/div>\n\t\t\t\t<\/div>\n\t\t\t<\/div>\n\t\t\t<div class=\"elementor-flip-box__layer elementor-flip-box__back\">\n\t\t\t<div class=\"elementor-flip-box__layer__overlay\">\n\t\t\t\t<div class=\"elementor-flip-box__layer__inner\">\n\t\t\t\t\t\t\t\t\t\t\t<h3 class=\"elementor-flip-box__layer__title\">\n\t\t\t\t\t\t\tSIE HABEN EINEN TIPP?\t\t\t\t\t\t<\/h3>\n\t\t\t\t\t\n\t\t\t\t\t\t\t\t\t\t\t<div class=\"elementor-flip-box__layer__description\">\n\t\t\t\t\t\t\tDann freuen wir uns auf Ihre Kontaktaufnahme mit uns.\t\t\t\t\t\t<\/div>\n\t\t\t\t\t\n\t\t\t\t\t\t\t\t\t\t\t<a class=\"elementor-flip-box__button elementor-button elementor-size-sm\" href=\"https:\/\/www.koenig-sylt.de\/project\/kontakt\/\" target=\"_blank\">\n\t\t\t\t\t\t\tHier klicken\t\t\t\t\t\t<\/a>\n\t\t\t\t\t\t\t\t<\/div>\n\t\t<\/div>\n\t\t<\/div>\n\t\t<\/div>\n\t\t\t\t<\/div>\n\t\t\t\t<\/div>\n\t\t\t\t\t<\/div>\n\t\t<\/div>\n\t\t\t\t<div class=\"elementor-column elementor-col-50 elementor-top-column elementor-element elementor-element-2e65e64\" data-id=\"2e65e64\" data-element_type=\"column\">\n\t\t\t<div class=\"elementor-widget-wrap elementor-element-populated\">\n\t\t\t\t\t\t<div class=\"elementor-element elementor-element-e7f40be elementor-flip-box--effect-flip elementor-flip-box--direction-up elementor-widget elementor-widget-flip-box\" data-id=\"e7f40be\" data-element_type=\"widget\" data-widget_type=\"flip-box.default\">\n\t\t\t\t<div class=\"elementor-widget-container\">\n\t\t\t\t\t<div class=\"elementor-flip-box\" tabindex=\"0\">\n\t\t\t<div class=\"elementor-flip-box__layer elementor-flip-box__front\">\n\t\t\t\t<div class=\"elementor-flip-box__layer__overlay\">\n\t\t\t\t\t<div class=\"elementor-flip-box__layer__inner\">\n\t\t\t\t\t\t\t\t\t\t\t\t\t<div class=\"elementor-icon-wrapper elementor-view-default\">\n\t\t\t\t\t\t\t\t<div class=\"elementor-icon\">\n\t\t\t\t\t\t\t\t\t<i class=\"fas fa-crown\"><\/i>\t\t\t\t\t\t\t\t<\/div>\n\t\t\t\t\t\t\t<\/div>\n\t\t\t\t\t\t\n\t\t\t\t\t\t\t\t\t\t\t\t\t<h3 class=\"elementor-flip-box__layer__title\">\n\t\t\t\t\t\t\t\tWAS UNS AUSZEICHNET\t\t\t\t\t\t\t<\/h3>\n\t\t\t\t\t\t\n\t\t\t\t\t\t\t\t\t\t\t\t\t<div class=\"elementor-flip-box__layer__description\">\n\t\t\t\t\t\t\t\tKompetente Wertermittlung - \ndiskrete und kurzfristige Besichtigung -\nsouver\u00e4ne, schnelle Abwicklung mit gesicherter, kurzfristiger Liquidit\u00e4t\t\t\t\t\t\t\t<\/div>\n\t\t\t\t\t\t\t\t\t\t\t<\/div>\n\t\t\t\t<\/div>\n\t\t\t<\/div>\n\t\t\t<div class=\"elementor-flip-box__layer elementor-flip-box__back\">\n\t\t\t<div class=\"elementor-flip-box__layer__overlay\">\n\t\t\t\t<div class=\"elementor-flip-box__layer__inner\">\n\t\t\t\t\t\t\t\t\t\t\t<h3 class=\"elementor-flip-box__layer__title\">\n\t\t\t\t\t\t\tSie m\u00f6chten mehr \u00fcber uns erfahren?\t\t\t\t\t\t<\/h3>\n\t\t\t\t\t\n\t\t\t\t\t\t\t\t\t\t\t<div class=\"elementor-flip-box__layer__description\">\n\t\t\t\t\t\t\tDann lesen Sie hier mehr \u00fcber unsere Philosophie.\t\t\t\t\t\t<\/div>\n\t\t\t\t\t\n\t\t\t\t\t\t\t\t\t\t\t<a class=\"elementor-flip-box__button elementor-button elementor-size-sm\" href=\"https:\/\/www.koenig-sylt.de\/project\/unternehmen\/philosophie\/\" target=\"_blank\">\n\t\t\t\t\t\t\tHier klicken\t\t\t\t\t\t<\/a>\n\t\t\t\t\t\t\t\t<\/div>\n\t\t<\/div>\n\t\t<\/div>\n\t\t<\/div>\n\t\t\t\t<\/div>\n\t\t\t\t<\/div>\n\t\t\t\t\t<\/div>\n\t\t<\/div>\n\t\t\t\t\t<\/div>\n\t\t<\/section>\n\t\t\t\t<section class=\"elementor-section elementor-top-section elementor-element elementor-element-e7e5cf8 elementor-section-boxed elementor-section-height-default elementor-section-height-default\" data-id=\"e7e5cf8\" data-element_type=\"section\">\n\t\t\t\t\t\t<div class=\"elementor-container elementor-column-gap-default\">\n\t\t\t\t\t<div class=\"elementor-column elementor-col-100 elementor-top-column elementor-element elementor-element-3c260a4\" data-id=\"3c260a4\" data-element_type=\"column\">\n\t\t\t<div class=\"elementor-widget-wrap elementor-element-populated\">\n\t\t\t\t\t\t<div class=\"elementor-element elementor-element-7c3e4d4 elementor-widget elementor-widget-heading\" data-id=\"7c3e4d4\" data-element_type=\"widget\" data-widget_type=\"heading.default\">\n\t\t\t\t<div class=\"elementor-widget-container\">\n\t\t\t<h2 class=\"elementor-heading-title elementor-size-default\">HOCHWERTIGE H\u00c4USER<\/h2>\t\t<\/div>\n\t\t\t\t<\/div>\n\t\t\t\t<div class=\"elementor-element elementor-element-b81097f elementor-widget elementor-widget-heading\" data-id=\"b81097f\" data-element_type=\"widget\" data-widget_type=\"heading.default\">\n\t\t\t\t<div class=\"elementor-widget-container\">\n\t\t\t<h4 class=\"elementor-heading-title elementor-size-default\">im Premiumsegment.<\/h4>\t\t<\/div>\n\t\t\t\t<\/div>\n\t\t\t\t<div class=\"elementor-element elementor-element-ed625e5 elementor-widget elementor-widget-text-editor\" data-id=\"ed625e5\" data-element_type=\"widget\" data-widget_type=\"text-editor.default\">\n\t\t\t\t<div class=\"elementor-widget-container\">\n\t\t\t\t\t\t\t<p><span style=\"text-align: left;\">Seit 1962 steht K\u00f6nig Project als Partner f\u00fcr Immobilien auf Sylt und F\u00f6hr und errichtet Wohnungen und H\u00e4user f\u00fcr anspruchsvolle Kunden im Premiumsegment. Dabei legen wir gr\u00f6\u00dften Wert auf intelligente Architektur und Qualit\u00e4t. Wir sind \u00fcberzeugt, dass die Werthaltigkeit und das Wertsteigerungspotential einer Immobilie untrennbar mit der Lage, einer zeitlos eleganten Gestaltung und einer soliden Bauausf\u00fchrung verbunden sind. Unsere Vorbilder sind die H\u00e4user aus der \u201eguten alten Zeit\u201c, die auch nach \u00fcber einem Jahrhundert als sch\u00f6n und ortsbildpr\u00e4gend und aufgrund Ihrer substanziellen Bauqualit\u00e4t als erhaltenswert angesehen werden.\u00a0<\/span><\/p>\t\t\t\t\t\t<\/div>\n\t\t\t\t<\/div>\n\t\t\t\t\t<\/div>\n\t\t<\/div>\n\t\t\t\t\t<\/div>\n\t\t<\/section>\n\t\t\t\t<section class=\"elementor-section elementor-top-section elementor-element elementor-element-81042b1 elementor-section-boxed elementor-section-height-default elementor-section-height-default\" data-id=\"81042b1\" data-element_type=\"section\">\n\t\t\t\t\t\t<div class=\"elementor-container elementor-column-gap-default\">\n\t\t\t\t\t<div class=\"elementor-column elementor-col-100 elementor-top-column elementor-element elementor-element-d524ac5\" data-id=\"d524ac5\" data-element_type=\"column\">\n\t\t\t<div class=\"elementor-widget-wrap elementor-element-populated\">\n\t\t\t\t\t\t<section class=\"elementor-section elementor-inner-section elementor-element elementor-element-b23933c elementor-section-boxed elementor-section-height-default elementor-section-height-default\" data-id=\"b23933c\" data-element_type=\"section\">\n\t\t\t\t\t\t<div class=\"elementor-container elementor-column-gap-default\">\n\t\t\t\t\t<div data-dce-background-image-url=\"https:\/\/www.koenig-sylt.de\/project\/wp-content\/uploads\/2021\/09\/115-Ferienhaus-Sylt-Koenig-Dansk-Hus.jpg\" class=\"elementor-column elementor-col-100 elementor-inner-column elementor-element elementor-element-4f1c565\" data-id=\"4f1c565\" data-element_type=\"column\" data-settings=\"{&quot;background_background&quot;:&quot;classic&quot;}\">\n\t\t\t<div class=\"elementor-widget-wrap elementor-element-populated\">\n\t\t\t\t\t\t<div class=\"elementor-element elementor-element-dd00324 elementor-widget elementor-widget-spacer\" data-id=\"dd00324\" data-element_type=\"widget\" data-widget_type=\"spacer.default\">\n\t\t\t\t<div class=\"elementor-widget-container\">\n\t\t\t\t\t<div class=\"elementor-spacer\">\n\t\t\t<div class=\"elementor-spacer-inner\"><\/div>\n\t\t<\/div>\n\t\t\t\t<\/div>\n\t\t\t\t<\/div>\n\t\t\t\t\t<\/div>\n\t\t<\/div>\n\t\t\t\t\t<\/div>\n\t\t<\/section>\n\t\t\t\t\t<\/div>\n\t\t<\/div>\n\t\t\t\t\t<\/div>\n\t\t<\/section>\n\t\t\t\t<section class=\"elementor-section elementor-top-section elementor-element elementor-element-14e0fbf4 elementor-reverse-tablet elementor-reverse-mobile zweispaltenblock elementor-section-boxed elementor-section-height-default elementor-section-height-default\" data-id=\"14e0fbf4\" data-element_type=\"section\">\n\t\t\t\t\t\t<div class=\"elementor-container elementor-column-gap-default\">\n\t\t\t\t\t<div data-dce-background-color=\"#F4F1EC\" class=\"elementor-column elementor-col-50 elementor-top-column elementor-element elementor-element-1eaea376\" data-id=\"1eaea376\" data-element_type=\"column\" data-settings=\"{&quot;background_background&quot;:&quot;classic&quot;}\">\n\t\t\t<div class=\"elementor-widget-wrap elementor-element-populated\">\n\t\t\t\t\t\t<div class=\"elementor-element elementor-element-75d670c3 elementor-widget elementor-widget-heading\" data-id=\"75d670c3\" data-element_type=\"widget\" data-widget_type=\"heading.default\">\n\t\t\t\t<div class=\"elementor-widget-container\">\n\t\t\t<h2 class=\"elementor-heading-title elementor-size-default\">UNSERE REFERENZEN<\/h2>\t\t<\/div>\n\t\t\t\t<\/div>\n\t\t\t\t<div class=\"elementor-element elementor-element-1ac88ff0 elementor-widget elementor-widget-heading\" data-id=\"1ac88ff0\" data-element_type=\"widget\" data-widget_type=\"heading.default\">\n\t\t\t\t<div class=\"elementor-widget-container\">\n\t\t\t<h4 class=\"elementor-heading-title elementor-size-default\">sprechen f\u00fcr sich.<\/h4>\t\t<\/div>\n\t\t\t\t<\/div>\n\t\t\t\t<div class=\"elementor-element elementor-element-65c849a5 elementor-widget elementor-widget-text-editor\" data-id=\"65c849a5\" data-element_type=\"widget\" data-widget_type=\"text-editor.default\">\n\t\t\t\t<div class=\"elementor-widget-container\">\n\t\t\t\t\t\t\t<p>In unserer langj\u00e4hrigen Pr\u00e4senz auf Sylt sowie auf F\u00f6hr konnten wir in vertrauensvoller Zusammenarbeit mit etablierten Partnern eine Vielzahl von Bauvorhaben auf gehobenem Niveau umsetzen.<\/p><p>Mit stilvollen Wohnh\u00e4usern erf\u00fcllen wir auch Ihren pers\u00f6nlichen Sylter Wohntraum.<\/p>\t\t\t\t\t\t<\/div>\n\t\t\t\t<\/div>\n\t\t\t\t<div class=\"elementor-element elementor-element-4d0e92b8 gold-before elementor-widget elementor-widget-text-editor\" data-id=\"4d0e92b8\" data-element_type=\"widget\" data-widget_type=\"text-editor.default\">\n\t\t\t\t<div class=\"elementor-widget-container\">\n\t\t\t\t\t\t\t<p><a href=\"https:\/\/www.koenig-sylt.de\/project\/unternehmen\/referenzen\/\">MEHR<\/a><\/p>\t\t\t\t\t\t<\/div>\n\t\t\t\t<\/div>\n\t\t\t\t\t<\/div>\n\t\t<\/div>\n\t\t\t\t<div data-dce-background-image-url=\"https:\/\/www.koenig-sylt.de\/project\/wp-content\/uploads\/2021\/09\/image-2.png\" class=\"elementor-column elementor-col-50 elementor-top-column elementor-element elementor-element-4c72278\" data-id=\"4c72278\" data-element_type=\"column\" data-settings=\"{&quot;background_background&quot;:&quot;classic&quot;}\">\n\t\t\t<div class=\"elementor-widget-wrap elementor-element-populated\">\n\t\t\t\t\t\t<div class=\"elementor-element elementor-element-d0e0c8a elementor-widget elementor-widget-spacer\" data-id=\"d0e0c8a\" data-element_type=\"widget\" data-widget_type=\"spacer.default\">\n\t\t\t\t<div class=\"elementor-widget-container\">\n\t\t\t\t\t<div class=\"elementor-spacer\">\n\t\t\t<div class=\"elementor-spacer-inner\"><\/div>\n\t\t<\/div>\n\t\t\t\t<\/div>\n\t\t\t\t<\/div>\n\t\t\t\t\t<\/div>\n\t\t<\/div>\n\t\t\t\t\t<\/div>\n\t\t<\/section>\n\t\t\t\t<\/div>\n\t\t","protected":false},"excerpt":{"rendered":"Grundst\u00fcckegesucht. f\u00fcr zuk\u00fcnftige bauvorhaben. Wir kaufen Ihr Grundst\u00fcck.. Als [&hellip;]","protected":false},"author":14,"featured_media":0,"parent":0,"menu_order":0,"comment_status":"closed","ping_status":"closed","template":"elementor_header_footer","meta":[],"yoast_head":"<!-- This site is optimized with the Yoast SEO plugin v19.6.1 - https:\/\/yoast.com\/wordpress\/plugins\/seo\/ -->\n<title>Grundst\u00fccke gesucht - Koenig Project<\/title>\n<meta name=\"description\" content=\"F\u00fcr unsere zuk\u00fcnftigen Bauvorhaben sind wir immer auf der Suche nach neuem Baugrund f\u00fcr Wohnimmobilien. Wir kaufen Ihr Grundst\u00fcck.\" \/>\n<meta name=\"robots\" content=\"index, follow, max-snippet:-1, max-image-preview:large, max-video-preview:-1\" \/>\n<link rel=\"canonical\" href=\"https:\/\/www.koenig-sylt.de\/project\/grundstuecke-gesucht\/\" \/>\n<meta property=\"og:locale\" content=\"de_DE\" \/>\n<meta property=\"og:type\" content=\"article\" \/>\n<meta property=\"og:title\" content=\"Grundst\u00fccke gesucht - Koenig Project\" \/>\n<meta property=\"og:description\" content=\"F\u00fcr unsere zuk\u00fcnftigen Bauvorhaben sind wir immer auf der Suche nach neuem Baugrund f\u00fcr Wohnimmobilien. Wir kaufen Ihr Grundst\u00fcck.\" \/>\n<meta property=\"og:url\" content=\"https:\/\/www.koenig-sylt.de\/project\/grundstuecke-gesucht\/\" \/>\n<meta property=\"og:site_name\" content=\"Koenig Project\" \/>\n<meta property=\"article:modified_time\" content=\"2024-04-19T11:44:02+00:00\" \/>\n<meta name=\"twitter:card\" content=\"summary_large_image\" \/>\n<meta name=\"twitter:label1\" content=\"Gesch\u00e4tzte Lesezeit\" \/>\n\t<meta name=\"twitter:data1\" content=\"2\u00a0Minuten\" \/>\n<script type=\"application\/ld+json\" class=\"yoast-schema-graph\">{\"@context\":\"https:\/\/schema.org\",\"@graph\":[{\"@type\":\"WebPage\",\"@id\":\"https:\/\/www.koenig-sylt.de\/project\/grundstuecke-gesucht\/\",\"url\":\"https:\/\/www.koenig-sylt.de\/project\/grundstuecke-gesucht\/\",\"name\":\"Grundst\u00fccke gesucht - Koenig Project\",\"isPartOf\":{\"@id\":\"https:\/\/www.koenig-sylt.de\/project\/#website\"},\"datePublished\":\"2021-09-08T14:27:44+00:00\",\"dateModified\":\"2024-04-19T11:44:02+00:00\",\"description\":\"F\u00fcr unsere zuk\u00fcnftigen Bauvorhaben sind wir immer auf der Suche nach neuem Baugrund f\u00fcr Wohnimmobilien. Wir kaufen Ihr Grundst\u00fcck.\",\"breadcrumb\":{\"@id\":\"https:\/\/www.koenig-sylt.de\/project\/grundstuecke-gesucht\/#breadcrumb\"},\"inLanguage\":\"de\",\"potentialAction\":[{\"@type\":\"ReadAction\",\"target\":[\"https:\/\/www.koenig-sylt.de\/project\/grundstuecke-gesucht\/\"]}]},{\"@type\":\"BreadcrumbList\",\"@id\":\"https:\/\/www.koenig-sylt.de\/project\/grundstuecke-gesucht\/#breadcrumb\",\"itemListElement\":[{\"@type\":\"ListItem\",\"position\":1,\"name\":\"Startseite\",\"item\":\"https:\/\/www.koenig-sylt.de\/project\/\"},{\"@type\":\"ListItem\",\"position\":2,\"name\":\"Grundst\u00fccke gesucht\"}]},{\"@type\":\"WebSite\",\"@id\":\"https:\/\/www.koenig-sylt.de\/project\/#website\",\"url\":\"https:\/\/www.koenig-sylt.de\/project\/\",\"name\":\"Koenig Project\",\"description\":\"Projektentwicklung\",\"potentialAction\":[{\"@type\":\"SearchAction\",\"target\":{\"@type\":\"EntryPoint\",\"urlTemplate\":\"https:\/\/www.koenig-sylt.de\/project\/?s={search_term_string}\"},\"query-input\":\"required name=search_term_string\"}],\"inLanguage\":\"de\"}]}<\/script>\n<!-- \/ Yoast SEO plugin. -->","yoast_head_json":{"title":"Grundst\u00fccke gesucht - Koenig Project","description":"F\u00fcr unsere zuk\u00fcnftigen Bauvorhaben sind wir immer auf der Suche nach neuem Baugrund f\u00fcr Wohnimmobilien. Wir kaufen Ihr Grundst\u00fcck.","robots":{"index":"index","follow":"follow","max-snippet":"max-snippet:-1","max-image-preview":"max-image-preview:large","max-video-preview":"max-video-preview:-1"},"canonical":"https:\/\/www.koenig-sylt.de\/project\/grundstuecke-gesucht\/","og_locale":"de_DE","og_type":"article","og_title":"Grundst\u00fccke gesucht - Koenig Project","og_description":"F\u00fcr unsere zuk\u00fcnftigen Bauvorhaben sind wir immer auf der Suche nach neuem Baugrund f\u00fcr Wohnimmobilien. Wir kaufen Ihr Grundst\u00fcck.","og_url":"https:\/\/www.koenig-sylt.de\/project\/grundstuecke-gesucht\/","og_site_name":"Koenig Project","article_modified_time":"2024-04-19T11:44:02+00:00","twitter_card":"summary_large_image","twitter_misc":{"Gesch\u00e4tzte Lesezeit":"2\u00a0Minuten"},"schema":{"@context":"https:\/\/schema.org","@graph":[{"@type":"WebPage","@id":"https:\/\/www.koenig-sylt.de\/project\/grundstuecke-gesucht\/","url":"https:\/\/www.koenig-sylt.de\/project\/grundstuecke-gesucht\/","name":"Grundst\u00fccke gesucht - Koenig Project","isPartOf":{"@id":"https:\/\/www.koenig-sylt.de\/project\/#website"},"datePublished":"2021-09-08T14:27:44+00:00","dateModified":"2024-04-19T11:44:02+00:00","description":"F\u00fcr unsere zuk\u00fcnftigen Bauvorhaben sind wir immer auf der Suche nach neuem Baugrund f\u00fcr Wohnimmobilien. Wir kaufen Ihr Grundst\u00fcck.","breadcrumb":{"@id":"https:\/\/www.koenig-sylt.de\/project\/grundstuecke-gesucht\/#breadcrumb"},"inLanguage":"de","potentialAction":[{"@type":"ReadAction","target":["https:\/\/www.koenig-sylt.de\/project\/grundstuecke-gesucht\/"]}]},{"@type":"BreadcrumbList","@id":"https:\/\/www.koenig-sylt.de\/project\/grundstuecke-gesucht\/#breadcrumb","itemListElement":[{"@type":"ListItem","position":1,"name":"Startseite","item":"https:\/\/www.koenig-sylt.de\/project\/"},{"@type":"ListItem","position":2,"name":"Grundst\u00fccke gesucht"}]},{"@type":"WebSite","@id":"https:\/\/www.koenig-sylt.de\/project\/#website","url":"https:\/\/www.koenig-sylt.de\/project\/","name":"Koenig Project","description":"Projektentwicklung","potentialAction":[{"@type":"SearchAction","target":{"@type":"EntryPoint","urlTemplate":"https:\/\/www.koenig-sylt.de\/project\/?s={search_term_string}"},"query-input":"required name=search_term_string"}],"inLanguage":"de"}]}},"_links":{"self":[{"href":"https:\/\/www.koenig-sylt.de\/project\/wp-json\/wp\/v2\/pages\/2479"}],"collection":[{"href":"https:\/\/www.koenig-sylt.de\/project\/wp-json\/wp\/v2\/pages"}],"about":[{"href":"https:\/\/www.koenig-sylt.de\/project\/wp-json\/wp\/v2\/types\/page"}],"author":[{"embeddable":true,"href":"https:\/\/www.koenig-sylt.de\/project\/wp-json\/wp\/v2\/users\/14"}],"replies":[{"embeddable":true,"href":"https:\/\/www.koenig-sylt.de\/project\/wp-json\/wp\/v2\/comments?post=2479"}],"version-history":[{"count":69,"href":"https:\/\/www.koenig-sylt.de\/project\/wp-json\/wp\/v2\/pages\/2479\/revisions"}],"predecessor-version":[{"id":3985,"href":"https:\/\/www.koenig-sylt.de\/project\/wp-json\/wp\/v2\/pages\/2479\/revisions\/3985"}],"wp:attachment":[{"href":"https:\/\/www.koenig-sylt.de\/project\/wp-json\/wp\/v2\/media?parent=2479"}],"curies":[{"name":"wp","href":"https:\/\/api.w.org\/{rel}","templated":true}]}}