{"id":16477,"date":"2024-11-13T10:49:52","date_gmt":"2024-11-13T09:49:52","guid":{"rendered":"https:\/\/www.koenig-sylt.de\/urlaub\/?page_id=16477"},"modified":"2024-11-22T12:40:48","modified_gmt":"2024-11-22T11:40:48","slug":"sylt-in-der-nebensaison","status":"publish","type":"page","link":"https:\/\/www.koenig-sylt.de\/urlaub\/sylt-in-der-nebensaison\/","title":{"rendered":"Sylt in der Nebensaison"},"content":{"rendered":"\t\t<div data-elementor-type=\"wp-page\" data-elementor-id=\"16477\" class=\"elementor elementor-16477\" data-elementor-post-type=\"page\">\n\t\t\t\t<div class=\"elementor-element elementor-element-6d18cb2e e-con-full e-flex e-con e-parent\" data-id=\"6d18cb2e\" data-element_type=\"container\" data-e-type=\"container\">\n\t\t\t\t<div class=\"elementor-element elementor-element-3df431df elementor-widget elementor-widget-template\" data-id=\"3df431df\" data-element_type=\"widget\" data-e-type=\"widget\" data-widget_type=\"template.default\">\n\t\t\t\t<div class=\"elementor-widget-container\">\n\t\t\t\t\t\t\t<div class=\"elementor-template\">\n\t\t\t\t\t<div data-elementor-type=\"container\" data-elementor-id=\"12543\" class=\"elementor elementor-12543\" data-elementor-post-type=\"elementor_library\">\n\t\t\t\t<div class=\"elementor-element elementor-element-8e044c1 main-section e-con-full e-flex e-con e-parent\" data-id=\"8e044c1\" data-element_type=\"container\" data-e-type=\"container\">\n\t\t\t\t<div class=\"elementor-element elementor-element-b29cab1 elementor-widget elementor-widget-image\" data-id=\"b29cab1\" data-element_type=\"widget\" data-e-type=\"widget\" data-widget_type=\"image.default\">\n\t\t\t\t<div class=\"elementor-widget-container\">\n\t\t\t\t\t\t\t\t\t\t\t\t\t\t\t<img fetchpriority=\"high\" decoding=\"async\" width=\"2560\" height=\"831\" src=\"https:\/\/www.koenig-sylt.de\/urlaub\/wp-content\/uploads\/2024\/11\/08_sylt_steg\u00a9shutterstock_1269520996-scaled.jpg\" class=\"attachment-full size-full wp-image-16295\" alt=\"Steg Sylt\" srcset=\"https:\/\/www.koenig-sylt.de\/urlaub\/wp-content\/uploads\/2024\/11\/08_sylt_steg\u00a9shutterstock_1269520996-scaled.jpg 2560w, https:\/\/www.koenig-sylt.de\/urlaub\/wp-content\/uploads\/2024\/11\/08_sylt_steg\u00a9shutterstock_1269520996-768x249.jpg 768w, https:\/\/www.koenig-sylt.de\/urlaub\/wp-content\/uploads\/2024\/11\/08_sylt_steg\u00a9shutterstock_1269520996-1536x499.jpg 1536w, https:\/\/www.koenig-sylt.de\/urlaub\/wp-content\/uploads\/2024\/11\/08_sylt_steg\u00a9shutterstock_1269520996-2048x665.jpg 2048w\" sizes=\"(max-width: 2560px) 100vw, 2560px\" \/>\t\t\t\t\t\t\t\t\t\t\t\t\t\t\t<\/div>\n\t\t\t\t<\/div>\n\t\t\t\t<\/div>\n\t\t\t\t<\/div>\n\t\t\t\t<\/div>\n\t\t\t\t\t\t<\/div>\n\t\t\t\t<\/div>\n\t\t\t\t<div class=\"elementor-element elementor-element-67994403 elementor-widget elementor-widget-image\" data-id=\"67994403\" data-element_type=\"widget\" data-e-type=\"widget\" data-widget_type=\"image.default\">\n\t\t\t\t<div class=\"elementor-widget-container\">\n\t\t\t\t\t\t\t\t\t\t\t\t\t\t\t<img decoding=\"async\" width=\"314\" height=\"88\" src=\"https:\/\/www.koenig-sylt.de\/urlaub\/wp-content\/uploads\/2024\/10\/Sand-1.png\" class=\"attachment-large size-large wp-image-14094\" alt=\"Sand\" \/>\t\t\t\t\t\t\t\t\t\t\t\t\t\t\t<\/div>\n\t\t\t\t<\/div>\n\t\t\t\t<\/div>\n\t\t<div class=\"elementor-element elementor-element-49253c8b e-flex e-con-boxed e-con e-parent\" data-id=\"49253c8b\" data-element_type=\"container\" data-e-type=\"container\" data-settings=\"{&quot;background_background&quot;:&quot;classic&quot;}\">\n\t\t\t\t\t<div class=\"e-con-inner\">\n\t\t<div class=\"elementor-element elementor-element-165f6449 e-con-full e-flex e-con e-child\" data-id=\"165f6449\" data-element_type=\"container\" data-e-type=\"container\">\n\t\t<div class=\"elementor-element elementor-element-5aa93c6f e-con-full e-flex e-con e-child\" data-id=\"5aa93c6f\" data-element_type=\"container\" data-e-type=\"container\">\n\t\t\t\t<div class=\"elementor-element elementor-element-1d94f5de beon-breadcrumps elementor-widget elementor-widget-breadcrumbs\" data-id=\"1d94f5de\" data-element_type=\"widget\" data-e-type=\"widget\" data-widget_type=\"breadcrumbs.default\">\n\t\t\t\t<div class=\"elementor-widget-container\">\n\t\t\t\t\t<p id=\"breadcrumbs\"><span><span><a href=\"https:\/\/www.koenig-sylt.de\/urlaub\/\">Startseite<\/a><\/span><\/span><\/p>\t\t\t\t<\/div>\n\t\t\t\t<\/div>\n\t\t\t\t<div class=\"elementor-element elementor-element-5d4a214c elementor-widget__width-inherit elementor-widget elementor-widget-heading\" data-id=\"5d4a214c\" data-element_type=\"widget\" data-e-type=\"widget\" data-widget_type=\"heading.default\">\n\t\t\t\t<div class=\"elementor-widget-container\">\n\t\t\t\t\t<h1 class=\"elementor-heading-title elementor-size-default\">Sylt in der Nebensaison\n<\/h1>\t\t\t\t<\/div>\n\t\t\t\t<\/div>\n\t\t\t\t<div class=\"elementor-element elementor-element-72ee44d3 elementor-widget elementor-widget-text-editor\" data-id=\"72ee44d3\" data-element_type=\"widget\" data-e-type=\"widget\" data-widget_type=\"text-editor.default\">\n\t\t\t\t<div class=\"elementor-widget-container\">\n\t\t\t\t\t\t\t\t\t<header class=\"stdheader \"><div class=\"subline \">Erleben Sie den Herbst auf Sylt<\/div><\/header><div class=\"text\">\u00a0<\/div>\t\t\t\t\t\t\t\t<\/div>\n\t\t\t\t<\/div>\n\t\t\t\t<div class=\"elementor-element elementor-element-18252a94 elementor-widget elementor-widget-text-editor\" data-id=\"18252a94\" data-element_type=\"widget\" data-e-type=\"widget\" data-widget_type=\"text-editor.default\">\n\t\t\t\t<div class=\"elementor-widget-container\">\n\t\t\t\t\t\t\t\t\t<div id=\"c2642\" class=\" frame bgColor frame-type-text frame-layout-0 \"><div class=\"container\"><div class=\"text\"><p>Sylt gilt als eines der beliebtesten Urlaubsziele in ganz Deutschland. Im Sommer sind volle Str\u00e4nde, lebendig gef\u00fcllte Ortskerne und buntes Treiben an der Tagesordnung. Wer nach\u00a0<a href=\"https:\/\/www.koenig-sylt.de\/urlaub\/aktivitaeten\/\">Action und Abenteuer<\/a>\u00a0sucht und etwas erleben m\u00f6chte, ist hier goldrichtig. Wer jedoch lieber Ruhe und Entspannung sucht und von Menschenmassen wenig begeistert ist, der sollte damit rechnen, dass das w\u00e4hrend der Hochsaison in den Sommermonaten nicht wirklich klappt. Allerdings ist\u00a0<strong>Sylt in der Nebensaison<\/strong> genauso sch\u00f6n, wenn nicht sogar noch sch\u00f6ner. Denn wenn der Menschendrang abnimmt und der Herbst die Nordsee etwas st\u00fcrmischer werden l\u00e4sst, dann entfaltet sich auf Sylt ein ganz besonderer Zauber, den nur die wenigsten kennenlernen.<\/p><\/div><\/div><\/div>\t\t\t\t\t\t\t\t<\/div>\n\t\t\t\t<\/div>\n\t\t\t\t<div class=\"elementor-element elementor-element-508b829 elementor-widget elementor-widget-text-editor\" data-id=\"508b829\" data-element_type=\"widget\" data-e-type=\"widget\" data-widget_type=\"text-editor.default\">\n\t\t\t\t<div class=\"elementor-widget-container\">\n\t\t\t\t\t\t\t\t\t<div id=\"c2642\" class=\" frame bgColor frame-type-text frame-layout-0 \"><div class=\"container\"><div class=\"text\"><p>Die Tage werden k\u00fcrzer, die Temperaturen fallen. Und die Natur bereitet sich auf die kalte Jahreszeit vor. Gerade jetzt ist ein Urlaub auf Sylt die perfekte Gelegenheit, zur Ruhe zu kommen.\u00a0<strong>Sylt in der Nebensaison<\/strong>\u00a0bietet einige Vorteile, die Ihren Aufenthalt zu einem einzigartigen Erlebnis machen. Mit Temperaturen von ca. 11\u00b0C bis 15\u00b0C sollte bei einem Spaziergang durch die D\u00fcnen eine kuschlige Jacke zum Dr\u00fcberziehen nicht fehlen. Aber die einzelnen Sonnentage sollten Sie nicht vergessen. Die Herbstsonne w\u00e4rmt Sie auf und gibt Ihnen eine kleine Erinnerung an die vergangenen Sommermonate.<\/p><p>Um die Natur von einer ganz neuen Seite zu entdecken, ist Sylt in der Nebensaison perfekt. Bei ausgedehnten Spazierg\u00e4ngen durch die Salzwiesen und Heiden k\u00f6nnen Sie die Seele baumeln lassen und die Naturvielfalt auf Sylt genie\u00dfen. Ein besonderes Highlight kann der Lister Ellenbogen sein, wo die Schafe frei leben und grasen. Auf der entgegengesetzten Seite, weiter s\u00fcdlich, ist das Rantum Becken mit zahlreichen gesch\u00fctzten Vogelarten ein empfehlenswertes Ziel f\u00fcr einen Ausflug in die Natur.<\/p><\/div><\/div><\/div>\t\t\t\t\t\t\t\t<\/div>\n\t\t\t\t<\/div>\n\t\t\t\t<\/div>\n\t\t<div class=\"elementor-element elementor-element-47337220 e-con-full team-box e-flex e-con e-child\" data-id=\"47337220\" data-element_type=\"container\" data-e-type=\"container\" data-settings=\"{&quot;background_background&quot;:&quot;classic&quot;}\">\n\t\t\t\t<\/div>\n\t\t\t\t<\/div>\n\t\t\t\t\t<\/div>\n\t\t\t\t<\/div>\n\t\t<div class=\"elementor-element elementor-element-6dc6fb86 e-flex e-con-boxed e-con e-parent\" data-id=\"6dc6fb86\" data-element_type=\"container\" data-e-type=\"container\">\n\t\t\t\t\t<div class=\"e-con-inner\">\n\t\t\t\t<div class=\"elementor-element elementor-element-b948f05 elementor-widget__width-inherit elementor-widget elementor-widget-heading\" data-id=\"b948f05\" data-element_type=\"widget\" data-e-type=\"widget\" data-widget_type=\"heading.default\">\n\t\t\t\t<div class=\"elementor-widget-container\">\n\t\t\t\t\t<h5 class=\"elementor-heading-title elementor-size-default\">Unsere Angebote<\/h5>\t\t\t\t<\/div>\n\t\t\t\t<\/div>\n\t\t<div class=\"elementor-element elementor-element-b2635fa e-con-full e-flex e-con e-child\" data-id=\"b2635fa\" data-element_type=\"container\" data-e-type=\"container\">\n\t\t<div class=\"elementor-element elementor-element-36869af2 e-con-full e-flex e-con e-child\" data-id=\"36869af2\" data-element_type=\"container\" data-e-type=\"container\" data-settings=\"{&quot;background_background&quot;:&quot;classic&quot;}\">\n\t\t\t\t<\/div>\n\t\t<div class=\"elementor-element elementor-element-19e6e029 e-con-full e-flex e-con e-child\" data-id=\"19e6e029\" data-element_type=\"container\" data-e-type=\"container\">\n\t\t\t\t<div class=\"elementor-element elementor-element-3f74f2c elementor-widget__width-inherit elementor-widget elementor-widget-heading\" data-id=\"3f74f2c\" data-element_type=\"widget\" data-e-type=\"widget\" data-widget_type=\"heading.default\">\n\t\t\t\t<div class=\"elementor-widget-container\">\n\t\t\t\t\t<h1 class=\"elementor-heading-title elementor-size-default\">Sylt in der Nebensaison\n<\/h1>\t\t\t\t<\/div>\n\t\t\t\t<\/div>\n\t\t\t\t<div class=\"elementor-element elementor-element-4e0cc677 elementor-widget elementor-widget-text-editor\" data-id=\"4e0cc677\" data-element_type=\"widget\" data-e-type=\"widget\" data-widget_type=\"text-editor.default\">\n\t\t\t\t<div class=\"elementor-widget-container\">\n\t\t\t\t\t\t\t\t\t<p>In der\u00a0<strong>Nebensaison auf Sylt<\/strong>\u00a0Urlaub zu buchen, kann sich lohnen. Denn mit unserem Angebot 7 f\u00fcr 6 schenken wir Ihnen eine Nacht. So buchen Sie 7 N\u00e4chte, bezahlen allerdings nur 6. Buchen Sie in der Reisezeit C oder E und profitieren Sie von einer zus\u00e4tzlichen Nacht auf Deutschlands sch\u00f6nster Insel. So haben Sie etwas mehr Zeit, um\u00a0<strong>Sylt in der Nebensaison<\/strong>\u00a0voll und ganz zu genie\u00dfen.<\/p>\t\t\t\t\t\t\t\t<\/div>\n\t\t\t\t<\/div>\n\t\t\t\t<div class=\"elementor-element elementor-element-1a648b7 elementor-widget elementor-widget-button\" data-id=\"1a648b7\" data-element_type=\"widget\" data-e-type=\"widget\" data-widget_type=\"button.default\">\n\t\t\t\t<div class=\"elementor-widget-container\">\n\t\t\t\t\t\t\t\t\t<div class=\"elementor-button-wrapper\">\n\t\t\t\t\t<a class=\"elementor-button elementor-button-link elementor-size-sm\" href=\"https:\/\/www.koenig-sylt.de\/urlaub\/7-fur-6-nachte\/\">\n\t\t\t\t\t\t<span class=\"elementor-button-content-wrapper\">\n\t\t\t\t\t\t\t\t\t<span class=\"elementor-button-text\">Angebot entdecken<\/span>\n\t\t\t\t\t<\/span>\n\t\t\t\t\t<\/a>\n\t\t\t\t<\/div>\n\t\t\t\t\t\t\t\t<\/div>\n\t\t\t\t<\/div>\n\t\t\t\t<\/div>\n\t\t\t\t<\/div>\n\t\t\t\t\t<\/div>\n\t\t\t\t<\/div>\n\t\t<div class=\"elementor-element elementor-element-a9e6817 e-flex e-con-boxed e-con e-parent\" data-id=\"a9e6817\" data-element_type=\"container\" data-e-type=\"container\">\n\t\t\t\t\t<div class=\"e-con-inner\">\n\t\t<div class=\"elementor-element elementor-element-664cb01 e-con-full e-flex e-con e-child\" data-id=\"664cb01\" data-element_type=\"container\" data-e-type=\"container\">\n\t\t<div class=\"elementor-element elementor-element-6737ad8 e-con-full e-flex e-con e-child\" data-id=\"6737ad8\" data-element_type=\"container\" data-e-type=\"container\" data-settings=\"{&quot;background_background&quot;:&quot;classic&quot;}\">\n\t\t\t\t<\/div>\n\t\t<div class=\"elementor-element elementor-element-fb866df e-con-full e-flex e-con e-child\" data-id=\"fb866df\" data-element_type=\"container\" data-e-type=\"container\">\n\t\t\t\t<div class=\"elementor-element elementor-element-5ab7fdb elementor-widget__width-inherit elementor-widget elementor-widget-heading\" data-id=\"5ab7fdb\" data-element_type=\"widget\" data-e-type=\"widget\" data-widget_type=\"heading.default\">\n\t\t\t\t<div class=\"elementor-widget-container\">\n\t\t\t\t\t<h1 class=\"elementor-heading-title elementor-size-default\">Vorteile durch die Nebensaison\n<\/h1>\t\t\t\t<\/div>\n\t\t\t\t<\/div>\n\t\t\t\t<div class=\"elementor-element elementor-element-39d6874 elementor-widget elementor-widget-text-editor\" data-id=\"39d6874\" data-element_type=\"widget\" data-e-type=\"widget\" data-widget_type=\"text-editor.default\">\n\t\t\t\t<div class=\"elementor-widget-container\">\n\t\t\t\t\t\t\t\t\t<p>Durch das geringe Aufkommen von Urlaubern genie\u00dfen Sie die Ruhe auf der Insel und begegnen seltener weiteren Menschen. Teilweise finden Sie und Ihre Liebsten sich ganz alleine am Nordseestrand wieder. Vor allem f\u00fcr\u00a0<a href=\"https:\/\/www.koenig-sylt.de\/urlaub\/suchen\/ihr-wunschurlaub\/domizile-mit-hund\/\">Hunde<\/a>\u00a0ist das eine wundersch\u00f6ne Erfahrung, da Sie den ganzen Strand f\u00fcr sich nutzen und sich einmal so richtig auspowern k\u00f6nnen. Auch die milderen Temperaturen werden euren vierbeinigen Begleiter freuen. Die Nebensaison bietet also f\u00fcr alle Urlauber Vorteile, ob Mensch oder Tier.<\/p><p>Nicht nur die weite Natur und die leeren Str\u00e4nde sind ein guter Grund, Sylt in der Nebensaison zu besuchen. Auch in den Orten ist weniger los und das rege Treiben, das im Sommer vorherrscht, geht etwas zur\u00fcck.<\/p><p>So kommen Sie leichter an eine Tischreservierung im\u00a0Restaurant Ihrer Wahl\u00a0oder haben sogar die M\u00f6glichkeit, einfach auf gut Gl\u00fcck in die Stadt zu gehen. Oft sind noch einige sch\u00f6ne Pl\u00e4tze frei, an denen Sie einen entspannten Abend verbringen k\u00f6nnen.<\/p>\t\t\t\t\t\t\t\t<\/div>\n\t\t\t\t<\/div>\n\t\t\t\t<\/div>\n\t\t\t\t<\/div>\n\t\t\t\t\t<\/div>\n\t\t\t\t<\/div>\n\t\t\t\t<\/div>\n\t\t","protected":false},"excerpt":{"rendered":"<p>Sylt in der Nebensaison Erleben Sie den Herbst auf Sylt \u00a0 Sylt gilt als eines der beliebtesten Urlaubsziele in ganz Deutschland. Im Sommer sind volle Str\u00e4nde, lebendig gef\u00fcllte Ortskerne und buntes Treiben an der Tagesordnung. Wer nach\u00a0Action und Abenteuer\u00a0sucht und etwas erleben m\u00f6chte, ist hier goldrichtig. Wer jedoch lieber Ruhe und Entspannung sucht und von [&hellip;]<\/p>\n","protected":false},"author":1,"featured_media":16295,"parent":0,"menu_order":0,"comment_status":"closed","ping_status":"closed","template":"","meta":{"_acf_changed":false,"footnotes":""},"seitenart":[],"class_list":["post-16477","page","type-page","status-publish","has-post-thumbnail","hentry"],"acf":[],"yoast_head":"<!-- This site is optimized with the Yoast SEO plugin v26.5 - https:\/\/yoast.com\/wordpress\/plugins\/seo\/ -->\n<title>Sylt in der Nebensaison - K\u00f6nig Appartement Sylt<\/title>\n<meta name=\"description\" content=\"Wer nach Action und Abenteuer sucht und etwas erleben m\u00f6chte, ist hier auf Sylt goldrichtig. Im Sommer sind volle Str\u00e4nde die Tagesordnung.\" \/>\n<meta name=\"robots\" content=\"index, follow, max-snippet:-1, max-image-preview:large, max-video-preview:-1\" \/>\n<link rel=\"canonical\" href=\"https:\/\/www.koenig-sylt.de\/urlaub\/sylt-in-der-nebensaison\/\" \/>\n<meta property=\"og:locale\" content=\"de_DE\" \/>\n<meta property=\"og:type\" content=\"article\" \/>\n<meta property=\"og:title\" content=\"Sylt in der Nebensaison - K\u00f6nig Appartement Sylt\" \/>\n<meta property=\"og:description\" content=\"Wer nach Action und Abenteuer sucht und etwas erleben m\u00f6chte, ist hier auf Sylt goldrichtig. Im Sommer sind volle Str\u00e4nde die Tagesordnung.\" \/>\n<meta property=\"og:url\" content=\"https:\/\/www.koenig-sylt.de\/urlaub\/sylt-in-der-nebensaison\/\" \/>\n<meta property=\"og:site_name\" content=\"K\u00f6nig Appartement Sylt\" \/>\n<meta property=\"article:modified_time\" content=\"2024-11-22T11:40:48+00:00\" \/>\n<meta property=\"og:image\" content=\"https:\/\/www.koenig-sylt.de\/urlaub\/wp-content\/uploads\/2024\/11\/08_sylt_steg\u00a9shutterstock_1269520996-scaled.jpg\" \/>\n\t<meta property=\"og:image:width\" content=\"2560\" \/>\n\t<meta property=\"og:image:height\" content=\"831\" \/>\n\t<meta property=\"og:image:type\" content=\"image\/jpeg\" \/>\n<meta name=\"twitter:card\" content=\"summary_large_image\" \/>\n<meta name=\"twitter:label1\" content=\"Gesch\u00e4tzte Lesezeit\" \/>\n\t<meta name=\"twitter:data1\" content=\"4\u00a0Minuten\" \/>\n<script type=\"application\/ld+json\" class=\"yoast-schema-graph\">{\"@context\":\"https:\/\/schema.org\",\"@graph\":[{\"@type\":\"WebPage\",\"@id\":\"https:\/\/www.koenig-sylt.de\/urlaub\/sylt-in-der-nebensaison\/\",\"url\":\"https:\/\/www.koenig-sylt.de\/urlaub\/sylt-in-der-nebensaison\/\",\"name\":\"Sylt in der Nebensaison - K\u00f6nig Appartement Sylt\",\"isPartOf\":{\"@id\":\"https:\/\/www.koenig-sylt.de\/urlaub\/#website\"},\"primaryImageOfPage\":{\"@id\":\"https:\/\/www.koenig-sylt.de\/urlaub\/sylt-in-der-nebensaison\/#primaryimage\"},\"image\":{\"@id\":\"https:\/\/www.koenig-sylt.de\/urlaub\/sylt-in-der-nebensaison\/#primaryimage\"},\"thumbnailUrl\":\"https:\/\/www.koenig-sylt.de\/urlaub\/wp-content\/uploads\/2024\/11\/08_sylt_steg\u00a9shutterstock_1269520996-scaled.jpg\",\"datePublished\":\"2024-11-13T09:49:52+00:00\",\"dateModified\":\"2024-11-22T11:40:48+00:00\",\"description\":\"Wer nach Action und Abenteuer sucht und etwas erleben m\u00f6chte, ist hier auf Sylt goldrichtig. Im Sommer sind volle Str\u00e4nde die Tagesordnung.\",\"breadcrumb\":{\"@id\":\"https:\/\/www.koenig-sylt.de\/urlaub\/sylt-in-der-nebensaison\/#breadcrumb\"},\"inLanguage\":\"de\",\"potentialAction\":[{\"@type\":\"ReadAction\",\"target\":[\"https:\/\/www.koenig-sylt.de\/urlaub\/sylt-in-der-nebensaison\/\"]}]},{\"@type\":\"ImageObject\",\"inLanguage\":\"de\",\"@id\":\"https:\/\/www.koenig-sylt.de\/urlaub\/sylt-in-der-nebensaison\/#primaryimage\",\"url\":\"https:\/\/www.koenig-sylt.de\/urlaub\/wp-content\/uploads\/2024\/11\/08_sylt_steg\u00a9shutterstock_1269520996-scaled.jpg\",\"contentUrl\":\"https:\/\/www.koenig-sylt.de\/urlaub\/wp-content\/uploads\/2024\/11\/08_sylt_steg\u00a9shutterstock_1269520996-scaled.jpg\",\"width\":2560,\"height\":831,\"caption\":\"Steg Sylt\"},{\"@type\":\"BreadcrumbList\",\"@id\":\"https:\/\/www.koenig-sylt.de\/urlaub\/sylt-in-der-nebensaison\/#breadcrumb\",\"itemListElement\":[{\"@type\":\"ListItem\",\"position\":1,\"name\":\"Startseite\",\"item\":\"https:\/\/www.koenig-sylt.de\/urlaub\/\"},{\"@type\":\"ListItem\",\"position\":2,\"name\":\"Sylt in der Nebensaison\"}]},{\"@type\":\"WebSite\",\"@id\":\"https:\/\/www.koenig-sylt.de\/urlaub\/#website\",\"url\":\"https:\/\/www.koenig-sylt.de\/urlaub\/\",\"name\":\"K\u00f6nig Appartement Sylt\",\"description\":\"\",\"publisher\":{\"@id\":\"https:\/\/www.koenig-sylt.de\/urlaub\/#organization\"},\"potentialAction\":[{\"@type\":\"SearchAction\",\"target\":{\"@type\":\"EntryPoint\",\"urlTemplate\":\"https:\/\/www.koenig-sylt.de\/urlaub\/?s={search_term_string}\"},\"query-input\":{\"@type\":\"PropertyValueSpecification\",\"valueRequired\":true,\"valueName\":\"search_term_string\"}}],\"inLanguage\":\"de\"},{\"@type\":\"Organization\",\"@id\":\"https:\/\/www.koenig-sylt.de\/urlaub\/#organization\",\"name\":\"K\u00f6nig Appartement Sylt\",\"url\":\"https:\/\/www.koenig-sylt.de\/urlaub\/\",\"logo\":{\"@type\":\"ImageObject\",\"inLanguage\":\"de\",\"@id\":\"https:\/\/www.koenig-sylt.de\/urlaub\/#\/schema\/logo\/image\/\",\"url\":\"https:\/\/www.koenig-sylt.de\/urlaub\/wp-content\/uploads\/2024\/09\/KOE_Appartement_Logo_quer_RGB.svg\",\"contentUrl\":\"https:\/\/www.koenig-sylt.de\/urlaub\/wp-content\/uploads\/2024\/09\/KOE_Appartement_Logo_quer_RGB.svg\",\"caption\":\"K\u00f6nig Appartement Sylt\"},\"image\":{\"@id\":\"https:\/\/www.koenig-sylt.de\/urlaub\/#\/schema\/logo\/image\/\"}}]}<\/script>\n<!-- \/ Yoast SEO plugin. -->","yoast_head_json":{"title":"Sylt in der Nebensaison - K\u00f6nig Appartement Sylt","description":"Wer nach Action und Abenteuer sucht und etwas erleben m\u00f6chte, ist hier auf Sylt goldrichtig. Im Sommer sind volle Str\u00e4nde die Tagesordnung.","robots":{"index":"index","follow":"follow","max-snippet":"max-snippet:-1","max-image-preview":"max-image-preview:large","max-video-preview":"max-video-preview:-1"},"canonical":"https:\/\/www.koenig-sylt.de\/urlaub\/sylt-in-der-nebensaison\/","og_locale":"de_DE","og_type":"article","og_title":"Sylt in der Nebensaison - K\u00f6nig Appartement Sylt","og_description":"Wer nach Action und Abenteuer sucht und etwas erleben m\u00f6chte, ist hier auf Sylt goldrichtig. Im Sommer sind volle Str\u00e4nde die Tagesordnung.","og_url":"https:\/\/www.koenig-sylt.de\/urlaub\/sylt-in-der-nebensaison\/","og_site_name":"K\u00f6nig Appartement Sylt","article_modified_time":"2024-11-22T11:40:48+00:00","og_image":[{"width":2560,"height":831,"url":"https:\/\/www.koenig-sylt.de\/urlaub\/wp-content\/uploads\/2024\/11\/08_sylt_steg\u00a9shutterstock_1269520996-scaled.jpg","type":"image\/jpeg"}],"twitter_card":"summary_large_image","twitter_misc":{"Gesch\u00e4tzte Lesezeit":"4\u00a0Minuten"},"schema":{"@context":"https:\/\/schema.org","@graph":[{"@type":"WebPage","@id":"https:\/\/www.koenig-sylt.de\/urlaub\/sylt-in-der-nebensaison\/","url":"https:\/\/www.koenig-sylt.de\/urlaub\/sylt-in-der-nebensaison\/","name":"Sylt in der Nebensaison - K\u00f6nig Appartement Sylt","isPartOf":{"@id":"https:\/\/www.koenig-sylt.de\/urlaub\/#website"},"primaryImageOfPage":{"@id":"https:\/\/www.koenig-sylt.de\/urlaub\/sylt-in-der-nebensaison\/#primaryimage"},"image":{"@id":"https:\/\/www.koenig-sylt.de\/urlaub\/sylt-in-der-nebensaison\/#primaryimage"},"thumbnailUrl":"https:\/\/www.koenig-sylt.de\/urlaub\/wp-content\/uploads\/2024\/11\/08_sylt_steg\u00a9shutterstock_1269520996-scaled.jpg","datePublished":"2024-11-13T09:49:52+00:00","dateModified":"2024-11-22T11:40:48+00:00","description":"Wer nach Action und Abenteuer sucht und etwas erleben m\u00f6chte, ist hier auf Sylt goldrichtig. Im Sommer sind volle Str\u00e4nde die Tagesordnung.","breadcrumb":{"@id":"https:\/\/www.koenig-sylt.de\/urlaub\/sylt-in-der-nebensaison\/#breadcrumb"},"inLanguage":"de","potentialAction":[{"@type":"ReadAction","target":["https:\/\/www.koenig-sylt.de\/urlaub\/sylt-in-der-nebensaison\/"]}]},{"@type":"ImageObject","inLanguage":"de","@id":"https:\/\/www.koenig-sylt.de\/urlaub\/sylt-in-der-nebensaison\/#primaryimage","url":"https:\/\/www.koenig-sylt.de\/urlaub\/wp-content\/uploads\/2024\/11\/08_sylt_steg\u00a9shutterstock_1269520996-scaled.jpg","contentUrl":"https:\/\/www.koenig-sylt.de\/urlaub\/wp-content\/uploads\/2024\/11\/08_sylt_steg\u00a9shutterstock_1269520996-scaled.jpg","width":2560,"height":831,"caption":"Steg Sylt"},{"@type":"BreadcrumbList","@id":"https:\/\/www.koenig-sylt.de\/urlaub\/sylt-in-der-nebensaison\/#breadcrumb","itemListElement":[{"@type":"ListItem","position":1,"name":"Startseite","item":"https:\/\/www.koenig-sylt.de\/urlaub\/"},{"@type":"ListItem","position":2,"name":"Sylt in der Nebensaison"}]},{"@type":"WebSite","@id":"https:\/\/www.koenig-sylt.de\/urlaub\/#website","url":"https:\/\/www.koenig-sylt.de\/urlaub\/","name":"K\u00f6nig Appartement Sylt","description":"","publisher":{"@id":"https:\/\/www.koenig-sylt.de\/urlaub\/#organization"},"potentialAction":[{"@type":"SearchAction","target":{"@type":"EntryPoint","urlTemplate":"https:\/\/www.koenig-sylt.de\/urlaub\/?s={search_term_string}"},"query-input":{"@type":"PropertyValueSpecification","valueRequired":true,"valueName":"search_term_string"}}],"inLanguage":"de"},{"@type":"Organization","@id":"https:\/\/www.koenig-sylt.de\/urlaub\/#organization","name":"K\u00f6nig Appartement Sylt","url":"https:\/\/www.koenig-sylt.de\/urlaub\/","logo":{"@type":"ImageObject","inLanguage":"de","@id":"https:\/\/www.koenig-sylt.de\/urlaub\/#\/schema\/logo\/image\/","url":"https:\/\/www.koenig-sylt.de\/urlaub\/wp-content\/uploads\/2024\/09\/KOE_Appartement_Logo_quer_RGB.svg","contentUrl":"https:\/\/www.koenig-sylt.de\/urlaub\/wp-content\/uploads\/2024\/09\/KOE_Appartement_Logo_quer_RGB.svg","caption":"K\u00f6nig Appartement Sylt"},"image":{"@id":"https:\/\/www.koenig-sylt.de\/urlaub\/#\/schema\/logo\/image\/"}}]}},"_links":{"self":[{"href":"https:\/\/www.koenig-sylt.de\/urlaub\/wp-json\/wp\/v2\/pages\/16477","targetHints":{"allow":["GET"]}}],"collection":[{"href":"https:\/\/www.koenig-sylt.de\/urlaub\/wp-json\/wp\/v2\/pages"}],"about":[{"href":"https:\/\/www.koenig-sylt.de\/urlaub\/wp-json\/wp\/v2\/types\/page"}],"author":[{"embeddable":true,"href":"https:\/\/www.koenig-sylt.de\/urlaub\/wp-json\/wp\/v2\/users\/1"}],"replies":[{"embeddable":true,"href":"https:\/\/www.koenig-sylt.de\/urlaub\/wp-json\/wp\/v2\/comments?post=16477"}],"version-history":[{"count":15,"href":"https:\/\/www.koenig-sylt.de\/urlaub\/wp-json\/wp\/v2\/pages\/16477\/revisions"}],"predecessor-version":[{"id":18765,"href":"https:\/\/www.koenig-sylt.de\/urlaub\/wp-json\/wp\/v2\/pages\/16477\/revisions\/18765"}],"wp:featuredmedia":[{"embeddable":true,"href":"https:\/\/www.koenig-sylt.de\/urlaub\/wp-json\/wp\/v2\/media\/16295"}],"wp:attachment":[{"href":"https:\/\/www.koenig-sylt.de\/urlaub\/wp-json\/wp\/v2\/media?parent=16477"}],"wp:term":[{"taxonomy":"seitenart","embeddable":true,"href":"https:\/\/www.koenig-sylt.de\/urlaub\/wp-json\/wp\/v2\/seitenart?post=16477"}],"curies":[{"name":"wp","href":"https:\/\/api.w.org\/{rel}","templated":true}]}}