{"id":227,"date":"2024-09-25T10:33:10","date_gmt":"2024-09-25T08:33:10","guid":{"rendered":"https:\/\/www.koenig-sylt.de\/urlaub\/?page_id=227"},"modified":"2024-11-18T10:56:59","modified_gmt":"2024-11-18T09:56:59","slug":"team","status":"publish","type":"page","link":"https:\/\/www.koenig-sylt.de\/urlaub\/team\/","title":{"rendered":"Service-Team"},"content":{"rendered":"","protected":false},"excerpt":{"rendered":"","protected":false},"author":1,"featured_media":0,"parent":0,"menu_order":0,"comment_status":"closed","ping_status":"closed","template":"","meta":{"_acf_changed":false,"footnotes":""},"seitenart":[],"class_list":["post-227","page","type-page","status-publish","hentry"],"acf":[],"yoast_head":"<!-- This site is optimized with the Yoast SEO plugin v26.5 - https:\/\/yoast.com\/wordpress\/plugins\/seo\/ -->\n<title>Service-Team - K\u00f6nig Appartement Sylt<\/title>\n<meta name=\"description\" content=\"Lernen Sie unser tolles Service-Team kennen. Wir freuen uns darauf Sie auf Sylt begr\u00fc\u00dfen zu k\u00f6nnen. Melden Sie sich bei uns, bei Fragen.\" \/>\n<meta name=\"robots\" content=\"index, follow, max-snippet:-1, max-image-preview:large, max-video-preview:-1\" \/>\n<link rel=\"canonical\" href=\"https:\/\/www.koenig-sylt.de\/urlaub\/team\/\" \/>\n<meta property=\"og:locale\" content=\"de_DE\" \/>\n<meta property=\"og:type\" content=\"article\" \/>\n<meta property=\"og:title\" content=\"Service-Team - K\u00f6nig Appartement Sylt\" \/>\n<meta property=\"og:description\" content=\"Lernen Sie unser tolles Service-Team kennen. Wir freuen uns darauf Sie auf Sylt begr\u00fc\u00dfen zu k\u00f6nnen. Melden Sie sich bei uns, bei Fragen.\" \/>\n<meta property=\"og:url\" content=\"https:\/\/www.koenig-sylt.de\/urlaub\/team\/\" \/>\n<meta property=\"og:site_name\" content=\"K\u00f6nig Appartement Sylt\" \/>\n<meta property=\"article:modified_time\" content=\"2024-11-18T09:56:59+00:00\" \/>\n<meta name=\"twitter:card\" content=\"summary_large_image\" \/>\n<script type=\"application\/ld+json\" class=\"yoast-schema-graph\">{\"@context\":\"https:\/\/schema.org\",\"@graph\":[{\"@type\":\"WebPage\",\"@id\":\"https:\/\/www.koenig-sylt.de\/urlaub\/team\/\",\"url\":\"https:\/\/www.koenig-sylt.de\/urlaub\/team\/\",\"name\":\"Service-Team - K\u00f6nig Appartement Sylt\",\"isPartOf\":{\"@id\":\"https:\/\/www.koenig-sylt.de\/urlaub\/#website\"},\"datePublished\":\"2024-09-25T08:33:10+00:00\",\"dateModified\":\"2024-11-18T09:56:59+00:00\",\"description\":\"Lernen Sie unser tolles Service-Team kennen. Wir freuen uns darauf Sie auf Sylt begr\u00fc\u00dfen zu k\u00f6nnen. Melden Sie sich bei uns, bei Fragen.\",\"breadcrumb\":{\"@id\":\"https:\/\/www.koenig-sylt.de\/urlaub\/team\/#breadcrumb\"},\"inLanguage\":\"de\",\"potentialAction\":[{\"@type\":\"ReadAction\",\"target\":[\"https:\/\/www.koenig-sylt.de\/urlaub\/team\/\"]}]},{\"@type\":\"BreadcrumbList\",\"@id\":\"https:\/\/www.koenig-sylt.de\/urlaub\/team\/#breadcrumb\",\"itemListElement\":[{\"@type\":\"ListItem\",\"position\":1,\"name\":\"Startseite\",\"item\":\"https:\/\/www.koenig-sylt.de\/urlaub\/\"},{\"@type\":\"ListItem\",\"position\":2,\"name\":\"Service-Team\"}]},{\"@type\":\"WebSite\",\"@id\":\"https:\/\/www.koenig-sylt.de\/urlaub\/#website\",\"url\":\"https:\/\/www.koenig-sylt.de\/urlaub\/\",\"name\":\"K\u00f6nig Appartement Sylt\",\"description\":\"\",\"publisher\":{\"@id\":\"https:\/\/www.koenig-sylt.de\/urlaub\/#organization\"},\"potentialAction\":[{\"@type\":\"SearchAction\",\"target\":{\"@type\":\"EntryPoint\",\"urlTemplate\":\"https:\/\/www.koenig-sylt.de\/urlaub\/?s={search_term_string}\"},\"query-input\":{\"@type\":\"PropertyValueSpecification\",\"valueRequired\":true,\"valueName\":\"search_term_string\"}}],\"inLanguage\":\"de\"},{\"@type\":\"Organization\",\"@id\":\"https:\/\/www.koenig-sylt.de\/urlaub\/#organization\",\"name\":\"K\u00f6nig Appartement Sylt\",\"url\":\"https:\/\/www.koenig-sylt.de\/urlaub\/\",\"logo\":{\"@type\":\"ImageObject\",\"inLanguage\":\"de\",\"@id\":\"https:\/\/www.koenig-sylt.de\/urlaub\/#\/schema\/logo\/image\/\",\"url\":\"https:\/\/www.koenig-sylt.de\/urlaub\/wp-content\/uploads\/2024\/09\/KOE_Appartement_Logo_quer_RGB.svg\",\"contentUrl\":\"https:\/\/www.koenig-sylt.de\/urlaub\/wp-content\/uploads\/2024\/09\/KOE_Appartement_Logo_quer_RGB.svg\",\"caption\":\"K\u00f6nig Appartement Sylt\"},\"image\":{\"@id\":\"https:\/\/www.koenig-sylt.de\/urlaub\/#\/schema\/logo\/image\/\"}}]}<\/script>\n<!-- \/ Yoast SEO plugin. -->","yoast_head_json":{"title":"Service-Team - K\u00f6nig Appartement Sylt","description":"Lernen Sie unser tolles Service-Team kennen. Wir freuen uns darauf Sie auf Sylt begr\u00fc\u00dfen zu k\u00f6nnen. Melden Sie sich bei uns, bei Fragen.","robots":{"index":"index","follow":"follow","max-snippet":"max-snippet:-1","max-image-preview":"max-image-preview:large","max-video-preview":"max-video-preview:-1"},"canonical":"https:\/\/www.koenig-sylt.de\/urlaub\/team\/","og_locale":"de_DE","og_type":"article","og_title":"Service-Team - K\u00f6nig Appartement Sylt","og_description":"Lernen Sie unser tolles Service-Team kennen. Wir freuen uns darauf Sie auf Sylt begr\u00fc\u00dfen zu k\u00f6nnen. Melden Sie sich bei uns, bei Fragen.","og_url":"https:\/\/www.koenig-sylt.de\/urlaub\/team\/","og_site_name":"K\u00f6nig Appartement Sylt","article_modified_time":"2024-11-18T09:56:59+00:00","twitter_card":"summary_large_image","schema":{"@context":"https:\/\/schema.org","@graph":[{"@type":"WebPage","@id":"https:\/\/www.koenig-sylt.de\/urlaub\/team\/","url":"https:\/\/www.koenig-sylt.de\/urlaub\/team\/","name":"Service-Team - K\u00f6nig Appartement Sylt","isPartOf":{"@id":"https:\/\/www.koenig-sylt.de\/urlaub\/#website"},"datePublished":"2024-09-25T08:33:10+00:00","dateModified":"2024-11-18T09:56:59+00:00","description":"Lernen Sie unser tolles Service-Team kennen. Wir freuen uns darauf Sie auf Sylt begr\u00fc\u00dfen zu k\u00f6nnen. Melden Sie sich bei uns, bei Fragen.","breadcrumb":{"@id":"https:\/\/www.koenig-sylt.de\/urlaub\/team\/#breadcrumb"},"inLanguage":"de","potentialAction":[{"@type":"ReadAction","target":["https:\/\/www.koenig-sylt.de\/urlaub\/team\/"]}]},{"@type":"BreadcrumbList","@id":"https:\/\/www.koenig-sylt.de\/urlaub\/team\/#breadcrumb","itemListElement":[{"@type":"ListItem","position":1,"name":"Startseite","item":"https:\/\/www.koenig-sylt.de\/urlaub\/"},{"@type":"ListItem","position":2,"name":"Service-Team"}]},{"@type":"WebSite","@id":"https:\/\/www.koenig-sylt.de\/urlaub\/#website","url":"https:\/\/www.koenig-sylt.de\/urlaub\/","name":"K\u00f6nig Appartement Sylt","description":"","publisher":{"@id":"https:\/\/www.koenig-sylt.de\/urlaub\/#organization"},"potentialAction":[{"@type":"SearchAction","target":{"@type":"EntryPoint","urlTemplate":"https:\/\/www.koenig-sylt.de\/urlaub\/?s={search_term_string}"},"query-input":{"@type":"PropertyValueSpecification","valueRequired":true,"valueName":"search_term_string"}}],"inLanguage":"de"},{"@type":"Organization","@id":"https:\/\/www.koenig-sylt.de\/urlaub\/#organization","name":"K\u00f6nig Appartement Sylt","url":"https:\/\/www.koenig-sylt.de\/urlaub\/","logo":{"@type":"ImageObject","inLanguage":"de","@id":"https:\/\/www.koenig-sylt.de\/urlaub\/#\/schema\/logo\/image\/","url":"https:\/\/www.koenig-sylt.de\/urlaub\/wp-content\/uploads\/2024\/09\/KOE_Appartement_Logo_quer_RGB.svg","contentUrl":"https:\/\/www.koenig-sylt.de\/urlaub\/wp-content\/uploads\/2024\/09\/KOE_Appartement_Logo_quer_RGB.svg","caption":"K\u00f6nig Appartement Sylt"},"image":{"@id":"https:\/\/www.koenig-sylt.de\/urlaub\/#\/schema\/logo\/image\/"}}]}},"_links":{"self":[{"href":"https:\/\/www.koenig-sylt.de\/urlaub\/wp-json\/wp\/v2\/pages\/227","targetHints":{"allow":["GET"]}}],"collection":[{"href":"https:\/\/www.koenig-sylt.de\/urlaub\/wp-json\/wp\/v2\/pages"}],"about":[{"href":"https:\/\/www.koenig-sylt.de\/urlaub\/wp-json\/wp\/v2\/types\/page"}],"author":[{"embeddable":true,"href":"https:\/\/www.koenig-sylt.de\/urlaub\/wp-json\/wp\/v2\/users\/1"}],"replies":[{"embeddable":true,"href":"https:\/\/www.koenig-sylt.de\/urlaub\/wp-json\/wp\/v2\/comments?post=227"}],"version-history":[{"count":1,"href":"https:\/\/www.koenig-sylt.de\/urlaub\/wp-json\/wp\/v2\/pages\/227\/revisions"}],"predecessor-version":[{"id":228,"href":"https:\/\/www.koenig-sylt.de\/urlaub\/wp-json\/wp\/v2\/pages\/227\/revisions\/228"}],"wp:attachment":[{"href":"https:\/\/www.koenig-sylt.de\/urlaub\/wp-json\/wp\/v2\/media?parent=227"}],"wp:term":[{"taxonomy":"seitenart","embeddable":true,"href":"https:\/\/www.koenig-sylt.de\/urlaub\/wp-json\/wp\/v2\/seitenart?post=227"}],"curies":[{"name":"wp","href":"https:\/\/api.w.org\/{rel}","templated":true}]}}